{"id":6009,"date":"2012-11-20T20:25:31","date_gmt":"2012-11-20T23:25:31","guid":{"rendered":"http:\/\/ajupe.com.uy\/web\/?post_type=product&#038;p=6009"},"modified":"2012-11-20T20:25:31","modified_gmt":"2012-11-20T23:25:31","slug":"cincuenta-sombras-de-grey","status":"publish","type":"product","link":"https:\/\/ajupe.com.uy\/web\/biblioteca\/cincuenta-sombras-de-grey\/","title":{"rendered":"Cincuenta sombras de Grey"},"content":{"rendered":"<p>Cuando la estudiante de literatura Anastasia Steele acude para hacerle  una entrevista al joven y exitoso empresario Christian Grey para el  peri\u00f3dico universitario en el que colabora, se encuentra con un hombre  que le resulta atractivo, enigm\u00e1tico y tremendamente intimidante.  Completamente convencida de que su encuentro ha sido todo un fracaso,  intenta olvidarse de Grey&#8230; hasta que a \u00e9l se le ocurre aparecer por la  tienda de inform\u00e1tica en la que Ana trabaja a tiempo parcial.<\/p>\n<p>La  idealista e inocente Ana se queda asombrada cuando se da cuenta de que  desea con todas sus fuerzas a ese hombre, y el que \u00e9l la advierta de que  se mantenga alejada s\u00f3lo hace que su desesperaci\u00f3n por estar con \u00e9l  aumente.<\/p>\n<p>Incapaz de resistirse a la inteligencia y serena belleza  de Ana y a su esp\u00edritu independiente, Grey termina por admitir que  tambi\u00e9n la desea&#8230; pero con sus propias condiciones.<\/p>\n<p>Consternada,  aunque excitada, por las preferencias sexuales de Grey, Ana duda sobre  si entablar con \u00e9l una relaci\u00f3n o no. A pesar de todos su \u00e9xitos \u2014tanto  en el \u00e1mbito profesional como en el familiar\u2014, Grey es un hombre lleno  de demonios interiores, dominado por la necesidad de tomar el control. Y  cuando ambos se embarcan en una apasionada relaci\u00f3n f\u00edsica, Ana se da  cuenta de que est\u00e1 aprendiendo m\u00e1s sobre sus propias y secretas  necesidades de lo que se imaginaba.<\/p>\n<p>\u00bfPodr\u00e1 esa relaci\u00f3n trascender de la pasi\u00f3n f\u00edsica? \u00bfPodr\u00e1 Ana someterse a un Amo como Christian? Y, si lo hace, \u00bfle gustar\u00e1?<\/p>\n","protected":false},"excerpt":{"rendered":"<p>\u00abCincuenta sombras: la exitosa combinaci\u00f3n de historia rom\u00e1ntica y juego er\u00f3tico de alto voltaje que ha tocado la fibra de muchas mujeres.\u00bbDaily NewsCincuenta sombras de Grey es la primera parte de la trilog\u00eda Cincuenta sombras, que contin\u00faa con Cincuenta<\/p>\n","protected":false},"featured_media":6010,"template":"","meta":[],"product_brand":[1169],"product_cat":[29],"product_tag":[],"class_list":{"0":"post-6009","1":"product","2":"type-product","3":"status-publish","4":"has-post-thumbnail","6":"product_brand-e-l-james","7":"product_cat-novela","9":"first","10":"instock","11":"purchasable","12":"product-type-simple"},"featured_image_urls_v2":{"full":["https:\/\/ajupe.com.uy\/web\/wp-content\/uploads\/2016\/04\/p-6009-Cincuenta_sombra_50abe73b407a6.jpg",219,333,false],"thumbnail":["https:\/\/ajupe.com.uy\/web\/wp-content\/uploads\/2016\/04\/p-6009-Cincuenta_sombra_50abe73b407a6.jpg",150,150,true],"medium":["https:\/\/ajupe.com.uy\/web\/wp-content\/uploads\/2016\/04\/p-6009-Cincuenta_sombra_50abe73b407a6.jpg",300,214,true],"medium_large":["https:\/\/ajupe.com.uy\/web\/wp-content\/uploads\/2016\/04\/p-6009-Cincuenta_sombra_50abe73b407a6.jpg",219,333,false],"large":["https:\/\/ajupe.com.uy\/web\/wp-content\/uploads\/2016\/04\/p-6009-Cincuenta_sombra_50abe73b407a6.jpg",219,333,false],"1536x1536":["https:\/\/ajupe.com.uy\/web\/wp-content\/uploads\/2016\/04\/p-6009-Cincuenta_sombra_50abe73b407a6.jpg",219,333,false],"2048x2048":["https:\/\/ajupe.com.uy\/web\/wp-content\/uploads\/2016\/04\/p-6009-Cincuenta_sombra_50abe73b407a6.jpg",219,333,false],"woocommerce_archive_thumbnail":["https:\/\/ajupe.com.uy\/web\/wp-content\/uploads\/2016\/04\/p-6009-Cincuenta_sombra_50abe73b407a6-219x300.jpg",219,300,true],"woocommerce_thumbnail":["https:\/\/ajupe.com.uy\/web\/wp-content\/uploads\/2016\/04\/p-6009-Cincuenta_sombra_50abe73b407a6-219x300.jpg",219,300,true],"woocommerce_single":["https:\/\/ajupe.com.uy\/web\/wp-content\/uploads\/2016\/04\/p-6009-Cincuenta_sombra_50abe73b407a6.jpg",219,333,false],"woocommerce_gallery_thumbnail":["https:\/\/ajupe.com.uy\/web\/wp-content\/uploads\/2016\/04\/p-6009-Cincuenta_sombra_50abe73b407a6-100x100.jpg",100,100,true]},"post_excerpt_stackable_v2":"<p>\u00abCincuenta sombras: la exitosa combinaci\u00f3n de historia rom\u00e1ntica y juego er\u00f3tico de alto voltaje que ha tocado la fibra de muchas mujeres.\u00bbDaily NewsCincuenta sombras de Grey es la primera parte de la trilog\u00eda Cincuenta sombras, que contin\u00faa con Cincuenta<\/p>\n","category_list_v2":"","author_info_v2":{"name":"","url":""},"comments_num_v2":"0 comentarios","_links":{"self":[{"href":"https:\/\/ajupe.com.uy\/web\/wp-json\/wp\/v2\/product\/6009","targetHints":{"allow":["GET"]}}],"collection":[{"href":"https:\/\/ajupe.com.uy\/web\/wp-json\/wp\/v2\/product"}],"about":[{"href":"https:\/\/ajupe.com.uy\/web\/wp-json\/wp\/v2\/types\/product"}],"wp:featuredmedia":[{"embeddable":true,"href":"https:\/\/ajupe.com.uy\/web\/wp-json\/wp\/v2\/media\/6010"}],"wp:attachment":[{"href":"https:\/\/ajupe.com.uy\/web\/wp-json\/wp\/v2\/media?parent=6009"}],"wp:term":[{"taxonomy":"product_brand","embeddable":true,"href":"https:\/\/ajupe.com.uy\/web\/wp-json\/wp\/v2\/product_brand?post=6009"},{"taxonomy":"product_cat","embeddable":true,"href":"https:\/\/ajupe.com.uy\/web\/wp-json\/wp\/v2\/product_cat?post=6009"},{"taxonomy":"product_tag","embeddable":true,"href":"https:\/\/ajupe.com.uy\/web\/wp-json\/wp\/v2\/product_tag?post=6009"}],"curies":[{"name":"wp","href":"https:\/\/api.w.org\/{rel}","templated":true}]}}