{"id":6033,"date":"2013-03-14T18:51:41","date_gmt":"2013-03-14T21:51:41","guid":{"rendered":"http:\/\/ajupe.com.uy\/web\/?post_type=product&#038;p=6033"},"modified":"2013-03-14T18:51:41","modified_gmt":"2013-03-14T21:51:41","slug":"a-mi-me-aplauden","status":"publish","type":"product","link":"https:\/\/ajupe.com.uy\/web\/biblioteca\/a-mi-me-aplauden\/","title":{"rendered":"A m\u00ec me aplauden"},"content":{"rendered":"<p>\u00bfCu\u00e1nto  conocemos realmente de China Zorrilla? \u00bfCu\u00e1ntos personajes encierra esa  se\u00f1ora paqueta, que pudo casarse con un hombre de su misma clase y de  fortuna, formar un hogar tradicional, tener hijos y envejecer viendo  crecer a sus nietos?<\/p>\n<p>Se  sabe: por sus venas corre sangre de artista, de su abuelo poeta y de su  padre escultor, pero \u00bffue eso suficiente para que, siendo una  adolescente, eligiera una profesi\u00f3n muy mal vista en su \u00e9poca?<\/p>\n<p>Poseedora  de ese don especial que solo tienen los elegidos, hizo re\u00edr con su  humor refinado y conmovi\u00f3 en papeles dram\u00e1ticos. Recorri\u00f3 los escenarios  m\u00e1s importantes del mundo para mostrar su arte y su talento. En todos  cosech\u00f3 aplausos y la aprobaci\u00f3n de la cr\u00edtica. \u00bfQu\u00e9 costo tuvieron esos  aplausos y esas cr\u00edticas? El cine, la televisi\u00f3n y la radio la  convirtieron en una figura de inmensa popularidad. \u00bfQu\u00e9 dej\u00f3 por el  camino? \u00bfQu\u00e9 fue de sus amores?<\/p>\n<p>A  m\u00ed me aplauden es una mirada reveladora sobre una mujer que un d\u00eda  decidi\u00f3 dedicar su vida entera al arte y la filantrop\u00eda. Es el retrato  de China Zorrilla, una estrella que con 90 a\u00f1os vividos a pleno sigue  brillando con la misma intensidad.<\/p>\n","protected":false},"excerpt":{"rendered":"<p>\u00bfCu\u00e1nto conocemos realmente de China Zorrilla? \u00bfCu\u00e1ntos personajes encierra esa se\u00f1ora paqueta, que pudo casarse con un hombre de su misma clase y de fortuna, formar un hogar tradicional, tener hijos y envejecer viendo crecer a sus nietos?<\/p>\n","protected":false},"featured_media":6034,"template":"","meta":[],"product_brand":[1028],"product_cat":[44],"product_tag":[],"class_list":{"0":"post-6033","1":"product","2":"type-product","3":"status-publish","4":"has-post-thumbnail","6":"product_brand-diego-fischer","7":"product_cat-biografico","9":"first","10":"instock","11":"purchasable","12":"product-type-simple"},"featured_image_urls_v2":{"full":["https:\/\/ajupe.com.uy\/web\/wp-content\/uploads\/2016\/04\/p-6033-A_m___me_aplaude_51421c3d87387.jpg",223,338,false],"thumbnail":["https:\/\/ajupe.com.uy\/web\/wp-content\/uploads\/2016\/04\/p-6033-A_m___me_aplaude_51421c3d87387.jpg",150,150,true],"medium":["https:\/\/ajupe.com.uy\/web\/wp-content\/uploads\/2016\/04\/p-6033-A_m___me_aplaude_51421c3d87387.jpg",300,214,true],"medium_large":["https:\/\/ajupe.com.uy\/web\/wp-content\/uploads\/2016\/04\/p-6033-A_m___me_aplaude_51421c3d87387.jpg",223,338,false],"large":["https:\/\/ajupe.com.uy\/web\/wp-content\/uploads\/2016\/04\/p-6033-A_m___me_aplaude_51421c3d87387.jpg",223,338,false],"1536x1536":["https:\/\/ajupe.com.uy\/web\/wp-content\/uploads\/2016\/04\/p-6033-A_m___me_aplaude_51421c3d87387.jpg",223,338,false],"2048x2048":["https:\/\/ajupe.com.uy\/web\/wp-content\/uploads\/2016\/04\/p-6033-A_m___me_aplaude_51421c3d87387.jpg",223,338,false],"woocommerce_archive_thumbnail":["https:\/\/ajupe.com.uy\/web\/wp-content\/uploads\/2016\/04\/p-6033-A_m___me_aplaude_51421c3d87387-223x300.jpg",223,300,true],"woocommerce_thumbnail":["https:\/\/ajupe.com.uy\/web\/wp-content\/uploads\/2016\/04\/p-6033-A_m___me_aplaude_51421c3d87387-223x300.jpg",223,300,true],"woocommerce_single":["https:\/\/ajupe.com.uy\/web\/wp-content\/uploads\/2016\/04\/p-6033-A_m___me_aplaude_51421c3d87387.jpg",223,338,false],"woocommerce_gallery_thumbnail":["https:\/\/ajupe.com.uy\/web\/wp-content\/uploads\/2016\/04\/p-6033-A_m___me_aplaude_51421c3d87387-100x100.jpg",100,100,true]},"post_excerpt_stackable_v2":"<p>\u00bfCu\u00e1nto conocemos realmente de China Zorrilla? \u00bfCu\u00e1ntos personajes encierra esa se\u00f1ora paqueta, que pudo casarse con un hombre de su misma clase y de fortuna, formar un hogar tradicional, tener hijos y envejecer viendo crecer a sus nietos?<\/p>\n","category_list_v2":"","author_info_v2":{"name":"","url":""},"comments_num_v2":"0 comentarios","_links":{"self":[{"href":"https:\/\/ajupe.com.uy\/web\/wp-json\/wp\/v2\/product\/6033","targetHints":{"allow":["GET"]}}],"collection":[{"href":"https:\/\/ajupe.com.uy\/web\/wp-json\/wp\/v2\/product"}],"about":[{"href":"https:\/\/ajupe.com.uy\/web\/wp-json\/wp\/v2\/types\/product"}],"wp:featuredmedia":[{"embeddable":true,"href":"https:\/\/ajupe.com.uy\/web\/wp-json\/wp\/v2\/media\/6034"}],"wp:attachment":[{"href":"https:\/\/ajupe.com.uy\/web\/wp-json\/wp\/v2\/media?parent=6033"}],"wp:term":[{"taxonomy":"product_brand","embeddable":true,"href":"https:\/\/ajupe.com.uy\/web\/wp-json\/wp\/v2\/product_brand?post=6033"},{"taxonomy":"product_cat","embeddable":true,"href":"https:\/\/ajupe.com.uy\/web\/wp-json\/wp\/v2\/product_cat?post=6033"},{"taxonomy":"product_tag","embeddable":true,"href":"https:\/\/ajupe.com.uy\/web\/wp-json\/wp\/v2\/product_tag?post=6033"}],"curies":[{"name":"wp","href":"https:\/\/api.w.org\/{rel}","templated":true}]}}