{"id":6051,"date":"2013-03-14T20:55:53","date_gmt":"2013-03-14T23:55:53","guid":{"rendered":"http:\/\/ajupe.com.uy\/web\/?post_type=product&#038;p=6051"},"modified":"2013-03-14T20:56:06","modified_gmt":"2013-03-14T23:56:06","slug":"mandato-de-sangre-el-poder-de-los-judios","status":"publish","type":"product","link":"https:\/\/ajupe.com.uy\/web\/biblioteca\/mandato-de-sangre-el-poder-de-los-judios\/","title":{"rendered":"Mandato de sangre (el poder de los judios)"},"content":{"rendered":"<p>En el  imaginario colectivo, \u00abla cole\u00bb es omnipresente, poderosa y cerrada. As\u00ed  se llama popularmente a la colectividad jud\u00eda en Uruguay, una comunidad  cargada de connotaciones, mitos y sobreentendidos. En un pa\u00eds forjado a  partir de numerosas corrientes de inmigrantes, pese a ser pocos en  t\u00e9rminos comparativos, los jud\u00edos siempre se han hecho notar.<\/p>\n<p>\u00bfCu\u00e1n  \u00abasimilados\u00bb est\u00e1n a la sociedad criolla y c\u00f3mo los afecta? \u00bfC\u00f3mo  funciona el entramado de instituciones jud\u00edas y en qu\u00e9 medida operan  como adoctrinamiento? \u00bfSu mirada est\u00e1 en Israel? \u00bfCu\u00e1n poderoso es el  lobby jud\u00edo? \u00bfCu\u00e1nto peso han ejercido sobre la pol\u00edtica y en qu\u00e9 filas?  \u00bfCu\u00e1les son las amenazas que perciben en la actualidad? \u00bfC\u00f3mo funciona  en Uruguay su servicio secreto de inteligencia? \u00bfC\u00f3mo reclutan y  entrenan a sus integrantes? \u00bfExiste un ej\u00e9rcito paralelo?<\/p>\n<p>Fernando Amado ausculta con su estilo incisivo a esta comunidad heterog\u00e9nea, rica, peculiar y contradictoria.<\/p>\n","protected":false},"excerpt":{"rendered":"<p>Fernando Amado ausculta con su estilo incisivo a esta comunidad heterog\u00e9nea, rica, peculiar y contradictoria.<\/p>\n","protected":false},"featured_media":6052,"template":"","meta":[],"product_brand":[650],"product_cat":[45],"product_tag":[],"class_list":{"0":"post-6051","1":"product","2":"type-product","3":"status-publish","4":"has-post-thumbnail","6":"product_brand-fernando-amado","7":"product_cat-uruguayo","9":"first","10":"instock","11":"purchasable","12":"product-type-simple"},"featured_image_urls_v2":{"full":["https:\/\/ajupe.com.uy\/web\/wp-content\/uploads\/2016\/04\/p-6051-Mandato_de_sangr_5142395953534.jpg",225,336,false],"thumbnail":["https:\/\/ajupe.com.uy\/web\/wp-content\/uploads\/2016\/04\/p-6051-Mandato_de_sangr_5142395953534.jpg",150,150,true],"medium":["https:\/\/ajupe.com.uy\/web\/wp-content\/uploads\/2016\/04\/p-6051-Mandato_de_sangr_5142395953534.jpg",300,214,true],"medium_large":["https:\/\/ajupe.com.uy\/web\/wp-content\/uploads\/2016\/04\/p-6051-Mandato_de_sangr_5142395953534.jpg",225,336,false],"large":["https:\/\/ajupe.com.uy\/web\/wp-content\/uploads\/2016\/04\/p-6051-Mandato_de_sangr_5142395953534.jpg",225,336,false],"1536x1536":["https:\/\/ajupe.com.uy\/web\/wp-content\/uploads\/2016\/04\/p-6051-Mandato_de_sangr_5142395953534.jpg",225,336,false],"2048x2048":["https:\/\/ajupe.com.uy\/web\/wp-content\/uploads\/2016\/04\/p-6051-Mandato_de_sangr_5142395953534.jpg",225,336,false],"woocommerce_archive_thumbnail":["https:\/\/ajupe.com.uy\/web\/wp-content\/uploads\/2016\/04\/p-6051-Mandato_de_sangr_5142395953534-225x300.jpg",225,300,true],"woocommerce_thumbnail":["https:\/\/ajupe.com.uy\/web\/wp-content\/uploads\/2016\/04\/p-6051-Mandato_de_sangr_5142395953534-225x300.jpg",225,300,true],"woocommerce_single":["https:\/\/ajupe.com.uy\/web\/wp-content\/uploads\/2016\/04\/p-6051-Mandato_de_sangr_5142395953534.jpg",225,336,false],"woocommerce_gallery_thumbnail":["https:\/\/ajupe.com.uy\/web\/wp-content\/uploads\/2016\/04\/p-6051-Mandato_de_sangr_5142395953534-100x100.jpg",100,100,true]},"post_excerpt_stackable_v2":"<p>Fernando Amado ausculta con su estilo incisivo a esta comunidad heterog\u00e9nea, rica, peculiar y contradictoria.<\/p>\n","category_list_v2":"","author_info_v2":{"name":"","url":""},"comments_num_v2":"0 comentarios","_links":{"self":[{"href":"https:\/\/ajupe.com.uy\/web\/wp-json\/wp\/v2\/product\/6051","targetHints":{"allow":["GET"]}}],"collection":[{"href":"https:\/\/ajupe.com.uy\/web\/wp-json\/wp\/v2\/product"}],"about":[{"href":"https:\/\/ajupe.com.uy\/web\/wp-json\/wp\/v2\/types\/product"}],"wp:featuredmedia":[{"embeddable":true,"href":"https:\/\/ajupe.com.uy\/web\/wp-json\/wp\/v2\/media\/6052"}],"wp:attachment":[{"href":"https:\/\/ajupe.com.uy\/web\/wp-json\/wp\/v2\/media?parent=6051"}],"wp:term":[{"taxonomy":"product_brand","embeddable":true,"href":"https:\/\/ajupe.com.uy\/web\/wp-json\/wp\/v2\/product_brand?post=6051"},{"taxonomy":"product_cat","embeddable":true,"href":"https:\/\/ajupe.com.uy\/web\/wp-json\/wp\/v2\/product_cat?post=6051"},{"taxonomy":"product_tag","embeddable":true,"href":"https:\/\/ajupe.com.uy\/web\/wp-json\/wp\/v2\/product_tag?post=6051"}],"curies":[{"name":"wp","href":"https:\/\/api.w.org\/{rel}","templated":true}]}}