{"id":6054,"date":"2013-03-14T21:03:28","date_gmt":"2013-03-15T00:03:28","guid":{"rendered":"http:\/\/ajupe.com.uy\/web\/?post_type=product&#038;p=6054"},"modified":"2013-03-14T21:03:28","modified_gmt":"2013-03-15T00:03:28","slug":"artigas-nemonare","status":"publish","type":"product","link":"https:\/\/ajupe.com.uy\/web\/biblioteca\/artigas-nemonare\/","title":{"rendered":"Artigas \u00f1emo\u00f1are"},"content":{"rendered":"<p>\u201cArtigas \u00d1emo\u00f1ar\u00e9, El verdadero rostro de Artigas\u201d es el t\u00edtulo del  libro que, entre otros aportes, presenta un estudio basado en t\u00e9cnicas  forenses de la fisonom\u00eda de Artigas.<\/p>\n<p>\u00d1emo\u00f1ar\u00e9, en el sentido literal de su traducci\u00f3n del idioma guaran\u00ed, quiere decir descendientes. Artigas \u201c\u00f1emo\u00f1ar\u00e9\u201d, o sea \u201clos descendientes de Artigas\u201d, se interpreta a la vez como \u201cartigue\u00f1os\u201d.<\/p>\n","protected":false},"excerpt":{"rendered":"<p>\u00d1emo\u00f1ar\u00e9, en el sentido literal de su traducci\u00f3n del idioma guaran\u00ed, quiere decir descendientes. Artigas \u201c\u00f1emo\u00f1ar\u00e9\u201d, o sea \u201clos descendientes de Artigas\u201d, se interpreta a la vez como \u201cartigue\u00f1os\u201d.<\/p>\n","protected":false},"featured_media":6055,"template":"","meta":[],"product_brand":[362],"product_cat":[45],"product_tag":[],"class_list":{"0":"post-6054","1":"product","2":"type-product","3":"status-publish","4":"has-post-thumbnail","6":"product_brand-nelson-caula","7":"product_cat-uruguayo","9":"first","10":"instock","11":"purchasable","12":"product-type-simple"},"featured_image_urls_v2":{"full":["https:\/\/ajupe.com.uy\/web\/wp-content\/uploads\/2016\/04\/p-6054-Artigas___emo__a_51423b20813d4.jpg",219,337,false],"thumbnail":["https:\/\/ajupe.com.uy\/web\/wp-content\/uploads\/2016\/04\/p-6054-Artigas___emo__a_51423b20813d4.jpg",150,150,true],"medium":["https:\/\/ajupe.com.uy\/web\/wp-content\/uploads\/2016\/04\/p-6054-Artigas___emo__a_51423b20813d4.jpg",300,214,true],"medium_large":["https:\/\/ajupe.com.uy\/web\/wp-content\/uploads\/2016\/04\/p-6054-Artigas___emo__a_51423b20813d4.jpg",219,337,false],"large":["https:\/\/ajupe.com.uy\/web\/wp-content\/uploads\/2016\/04\/p-6054-Artigas___emo__a_51423b20813d4.jpg",219,337,false],"1536x1536":["https:\/\/ajupe.com.uy\/web\/wp-content\/uploads\/2016\/04\/p-6054-Artigas___emo__a_51423b20813d4.jpg",219,337,false],"2048x2048":["https:\/\/ajupe.com.uy\/web\/wp-content\/uploads\/2016\/04\/p-6054-Artigas___emo__a_51423b20813d4.jpg",219,337,false],"woocommerce_archive_thumbnail":["https:\/\/ajupe.com.uy\/web\/wp-content\/uploads\/2016\/04\/p-6054-Artigas___emo__a_51423b20813d4-219x300.jpg",219,300,true],"woocommerce_thumbnail":["https:\/\/ajupe.com.uy\/web\/wp-content\/uploads\/2016\/04\/p-6054-Artigas___emo__a_51423b20813d4-219x300.jpg",219,300,true],"woocommerce_single":["https:\/\/ajupe.com.uy\/web\/wp-content\/uploads\/2016\/04\/p-6054-Artigas___emo__a_51423b20813d4.jpg",219,337,false],"woocommerce_gallery_thumbnail":["https:\/\/ajupe.com.uy\/web\/wp-content\/uploads\/2016\/04\/p-6054-Artigas___emo__a_51423b20813d4-100x100.jpg",100,100,true]},"post_excerpt_stackable_v2":"<p>\u00d1emo\u00f1ar\u00e9, en el sentido literal de su traducci\u00f3n del idioma guaran\u00ed, quiere decir descendientes. Artigas \u201c\u00f1emo\u00f1ar\u00e9\u201d, o sea \u201clos descendientes de Artigas\u201d, se interpreta a la vez como \u201cartigue\u00f1os\u201d.<\/p>\n","category_list_v2":"","author_info_v2":{"name":"","url":""},"comments_num_v2":"0 comentarios","_links":{"self":[{"href":"https:\/\/ajupe.com.uy\/web\/wp-json\/wp\/v2\/product\/6054","targetHints":{"allow":["GET"]}}],"collection":[{"href":"https:\/\/ajupe.com.uy\/web\/wp-json\/wp\/v2\/product"}],"about":[{"href":"https:\/\/ajupe.com.uy\/web\/wp-json\/wp\/v2\/types\/product"}],"wp:featuredmedia":[{"embeddable":true,"href":"https:\/\/ajupe.com.uy\/web\/wp-json\/wp\/v2\/media\/6055"}],"wp:attachment":[{"href":"https:\/\/ajupe.com.uy\/web\/wp-json\/wp\/v2\/media?parent=6054"}],"wp:term":[{"taxonomy":"product_brand","embeddable":true,"href":"https:\/\/ajupe.com.uy\/web\/wp-json\/wp\/v2\/product_brand?post=6054"},{"taxonomy":"product_cat","embeddable":true,"href":"https:\/\/ajupe.com.uy\/web\/wp-json\/wp\/v2\/product_cat?post=6054"},{"taxonomy":"product_tag","embeddable":true,"href":"https:\/\/ajupe.com.uy\/web\/wp-json\/wp\/v2\/product_tag?post=6054"}],"curies":[{"name":"wp","href":"https:\/\/api.w.org\/{rel}","templated":true}]}}