{"id":6057,"date":"2013-03-14T21:12:49","date_gmt":"2013-03-15T00:12:49","guid":{"rendered":"http:\/\/ajupe.com.uy\/web\/?post_type=product&#038;p=6057"},"modified":"2013-03-14T21:12:49","modified_gmt":"2013-03-15T00:12:49","slug":"la-piramide","status":"publish","type":"product","link":"https:\/\/ajupe.com.uy\/web\/biblioteca\/la-piramide\/","title":{"rendered":"La piramide"},"content":{"rendered":"<p>Todo el mundo tiene un pasado. El del inspector Wallander, como se nos  explica en este \u00faltimo libro de la serie, se remonta a veinte a\u00f1os  atr\u00e1s, cuando ni siquiera hab\u00eda entrado en Homicidios y era un joven  agente despierto, lleno de ambiciones profesionales y con una vida  privada que, ya entonces, hac\u00eda agua por todas partes. Los cinco relatos  incluidos en La pir\u00e1mide abarcan desde 1969 a 1989, justo antes del  comienzo de la primera novela de la serie. En el primero de los relatos,  un inexperto Wallander, con apenas veinti\u00fan a\u00f1os, se entromete  en un  aparente caso de suicidio y termina en el hospital con una cuchillada.  En el segundo, es secuestrado por un exiliado sudafricano que acaba de  cometer un asesinato. Y en el \u00faltimo tiene que rescatar a su padre de  una comisar\u00eda de El Cairo.<\/p>\n","protected":false},"excerpt":{"rendered":"<p>Los cinco relatos incluidos en La pir\u00e1mide abarcan desde 1969 a 1989, justo antes del comienzo de la primera novela de la serie. En el primero de los relatos, un inexperto Wallander, con apenas veinti\u00fan a\u00f1os, se entromete en un aparente caso de suicidio y<\/p>\n","protected":false},"featured_media":6058,"template":"","meta":[],"product_brand":[996],"product_cat":[40],"product_tag":[],"class_list":{"0":"post-6057","1":"product","2":"type-product","3":"status-publish","4":"has-post-thumbnail","6":"product_brand-henning-mankell","7":"product_cat-policial","9":"first","10":"instock","11":"purchasable","12":"product-type-simple"},"featured_image_urls_v2":{"full":["https:\/\/ajupe.com.uy\/web\/wp-content\/uploads\/2016\/04\/p-6057-La_piramide_51423d51bad46.jpg",179,278,false],"thumbnail":["https:\/\/ajupe.com.uy\/web\/wp-content\/uploads\/2016\/04\/p-6057-La_piramide_51423d51bad46.jpg",150,150,true],"medium":["https:\/\/ajupe.com.uy\/web\/wp-content\/uploads\/2016\/04\/p-6057-La_piramide_51423d51bad46.jpg",300,214,true],"medium_large":["https:\/\/ajupe.com.uy\/web\/wp-content\/uploads\/2016\/04\/p-6057-La_piramide_51423d51bad46.jpg",179,278,false],"large":["https:\/\/ajupe.com.uy\/web\/wp-content\/uploads\/2016\/04\/p-6057-La_piramide_51423d51bad46.jpg",179,278,false],"1536x1536":["https:\/\/ajupe.com.uy\/web\/wp-content\/uploads\/2016\/04\/p-6057-La_piramide_51423d51bad46.jpg",179,278,false],"2048x2048":["https:\/\/ajupe.com.uy\/web\/wp-content\/uploads\/2016\/04\/p-6057-La_piramide_51423d51bad46.jpg",179,278,false],"woocommerce_archive_thumbnail":["https:\/\/ajupe.com.uy\/web\/wp-content\/uploads\/2016\/04\/p-6057-La_piramide_51423d51bad46.jpg",179,278,false],"woocommerce_thumbnail":["https:\/\/ajupe.com.uy\/web\/wp-content\/uploads\/2016\/04\/p-6057-La_piramide_51423d51bad46.jpg",179,278,false],"woocommerce_single":["https:\/\/ajupe.com.uy\/web\/wp-content\/uploads\/2016\/04\/p-6057-La_piramide_51423d51bad46.jpg",179,278,false],"woocommerce_gallery_thumbnail":["https:\/\/ajupe.com.uy\/web\/wp-content\/uploads\/2016\/04\/p-6057-La_piramide_51423d51bad46-100x100.jpg",100,100,true]},"post_excerpt_stackable_v2":"<p>Los cinco relatos incluidos en La pir\u00e1mide abarcan desde 1969 a 1989, justo antes del comienzo de la primera novela de la serie. En el primero de los relatos, un inexperto Wallander, con apenas veinti\u00fan a\u00f1os, se entromete en un aparente caso de suicidio y<\/p>\n","category_list_v2":"","author_info_v2":{"name":"","url":""},"comments_num_v2":"0 comentarios","_links":{"self":[{"href":"https:\/\/ajupe.com.uy\/web\/wp-json\/wp\/v2\/product\/6057","targetHints":{"allow":["GET"]}}],"collection":[{"href":"https:\/\/ajupe.com.uy\/web\/wp-json\/wp\/v2\/product"}],"about":[{"href":"https:\/\/ajupe.com.uy\/web\/wp-json\/wp\/v2\/types\/product"}],"wp:featuredmedia":[{"embeddable":true,"href":"https:\/\/ajupe.com.uy\/web\/wp-json\/wp\/v2\/media\/6058"}],"wp:attachment":[{"href":"https:\/\/ajupe.com.uy\/web\/wp-json\/wp\/v2\/media?parent=6057"}],"wp:term":[{"taxonomy":"product_brand","embeddable":true,"href":"https:\/\/ajupe.com.uy\/web\/wp-json\/wp\/v2\/product_brand?post=6057"},{"taxonomy":"product_cat","embeddable":true,"href":"https:\/\/ajupe.com.uy\/web\/wp-json\/wp\/v2\/product_cat?post=6057"},{"taxonomy":"product_tag","embeddable":true,"href":"https:\/\/ajupe.com.uy\/web\/wp-json\/wp\/v2\/product_tag?post=6057"}],"curies":[{"name":"wp","href":"https:\/\/api.w.org\/{rel}","templated":true}]}}