{"id":6060,"date":"2013-03-14T21:18:26","date_gmt":"2013-03-15T00:18:26","guid":{"rendered":"http:\/\/ajupe.com.uy\/web\/?post_type=product&#038;p=6060"},"modified":"2013-03-14T21:18:26","modified_gmt":"2013-03-15T00:18:26","slug":"la-pension-eva","status":"publish","type":"product","link":"https:\/\/ajupe.com.uy\/web\/biblioteca\/la-pension-eva\/","title":{"rendered":"La pensi\u00f3n Eva"},"content":{"rendered":"<p>El argumento gira en torno al despertar a la vida de un muchacho algo  ingenuo, a finales de los a\u00f1os treinta, sobre el trasfondo del mundo  provinciano y so\u00f1olietno de Vig\u00e0ta, la cuidad imaginada por el autor  para situar al comisario Salvo Montalbano. Con sus persianas  permanentemente cerradas, la misteriosa casa de nombre tan sugerente es  como im\u00e1n irresistible para el adolescente Nen\u00e8 y sus amigos del alma,  Ciccio y Jacolino, que fantasean con lo que ocurre en el interior de la  pensi\u00f3n y sue\u00f1an con acceder alg\u00fan d\u00eda a ese mundo desconocido que  imaginan rebosante de sensualidad. Cuando, al cabo de unos a\u00f1os,  consiguen traspasar inesperadamente sus puertas, descubren un c\u00famulo de  personajes e historias dif\u00edciles de olvidar. La guerra va cobrando  portagonismo hasta que su presencia se vuelve abrumadora y, finalmente,  tr\u00e1gica. Entonces, el amor y la amistad aparecen como el \u00fanico  sentimiento capaz de devolvernos la ilusi\u00f3n y la voluntad de vivir.<\/p>\n","protected":false},"excerpt":{"rendered":"<p>Inspirado por los recuerdos de su infancia. Andrea Camilleri ha escrito una deliciosa novela de iniciaci\u00f3n sentimental y er\u00f3tica, descrita por el mismo autor como \u00abunas vacaciones narrativas&#8230; en la inminencia de mis ochenta a\u00f1os\u00bb<\/p>\n","protected":false},"featured_media":6061,"template":"","meta":[],"product_brand":[399],"product_cat":[29],"product_tag":[],"class_list":{"0":"post-6060","1":"product","2":"type-product","3":"status-publish","4":"has-post-thumbnail","6":"product_brand-andrea-camilleri","7":"product_cat-novela","9":"first","10":"instock","11":"purchasable","12":"product-type-simple"},"featured_image_urls_v2":{"full":["https:\/\/ajupe.com.uy\/web\/wp-content\/uploads\/2016\/04\/p-6060-La_pensi__n_Eva_51423ea2a19e8.jpg",201,307,false],"thumbnail":["https:\/\/ajupe.com.uy\/web\/wp-content\/uploads\/2016\/04\/p-6060-La_pensi__n_Eva_51423ea2a19e8.jpg",150,150,true],"medium":["https:\/\/ajupe.com.uy\/web\/wp-content\/uploads\/2016\/04\/p-6060-La_pensi__n_Eva_51423ea2a19e8.jpg",300,214,true],"medium_large":["https:\/\/ajupe.com.uy\/web\/wp-content\/uploads\/2016\/04\/p-6060-La_pensi__n_Eva_51423ea2a19e8.jpg",201,307,false],"large":["https:\/\/ajupe.com.uy\/web\/wp-content\/uploads\/2016\/04\/p-6060-La_pensi__n_Eva_51423ea2a19e8.jpg",201,307,false],"1536x1536":["https:\/\/ajupe.com.uy\/web\/wp-content\/uploads\/2016\/04\/p-6060-La_pensi__n_Eva_51423ea2a19e8.jpg",201,307,false],"2048x2048":["https:\/\/ajupe.com.uy\/web\/wp-content\/uploads\/2016\/04\/p-6060-La_pensi__n_Eva_51423ea2a19e8.jpg",201,307,false],"woocommerce_archive_thumbnail":["https:\/\/ajupe.com.uy\/web\/wp-content\/uploads\/2016\/04\/p-6060-La_pensi__n_Eva_51423ea2a19e8-201x300.jpg",201,300,true],"woocommerce_thumbnail":["https:\/\/ajupe.com.uy\/web\/wp-content\/uploads\/2016\/04\/p-6060-La_pensi__n_Eva_51423ea2a19e8-201x300.jpg",201,300,true],"woocommerce_single":["https:\/\/ajupe.com.uy\/web\/wp-content\/uploads\/2016\/04\/p-6060-La_pensi__n_Eva_51423ea2a19e8.jpg",201,307,false],"woocommerce_gallery_thumbnail":["https:\/\/ajupe.com.uy\/web\/wp-content\/uploads\/2016\/04\/p-6060-La_pensi__n_Eva_51423ea2a19e8-100x100.jpg",100,100,true]},"post_excerpt_stackable_v2":"<p>Inspirado por los recuerdos de su infancia. Andrea Camilleri ha escrito una deliciosa novela de iniciaci\u00f3n sentimental y er\u00f3tica, descrita por el mismo autor como \u00abunas vacaciones narrativas&#8230; en la inminencia de mis ochenta a\u00f1os\u00bb<\/p>\n","category_list_v2":"","author_info_v2":{"name":"","url":""},"comments_num_v2":"0 comentarios","_links":{"self":[{"href":"https:\/\/ajupe.com.uy\/web\/wp-json\/wp\/v2\/product\/6060","targetHints":{"allow":["GET"]}}],"collection":[{"href":"https:\/\/ajupe.com.uy\/web\/wp-json\/wp\/v2\/product"}],"about":[{"href":"https:\/\/ajupe.com.uy\/web\/wp-json\/wp\/v2\/types\/product"}],"wp:featuredmedia":[{"embeddable":true,"href":"https:\/\/ajupe.com.uy\/web\/wp-json\/wp\/v2\/media\/6061"}],"wp:attachment":[{"href":"https:\/\/ajupe.com.uy\/web\/wp-json\/wp\/v2\/media?parent=6060"}],"wp:term":[{"taxonomy":"product_brand","embeddable":true,"href":"https:\/\/ajupe.com.uy\/web\/wp-json\/wp\/v2\/product_brand?post=6060"},{"taxonomy":"product_cat","embeddable":true,"href":"https:\/\/ajupe.com.uy\/web\/wp-json\/wp\/v2\/product_cat?post=6060"},{"taxonomy":"product_tag","embeddable":true,"href":"https:\/\/ajupe.com.uy\/web\/wp-json\/wp\/v2\/product_tag?post=6060"}],"curies":[{"name":"wp","href":"https:\/\/api.w.org\/{rel}","templated":true}]}}