{"id":6081,"date":"2013-03-15T17:35:41","date_gmt":"2013-03-15T20:35:41","guid":{"rendered":"http:\/\/ajupe.com.uy\/web\/?post_type=product&#038;p=6081"},"modified":"2013-03-15T17:35:41","modified_gmt":"2013-03-15T20:35:41","slug":"don-borges-saque-el-cuchillo-porque","status":"publish","type":"product","link":"https:\/\/ajupe.com.uy\/web\/biblioteca\/don-borges-saque-el-cuchillo-porque\/","title":{"rendered":"Don Borges, saque el cuchillo porque&#8230;"},"content":{"rendered":"<p>\u201cDon Borges, saque su cuchillo porque he venido a matarlo me parece una  contribuci\u00f3n importante al estado de la intelectualidad argentina de  hoy. Es la prueba de c\u00f3mo se puede realizar, literariamente, un deicidio  sin perderse en infamias personales. Su autor manifiesta gran  sensibilidad sin caer en los abismos de un falso orgullo intelectual.  Puedo afirmar que la fascinaci\u00f3n que me ha producido la primera parte  del libro me ha durado hasta el final. Hubo p\u00e1rrafos y hasta cap\u00edtulos  que he le\u00eddo dos o tres veces, admirando la preparaci\u00f3n psicol\u00f3gica y la  identificaci\u00f3n casi completa del autor con el objeto de su  investigaci\u00f3n. El an\u00e1lisis de Borges en tercera potencia hecho por  Braceli es una gran obra literaria y de investigaci\u00f3n.\u201d<\/p>\n","protected":false},"excerpt":{"rendered":"<p>El an\u00e1lisis de Borges en tercera potencia hecho por Braceli es una gran obra literaria y de investigaci\u00f3n.<\/p>\n","protected":false},"featured_media":6082,"template":"","meta":[],"product_brand":[1196],"product_cat":[44],"product_tag":[],"class_list":{"0":"post-6081","1":"product","2":"type-product","3":"status-publish","4":"has-post-thumbnail","6":"product_brand-braceli-rodolo","7":"product_cat-biografico","9":"first","10":"instock","11":"purchasable","12":"product-type-simple"},"featured_image_urls_v2":{"full":["https:\/\/ajupe.com.uy\/web\/wp-content\/uploads\/2016\/04\/p-6081-Don_Borges__saqu_51435bed7db16.jpg",213,325,false],"thumbnail":["https:\/\/ajupe.com.uy\/web\/wp-content\/uploads\/2016\/04\/p-6081-Don_Borges__saqu_51435bed7db16.jpg",150,150,true],"medium":["https:\/\/ajupe.com.uy\/web\/wp-content\/uploads\/2016\/04\/p-6081-Don_Borges__saqu_51435bed7db16.jpg",300,214,true],"medium_large":["https:\/\/ajupe.com.uy\/web\/wp-content\/uploads\/2016\/04\/p-6081-Don_Borges__saqu_51435bed7db16.jpg",213,325,false],"large":["https:\/\/ajupe.com.uy\/web\/wp-content\/uploads\/2016\/04\/p-6081-Don_Borges__saqu_51435bed7db16.jpg",213,325,false],"1536x1536":["https:\/\/ajupe.com.uy\/web\/wp-content\/uploads\/2016\/04\/p-6081-Don_Borges__saqu_51435bed7db16.jpg",213,325,false],"2048x2048":["https:\/\/ajupe.com.uy\/web\/wp-content\/uploads\/2016\/04\/p-6081-Don_Borges__saqu_51435bed7db16.jpg",213,325,false],"woocommerce_archive_thumbnail":["https:\/\/ajupe.com.uy\/web\/wp-content\/uploads\/2016\/04\/p-6081-Don_Borges__saqu_51435bed7db16-213x300.jpg",213,300,true],"woocommerce_thumbnail":["https:\/\/ajupe.com.uy\/web\/wp-content\/uploads\/2016\/04\/p-6081-Don_Borges__saqu_51435bed7db16-213x300.jpg",213,300,true],"woocommerce_single":["https:\/\/ajupe.com.uy\/web\/wp-content\/uploads\/2016\/04\/p-6081-Don_Borges__saqu_51435bed7db16.jpg",213,325,false],"woocommerce_gallery_thumbnail":["https:\/\/ajupe.com.uy\/web\/wp-content\/uploads\/2016\/04\/p-6081-Don_Borges__saqu_51435bed7db16-100x100.jpg",100,100,true]},"post_excerpt_stackable_v2":"<p>El an\u00e1lisis de Borges en tercera potencia hecho por Braceli es una gran obra literaria y de investigaci\u00f3n.<\/p>\n","category_list_v2":"","author_info_v2":{"name":"","url":""},"comments_num_v2":"0 comentarios","_links":{"self":[{"href":"https:\/\/ajupe.com.uy\/web\/wp-json\/wp\/v2\/product\/6081","targetHints":{"allow":["GET"]}}],"collection":[{"href":"https:\/\/ajupe.com.uy\/web\/wp-json\/wp\/v2\/product"}],"about":[{"href":"https:\/\/ajupe.com.uy\/web\/wp-json\/wp\/v2\/types\/product"}],"wp:featuredmedia":[{"embeddable":true,"href":"https:\/\/ajupe.com.uy\/web\/wp-json\/wp\/v2\/media\/6082"}],"wp:attachment":[{"href":"https:\/\/ajupe.com.uy\/web\/wp-json\/wp\/v2\/media?parent=6081"}],"wp:term":[{"taxonomy":"product_brand","embeddable":true,"href":"https:\/\/ajupe.com.uy\/web\/wp-json\/wp\/v2\/product_brand?post=6081"},{"taxonomy":"product_cat","embeddable":true,"href":"https:\/\/ajupe.com.uy\/web\/wp-json\/wp\/v2\/product_cat?post=6081"},{"taxonomy":"product_tag","embeddable":true,"href":"https:\/\/ajupe.com.uy\/web\/wp-json\/wp\/v2\/product_tag?post=6081"}],"curies":[{"name":"wp","href":"https:\/\/api.w.org\/{rel}","templated":true}]}}