{"id":6084,"date":"2013-03-15T20:57:44","date_gmt":"2013-03-15T23:57:44","guid":{"rendered":"http:\/\/ajupe.com.uy\/web\/?post_type=product&#038;p=6084"},"modified":"2013-03-15T20:57:44","modified_gmt":"2013-03-15T23:57:44","slug":"mensaje-en-una-botella","status":"publish","type":"product","link":"https:\/\/ajupe.com.uy\/web\/biblioteca\/mensaje-en-una-botella\/","title":{"rendered":"Mensaje en una botella"},"content":{"rendered":"<p>\u00bfTe imaginas que te llegara un mensaje en una botella de parte del amor  de tu vida aquien todav\u00eda no conoces? Theresa Osborne es una periodista  de Boston que ha perdido la fe en las relaciones de pareja duraderas.  Lleva tres a\u00f1os divorciada de su marido, quien la enga\u00f1aba, cuando  decide tomarse unas vacaciones y es entonces cuando le sucede algo que  le cambiar\u00e1 la vida: da con una botella en la playa, una botella que  contiene una carta de amor en la que simplemente se lee \u00abMi querid\u00edsima  Catherine, te hecho de menos. Garrett.\u00bb Intrigada por el misterio y  llevada por emociones que hace tiempo que no sent\u00eda, Theresa publica la  carta y poco a poco y con la ayuda de los lectores consigue descubrir  qui\u00e9n es el autor de la misiva y se dirige a Carolina del Norte en su  b\u00fasqueda. Lo que le sucede es inesperado, tal vez milagroso, un  encuentro con alguien que podr\u00eda venir a poner fin a su escepticismo.  Sin embargo, el camino hacia el amor verdadero no es f\u00e1cil?<\/p>\n","protected":false},"excerpt":{"rendered":"<p>\u00bfTe imaginas que te llegara un mensaje en una botella de parte del amor de tu vida aquien todav\u00eda no conoces?<\/p>\n","protected":false},"featured_media":6085,"template":"","meta":[],"product_brand":[441],"product_cat":[32,29],"product_tag":[],"class_list":{"0":"post-6084","1":"product","2":"type-product","3":"status-publish","4":"has-post-thumbnail","6":"product_brand-nicholas-sparks","7":"product_cat-autoayuda","8":"product_cat-novela","10":"first","11":"instock","12":"purchasable","13":"product-type-simple"},"featured_image_urls_v2":{"full":["https:\/\/ajupe.com.uy\/web\/wp-content\/uploads\/2016\/04\/p-6084-Mensaje_en_una_b_51438b48cbab9.jpg",227,336,false],"thumbnail":["https:\/\/ajupe.com.uy\/web\/wp-content\/uploads\/2016\/04\/p-6084-Mensaje_en_una_b_51438b48cbab9.jpg",150,150,true],"medium":["https:\/\/ajupe.com.uy\/web\/wp-content\/uploads\/2016\/04\/p-6084-Mensaje_en_una_b_51438b48cbab9.jpg",300,214,true],"medium_large":["https:\/\/ajupe.com.uy\/web\/wp-content\/uploads\/2016\/04\/p-6084-Mensaje_en_una_b_51438b48cbab9.jpg",227,336,false],"large":["https:\/\/ajupe.com.uy\/web\/wp-content\/uploads\/2016\/04\/p-6084-Mensaje_en_una_b_51438b48cbab9.jpg",227,336,false],"1536x1536":["https:\/\/ajupe.com.uy\/web\/wp-content\/uploads\/2016\/04\/p-6084-Mensaje_en_una_b_51438b48cbab9.jpg",227,336,false],"2048x2048":["https:\/\/ajupe.com.uy\/web\/wp-content\/uploads\/2016\/04\/p-6084-Mensaje_en_una_b_51438b48cbab9.jpg",227,336,false],"woocommerce_archive_thumbnail":["https:\/\/ajupe.com.uy\/web\/wp-content\/uploads\/2016\/04\/p-6084-Mensaje_en_una_b_51438b48cbab9-227x300.jpg",227,300,true],"woocommerce_thumbnail":["https:\/\/ajupe.com.uy\/web\/wp-content\/uploads\/2016\/04\/p-6084-Mensaje_en_una_b_51438b48cbab9-227x300.jpg",227,300,true],"woocommerce_single":["https:\/\/ajupe.com.uy\/web\/wp-content\/uploads\/2016\/04\/p-6084-Mensaje_en_una_b_51438b48cbab9.jpg",227,336,false],"woocommerce_gallery_thumbnail":["https:\/\/ajupe.com.uy\/web\/wp-content\/uploads\/2016\/04\/p-6084-Mensaje_en_una_b_51438b48cbab9-100x100.jpg",100,100,true]},"post_excerpt_stackable_v2":"<p>\u00bfTe imaginas que te llegara un mensaje en una botella de parte del amor de tu vida aquien todav\u00eda no conoces?<\/p>\n","category_list_v2":"","author_info_v2":{"name":"","url":""},"comments_num_v2":"0 comentarios","_links":{"self":[{"href":"https:\/\/ajupe.com.uy\/web\/wp-json\/wp\/v2\/product\/6084","targetHints":{"allow":["GET"]}}],"collection":[{"href":"https:\/\/ajupe.com.uy\/web\/wp-json\/wp\/v2\/product"}],"about":[{"href":"https:\/\/ajupe.com.uy\/web\/wp-json\/wp\/v2\/types\/product"}],"wp:featuredmedia":[{"embeddable":true,"href":"https:\/\/ajupe.com.uy\/web\/wp-json\/wp\/v2\/media\/6085"}],"wp:attachment":[{"href":"https:\/\/ajupe.com.uy\/web\/wp-json\/wp\/v2\/media?parent=6084"}],"wp:term":[{"taxonomy":"product_brand","embeddable":true,"href":"https:\/\/ajupe.com.uy\/web\/wp-json\/wp\/v2\/product_brand?post=6084"},{"taxonomy":"product_cat","embeddable":true,"href":"https:\/\/ajupe.com.uy\/web\/wp-json\/wp\/v2\/product_cat?post=6084"},{"taxonomy":"product_tag","embeddable":true,"href":"https:\/\/ajupe.com.uy\/web\/wp-json\/wp\/v2\/product_tag?post=6084"}],"curies":[{"name":"wp","href":"https:\/\/api.w.org\/{rel}","templated":true}]}}