{"id":6108,"date":"2013-05-08T19:02:45","date_gmt":"2013-05-08T22:02:45","guid":{"rendered":"http:\/\/ajupe.com.uy\/web\/?post_type=product&#038;p=6108"},"modified":"2013-05-08T19:02:45","modified_gmt":"2013-05-08T22:02:45","slug":"la-vidente","status":"publish","type":"product","link":"https:\/\/ajupe.com.uy\/web\/biblioteca\/la-vidente\/","title":{"rendered":"La vidente"},"content":{"rendered":"<p>Flora Hansen se hace llamar m\u00e9dium espiritista y dice estar capacitada  para hablar con los muertos. Una tarde de agosto lee en la prensa acerca  de un brutal asesinato ocurrido en un centro de menores. Flora, con el  deseo de sacarse un dinero extra, decide llamar a la polic\u00eda para  contarles que el esp\u00edritu de la muerta se ha puesto en contacto con  ella, pero nadie la toma en serio. Los resultados de la investigaci\u00f3n  t\u00e9cnica atribuyen la autor\u00eda del asesinato a otra de las internas, que  se dio a la fuga la misma noche de los hechos. En paradero desconocido  desde entonces, es el objetivo de todas las fuerzas policiales de la  zona. Sin embargo, el psiquiatra que las atend\u00eda insiste en su  inocencia. La chica, de car\u00e1cter pac\u00edfico y reservado, jam\u00e1s ha mostrado  tendencias agresivas. Oficialmente, el detective Joona Lina s\u00f3lo  participa en el caso como observador, pero termina iniciando una  investigaci\u00f3n por su cuenta. Aun as\u00ed, la pieza clave del puzle se le  resiste. Una y otra vez repasa el escenario del crimen: visualiza a la  chica tumbada sobre la cama ocultando la cara bajo sus manos, como si  estuviera jugando al escondite; recuerda su postura relajada, como si  todav\u00eda siguiera con vida.<\/p>\n","protected":false},"excerpt":{"rendered":"<p>Flora Hansen se hace llamar m\u00e9dium espiritista y dice estar capacitada para hablar con los muertos. Una tarde de agosto lee en la prensa acerca de un brutal asesinato ocurrido en un centro de menores.<\/p>\n","protected":false},"featured_media":6109,"template":"","meta":[],"product_brand":[1202],"product_cat":[40],"product_tag":[],"class_list":{"0":"post-6108","1":"product","2":"type-product","3":"status-publish","4":"has-post-thumbnail","6":"product_brand-lars-kepler","7":"product_cat-policial","9":"first","10":"instock","11":"purchasable","12":"product-type-simple"},"featured_image_urls_v2":{"full":["https:\/\/ajupe.com.uy\/web\/wp-content\/uploads\/2016\/04\/p-6108-La_vidente_518aa155208b1.jpg",225,335,false],"thumbnail":["https:\/\/ajupe.com.uy\/web\/wp-content\/uploads\/2016\/04\/p-6108-La_vidente_518aa155208b1.jpg",150,150,true],"medium":["https:\/\/ajupe.com.uy\/web\/wp-content\/uploads\/2016\/04\/p-6108-La_vidente_518aa155208b1.jpg",300,214,true],"medium_large":["https:\/\/ajupe.com.uy\/web\/wp-content\/uploads\/2016\/04\/p-6108-La_vidente_518aa155208b1.jpg",225,335,false],"large":["https:\/\/ajupe.com.uy\/web\/wp-content\/uploads\/2016\/04\/p-6108-La_vidente_518aa155208b1.jpg",225,335,false],"1536x1536":["https:\/\/ajupe.com.uy\/web\/wp-content\/uploads\/2016\/04\/p-6108-La_vidente_518aa155208b1.jpg",225,335,false],"2048x2048":["https:\/\/ajupe.com.uy\/web\/wp-content\/uploads\/2016\/04\/p-6108-La_vidente_518aa155208b1.jpg",225,335,false],"woocommerce_archive_thumbnail":["https:\/\/ajupe.com.uy\/web\/wp-content\/uploads\/2016\/04\/p-6108-La_vidente_518aa155208b1-225x300.jpg",225,300,true],"woocommerce_thumbnail":["https:\/\/ajupe.com.uy\/web\/wp-content\/uploads\/2016\/04\/p-6108-La_vidente_518aa155208b1-225x300.jpg",225,300,true],"woocommerce_single":["https:\/\/ajupe.com.uy\/web\/wp-content\/uploads\/2016\/04\/p-6108-La_vidente_518aa155208b1.jpg",225,335,false],"woocommerce_gallery_thumbnail":["https:\/\/ajupe.com.uy\/web\/wp-content\/uploads\/2016\/04\/p-6108-La_vidente_518aa155208b1-100x100.jpg",100,100,true]},"post_excerpt_stackable_v2":"<p>Flora Hansen se hace llamar m\u00e9dium espiritista y dice estar capacitada para hablar con los muertos. Una tarde de agosto lee en la prensa acerca de un brutal asesinato ocurrido en un centro de menores.<\/p>\n","category_list_v2":"","author_info_v2":{"name":"","url":""},"comments_num_v2":"0 comentarios","_links":{"self":[{"href":"https:\/\/ajupe.com.uy\/web\/wp-json\/wp\/v2\/product\/6108","targetHints":{"allow":["GET"]}}],"collection":[{"href":"https:\/\/ajupe.com.uy\/web\/wp-json\/wp\/v2\/product"}],"about":[{"href":"https:\/\/ajupe.com.uy\/web\/wp-json\/wp\/v2\/types\/product"}],"wp:featuredmedia":[{"embeddable":true,"href":"https:\/\/ajupe.com.uy\/web\/wp-json\/wp\/v2\/media\/6109"}],"wp:attachment":[{"href":"https:\/\/ajupe.com.uy\/web\/wp-json\/wp\/v2\/media?parent=6108"}],"wp:term":[{"taxonomy":"product_brand","embeddable":true,"href":"https:\/\/ajupe.com.uy\/web\/wp-json\/wp\/v2\/product_brand?post=6108"},{"taxonomy":"product_cat","embeddable":true,"href":"https:\/\/ajupe.com.uy\/web\/wp-json\/wp\/v2\/product_cat?post=6108"},{"taxonomy":"product_tag","embeddable":true,"href":"https:\/\/ajupe.com.uy\/web\/wp-json\/wp\/v2\/product_tag?post=6108"}],"curies":[{"name":"wp","href":"https:\/\/api.w.org\/{rel}","templated":true}]}}