{"id":6111,"date":"2013-05-08T21:31:39","date_gmt":"2013-05-09T00:31:39","guid":{"rendered":"http:\/\/ajupe.com.uy\/web\/?post_type=product&#038;p=6111"},"modified":"2013-05-08T21:31:39","modified_gmt":"2013-05-09T00:31:39","slug":"uruguayos","status":"publish","type":"product","link":"https:\/\/ajupe.com.uy\/web\/biblioteca\/uruguayos\/","title":{"rendered":"Uruguayos"},"content":{"rendered":"<h6>En este libro, en el que se suceden los ruidos y los silencios de la  historia, el texto y el autor se confunden, el tiempo vivido va de de  la mano de la geograf\u00eda explorada, los campos y las ciudades se  enfrentan, con pasi\u00f3n o con sosiego, a lo largo de un texto denso, rico,  ameno, elocuente. Cuando los parricidas de la generaci\u00f3n del 45 la  emprend\u00edan contra los monumentos, esos borgjanos \u00abguarangos de bronce\u00bb,  que no solamente eran los de materia muerta sino que los hab\u00eda de  materia viva, Vidart fue  relegado a la condici\u00f3n de outsider, de  folklor\u00f3logo montaraz, indiferente a lo que se escrib\u00eda y creaba  fronteras afuera. Su tarea era otra en efecto. Y sus intereses  intelectuales tambi\u00e9n.<\/h6>\n","protected":false},"excerpt":{"rendered":"<p>Daniel Vidart se autodefine como \u00abun paisano con lecturas\u00bb. Dice tambi\u00e9n que aprendi\u00f3 mas en el camino que en la posada, que es un ciudadano del mundo enamorado de los pagos donde florecen los malvones y la gentes sencillas antes que de una mentida patria<\/p>\n","protected":false},"featured_media":6112,"template":"","meta":[],"product_brand":[184],"product_cat":[1410],"product_tag":[],"class_list":{"0":"post-6111","1":"product","2":"type-product","3":"status-publish","4":"has-post-thumbnail","6":"product_brand-daniel-vidart","7":"product_cat-sin-categoria","9":"first","10":"instock","11":"purchasable","12":"product-type-simple"},"featured_image_urls_v2":{"full":["https:\/\/ajupe.com.uy\/web\/wp-content\/uploads\/2016\/04\/p-6111-Uruguayos_518ac43bbeb2d.jpg",221,338,false],"thumbnail":["https:\/\/ajupe.com.uy\/web\/wp-content\/uploads\/2016\/04\/p-6111-Uruguayos_518ac43bbeb2d.jpg",150,150,true],"medium":["https:\/\/ajupe.com.uy\/web\/wp-content\/uploads\/2016\/04\/p-6111-Uruguayos_518ac43bbeb2d.jpg",300,214,true],"medium_large":["https:\/\/ajupe.com.uy\/web\/wp-content\/uploads\/2016\/04\/p-6111-Uruguayos_518ac43bbeb2d.jpg",221,338,false],"large":["https:\/\/ajupe.com.uy\/web\/wp-content\/uploads\/2016\/04\/p-6111-Uruguayos_518ac43bbeb2d.jpg",221,338,false],"1536x1536":["https:\/\/ajupe.com.uy\/web\/wp-content\/uploads\/2016\/04\/p-6111-Uruguayos_518ac43bbeb2d.jpg",221,338,false],"2048x2048":["https:\/\/ajupe.com.uy\/web\/wp-content\/uploads\/2016\/04\/p-6111-Uruguayos_518ac43bbeb2d.jpg",221,338,false],"woocommerce_archive_thumbnail":["https:\/\/ajupe.com.uy\/web\/wp-content\/uploads\/2016\/04\/p-6111-Uruguayos_518ac43bbeb2d-221x300.jpg",221,300,true],"woocommerce_thumbnail":["https:\/\/ajupe.com.uy\/web\/wp-content\/uploads\/2016\/04\/p-6111-Uruguayos_518ac43bbeb2d-221x300.jpg",221,300,true],"woocommerce_single":["https:\/\/ajupe.com.uy\/web\/wp-content\/uploads\/2016\/04\/p-6111-Uruguayos_518ac43bbeb2d.jpg",221,338,false],"woocommerce_gallery_thumbnail":["https:\/\/ajupe.com.uy\/web\/wp-content\/uploads\/2016\/04\/p-6111-Uruguayos_518ac43bbeb2d-100x100.jpg",100,100,true]},"post_excerpt_stackable_v2":"<p>Daniel Vidart se autodefine como \u00abun paisano con lecturas\u00bb. Dice tambi\u00e9n que aprendi\u00f3 mas en el camino que en la posada, que es un ciudadano del mundo enamorado de los pagos donde florecen los malvones y la gentes sencillas antes que de una mentida patria<\/p>\n","category_list_v2":"","author_info_v2":{"name":"","url":""},"comments_num_v2":"0 comentarios","_links":{"self":[{"href":"https:\/\/ajupe.com.uy\/web\/wp-json\/wp\/v2\/product\/6111","targetHints":{"allow":["GET"]}}],"collection":[{"href":"https:\/\/ajupe.com.uy\/web\/wp-json\/wp\/v2\/product"}],"about":[{"href":"https:\/\/ajupe.com.uy\/web\/wp-json\/wp\/v2\/types\/product"}],"wp:featuredmedia":[{"embeddable":true,"href":"https:\/\/ajupe.com.uy\/web\/wp-json\/wp\/v2\/media\/6112"}],"wp:attachment":[{"href":"https:\/\/ajupe.com.uy\/web\/wp-json\/wp\/v2\/media?parent=6111"}],"wp:term":[{"taxonomy":"product_brand","embeddable":true,"href":"https:\/\/ajupe.com.uy\/web\/wp-json\/wp\/v2\/product_brand?post=6111"},{"taxonomy":"product_cat","embeddable":true,"href":"https:\/\/ajupe.com.uy\/web\/wp-json\/wp\/v2\/product_cat?post=6111"},{"taxonomy":"product_tag","embeddable":true,"href":"https:\/\/ajupe.com.uy\/web\/wp-json\/wp\/v2\/product_tag?post=6111"}],"curies":[{"name":"wp","href":"https:\/\/api.w.org\/{rel}","templated":true}]}}