{"id":6114,"date":"2013-05-08T21:39:31","date_gmt":"2013-05-09T00:39:31","guid":{"rendered":"http:\/\/ajupe.com.uy\/web\/?post_type=product&#038;p=6114"},"modified":"2013-05-08T21:39:31","modified_gmt":"2013-05-09T00:39:31","slug":"la-marca-del-meridiano","status":"publish","type":"product","link":"https:\/\/ajupe.com.uy\/web\/biblioteca\/la-marca-del-meridiano\/","title":{"rendered":"La marca del meridiano"},"content":{"rendered":"<p>En una sociedad envilecida por el dinero sucio y la prostituci\u00f3n de las  personas, todav\u00eda el amor puede ablandar a las fieras. Un guardia civil  retirado aparece colgado de un puente, asesinado de manera humillante. A  partir de ese momento, la investigaci\u00f3n que ha de llevar a cabo su  viejo amigo y disc\u00edpulo, el brigada Bevilacqua, abrir\u00e1 la caja de  Pandora: corrupci\u00f3n policial, delincuentes sin escr\u00fapulos y un hombre  quijotesco que buscar\u00e1 en el deber y el amor imposible la redenci\u00f3n de  una vida fracturada.<\/p>\n<p> Ambientada en la Catalu\u00f1a actual, esta absorbente novela polic\u00edaca de<strong> Lorenzo Silva<\/strong>,  maestro indiscutible del g\u00e9nero, se adentra m\u00e1s all\u00e1 de los hechos y  presenta un s\u00f3lido retrato del ser humano ante la duda moral, el combate  interior y las decisiones equivocadas.<\/p>\n","protected":false},"excerpt":{"rendered":"<p>En una sociedad envilecida por el dinero sucio y la prostituci\u00f3n de las personas, todav\u00eda el amor puede ablandar a las fieras.<\/p>\n","protected":false},"featured_media":6115,"template":"","meta":[],"product_brand":[1203],"product_cat":[40],"product_tag":[],"class_list":{"0":"post-6114","1":"product","2":"type-product","3":"status-publish","4":"has-post-thumbnail","6":"product_brand-lorenzo-silva","7":"product_cat-policial","9":"first","10":"instock","11":"purchasable","12":"product-type-simple"},"featured_image_urls_v2":{"full":["https:\/\/ajupe.com.uy\/web\/wp-content\/uploads\/2016\/04\/p-6114-La_marca_del_mer_518ac613ae7c7.jpg",219,338,false],"thumbnail":["https:\/\/ajupe.com.uy\/web\/wp-content\/uploads\/2016\/04\/p-6114-La_marca_del_mer_518ac613ae7c7.jpg",150,150,true],"medium":["https:\/\/ajupe.com.uy\/web\/wp-content\/uploads\/2016\/04\/p-6114-La_marca_del_mer_518ac613ae7c7.jpg",300,214,true],"medium_large":["https:\/\/ajupe.com.uy\/web\/wp-content\/uploads\/2016\/04\/p-6114-La_marca_del_mer_518ac613ae7c7.jpg",219,338,false],"large":["https:\/\/ajupe.com.uy\/web\/wp-content\/uploads\/2016\/04\/p-6114-La_marca_del_mer_518ac613ae7c7.jpg",219,338,false],"1536x1536":["https:\/\/ajupe.com.uy\/web\/wp-content\/uploads\/2016\/04\/p-6114-La_marca_del_mer_518ac613ae7c7.jpg",219,338,false],"2048x2048":["https:\/\/ajupe.com.uy\/web\/wp-content\/uploads\/2016\/04\/p-6114-La_marca_del_mer_518ac613ae7c7.jpg",219,338,false],"woocommerce_archive_thumbnail":["https:\/\/ajupe.com.uy\/web\/wp-content\/uploads\/2016\/04\/p-6114-La_marca_del_mer_518ac613ae7c7-219x300.jpg",219,300,true],"woocommerce_thumbnail":["https:\/\/ajupe.com.uy\/web\/wp-content\/uploads\/2016\/04\/p-6114-La_marca_del_mer_518ac613ae7c7-219x300.jpg",219,300,true],"woocommerce_single":["https:\/\/ajupe.com.uy\/web\/wp-content\/uploads\/2016\/04\/p-6114-La_marca_del_mer_518ac613ae7c7.jpg",219,338,false],"woocommerce_gallery_thumbnail":["https:\/\/ajupe.com.uy\/web\/wp-content\/uploads\/2016\/04\/p-6114-La_marca_del_mer_518ac613ae7c7-100x100.jpg",100,100,true]},"post_excerpt_stackable_v2":"<p>En una sociedad envilecida por el dinero sucio y la prostituci\u00f3n de las personas, todav\u00eda el amor puede ablandar a las fieras.<\/p>\n","category_list_v2":"","author_info_v2":{"name":"","url":""},"comments_num_v2":"0 comentarios","_links":{"self":[{"href":"https:\/\/ajupe.com.uy\/web\/wp-json\/wp\/v2\/product\/6114","targetHints":{"allow":["GET"]}}],"collection":[{"href":"https:\/\/ajupe.com.uy\/web\/wp-json\/wp\/v2\/product"}],"about":[{"href":"https:\/\/ajupe.com.uy\/web\/wp-json\/wp\/v2\/types\/product"}],"wp:featuredmedia":[{"embeddable":true,"href":"https:\/\/ajupe.com.uy\/web\/wp-json\/wp\/v2\/media\/6115"}],"wp:attachment":[{"href":"https:\/\/ajupe.com.uy\/web\/wp-json\/wp\/v2\/media?parent=6114"}],"wp:term":[{"taxonomy":"product_brand","embeddable":true,"href":"https:\/\/ajupe.com.uy\/web\/wp-json\/wp\/v2\/product_brand?post=6114"},{"taxonomy":"product_cat","embeddable":true,"href":"https:\/\/ajupe.com.uy\/web\/wp-json\/wp\/v2\/product_cat?post=6114"},{"taxonomy":"product_tag","embeddable":true,"href":"https:\/\/ajupe.com.uy\/web\/wp-json\/wp\/v2\/product_tag?post=6114"}],"curies":[{"name":"wp","href":"https:\/\/api.w.org\/{rel}","templated":true}]}}