{"id":6126,"date":"2013-05-13T21:07:21","date_gmt":"2013-05-14T00:07:21","guid":{"rendered":"http:\/\/ajupe.com.uy\/web\/?post_type=product&#038;p=6126"},"modified":"2013-05-13T21:07:21","modified_gmt":"2013-05-14T00:07:21","slug":"ojala-fuera-cierto","status":"publish","type":"product","link":"https:\/\/ajupe.com.uy\/web\/biblioteca\/ojala-fuera-cierto\/","title":{"rendered":"Ojala fuera cierto"},"content":{"rendered":"<p>Lauren lleva meses en coma despu\u00e9s de haber sufrido un tremendo  accidente de circulaci\u00f3n. Los m\u00e9dicos la mantienen artificialmente con  vida esperando a que un milagro le haga responder, pero el milagro no  llega. Por ello, la familia de Lauren pone su apartamento en alquiler y  el nuevo inquilino, Arthur, se muda sin m\u00e1s demora. Lo que no se imagina  es que se ver\u00e1 obligado a compartirlo con alguien que s\u00f3lo \u00e9l puede  ver. Y es que en su af\u00e1n de aferrarse a la vida, Lauren ha conseguido  formar parte de la cotidianeidad sin ser vista. Superado el shock de  encontrar un fantasma en casa, Arthur convierte a Lauren en el centro de  su vida, en su raz\u00f3n de existir. Un amor que no entiende de  convencionalismos y que la mayor\u00eda no puede comprender.<\/p>\n","protected":false},"excerpt":{"rendered":"<p>Lauren lleva meses en coma despu\u00e9s de haber sufrido un tremendo accidente de circulaci\u00f3n.<\/p>\n","protected":false},"featured_media":6127,"template":"","meta":[],"product_brand":[980],"product_cat":[29],"product_tag":[],"class_list":{"0":"post-6126","1":"product","2":"type-product","3":"status-publish","4":"has-post-thumbnail","6":"product_brand-marc-levy","7":"product_cat-novela","9":"first","10":"instock","11":"purchasable","12":"product-type-simple"},"featured_image_urls_v2":{"full":["https:\/\/ajupe.com.uy\/web\/wp-content\/uploads\/2016\/04\/p-6126-Ojala_fuera_cier_5191560922fa5.jpg",229,349,false],"thumbnail":["https:\/\/ajupe.com.uy\/web\/wp-content\/uploads\/2016\/04\/p-6126-Ojala_fuera_cier_5191560922fa5.jpg",150,150,true],"medium":["https:\/\/ajupe.com.uy\/web\/wp-content\/uploads\/2016\/04\/p-6126-Ojala_fuera_cier_5191560922fa5.jpg",300,214,true],"medium_large":["https:\/\/ajupe.com.uy\/web\/wp-content\/uploads\/2016\/04\/p-6126-Ojala_fuera_cier_5191560922fa5.jpg",229,349,false],"large":["https:\/\/ajupe.com.uy\/web\/wp-content\/uploads\/2016\/04\/p-6126-Ojala_fuera_cier_5191560922fa5.jpg",229,349,false],"1536x1536":["https:\/\/ajupe.com.uy\/web\/wp-content\/uploads\/2016\/04\/p-6126-Ojala_fuera_cier_5191560922fa5.jpg",229,349,false],"2048x2048":["https:\/\/ajupe.com.uy\/web\/wp-content\/uploads\/2016\/04\/p-6126-Ojala_fuera_cier_5191560922fa5.jpg",229,349,false],"woocommerce_archive_thumbnail":["https:\/\/ajupe.com.uy\/web\/wp-content\/uploads\/2016\/04\/p-6126-Ojala_fuera_cier_5191560922fa5-229x300.jpg",229,300,true],"woocommerce_thumbnail":["https:\/\/ajupe.com.uy\/web\/wp-content\/uploads\/2016\/04\/p-6126-Ojala_fuera_cier_5191560922fa5-229x300.jpg",229,300,true],"woocommerce_single":["https:\/\/ajupe.com.uy\/web\/wp-content\/uploads\/2016\/04\/p-6126-Ojala_fuera_cier_5191560922fa5.jpg",229,349,false],"woocommerce_gallery_thumbnail":["https:\/\/ajupe.com.uy\/web\/wp-content\/uploads\/2016\/04\/p-6126-Ojala_fuera_cier_5191560922fa5-100x100.jpg",100,100,true]},"post_excerpt_stackable_v2":"<p>Lauren lleva meses en coma despu\u00e9s de haber sufrido un tremendo accidente de circulaci\u00f3n.<\/p>\n","category_list_v2":"","author_info_v2":{"name":"","url":""},"comments_num_v2":"0 comentarios","_links":{"self":[{"href":"https:\/\/ajupe.com.uy\/web\/wp-json\/wp\/v2\/product\/6126","targetHints":{"allow":["GET"]}}],"collection":[{"href":"https:\/\/ajupe.com.uy\/web\/wp-json\/wp\/v2\/product"}],"about":[{"href":"https:\/\/ajupe.com.uy\/web\/wp-json\/wp\/v2\/types\/product"}],"wp:featuredmedia":[{"embeddable":true,"href":"https:\/\/ajupe.com.uy\/web\/wp-json\/wp\/v2\/media\/6127"}],"wp:attachment":[{"href":"https:\/\/ajupe.com.uy\/web\/wp-json\/wp\/v2\/media?parent=6126"}],"wp:term":[{"taxonomy":"product_brand","embeddable":true,"href":"https:\/\/ajupe.com.uy\/web\/wp-json\/wp\/v2\/product_brand?post=6126"},{"taxonomy":"product_cat","embeddable":true,"href":"https:\/\/ajupe.com.uy\/web\/wp-json\/wp\/v2\/product_cat?post=6126"},{"taxonomy":"product_tag","embeddable":true,"href":"https:\/\/ajupe.com.uy\/web\/wp-json\/wp\/v2\/product_tag?post=6126"}],"curies":[{"name":"wp","href":"https:\/\/api.w.org\/{rel}","templated":true}]}}