{"id":6150,"date":"2013-05-14T20:02:35","date_gmt":"2013-05-14T23:02:35","guid":{"rendered":"http:\/\/ajupe.com.uy\/web\/?post_type=product&#038;p=6150"},"modified":"2013-05-14T20:02:35","modified_gmt":"2013-05-14T23:02:35","slug":"el-atlas-de-las-nubes","status":"publish","type":"product","link":"https:\/\/ajupe.com.uy\/web\/biblioteca\/el-atlas-de-las-nubes\/","title":{"rendered":"El atlas de las nubes"},"content":{"rendered":"<p><span style=\"background-color: white; font-family: Arial,sans-serif;\">El atlas de las nubes es una novela que da la vuelta al mundo y recorre desde el siglo XIX hasta un futuro apocal\u00edptico, a trav\u00e9s de seis historias entrelazadas. El relato se abre en 1850 con el regreso del notario estadounidense Adam Ewing desde las islas Chatham a su California natal. Durante el viaje, Ewing traba amistad con un m\u00e9dico, el doctor Goose, que comienza a tratarle de una extra\u00f1a enfermedad causada por un par\u00e1sito cerebral\u2026 Repentinamente, la acci\u00f3n se traslada a 1931 en B\u00e9lgica, donde Robert Frobisher, un compositor bisexual que ha sido desheredado, se introduce en el hogar de un artista enfermizo, su seductora esposa y su n\u00fabil hija\u2026 De ah\u00ed saltamos a la Costa Oeste en la d\u00e9cada de los setenta, cuando Luisa Rey destapa una red de avaricia y crimen que pone en peligro su vida\u2026 Y, del mismo modo, con id\u00e9ntica maestr\u00eda, viajamos a la ignominiosa Inglaterra de nuestros d\u00edas, a un superestado coreano del futuro pr\u00f3ximo regido por un capitalismo desbocado y, finalmente, a Hawai, a una Edad de Hierro post-apocal\u00edptica que corresponde a los \u00faltimos d\u00edas de la historia. Sin embargo, la historia tampoco termina ah\u00ed. La narrativa vuelve, como si de un bumer\u00e1n se tratara, en el tiempo y en el espacio hasta el punto de partida recorriendo, en sentido inverso, la trayectoria trazada. Durante la traves\u00eda, Mitchell va revelando los lazos que unen a personajes tan distintos, el modo en que se entrecruzan sus destinos y la forma en la que sus almas se desplazan a trav\u00e9s del tiempo como las nubes por el horizonte.<\/span><\/p>\n","protected":false},"excerpt":{"rendered":"<p>El atlas de las nubes es una novela que da la vuelta al mundo y recorre desde el siglo XIX hasta un futuro apocal\u00edptico, a trav\u00e9s de seis historias entrelazadas.<\/p>\n","protected":false},"featured_media":6151,"template":"","meta":[],"product_brand":[1208],"product_cat":[29],"product_tag":[],"class_list":{"0":"post-6150","1":"product","2":"type-product","3":"status-publish","4":"has-post-thumbnail","6":"product_brand-david-mitchell","7":"product_cat-novela","9":"first","10":"instock","11":"purchasable","12":"product-type-simple"},"featured_image_urls_v2":{"full":["https:\/\/ajupe.com.uy\/web\/wp-content\/uploads\/2016\/04\/p-6150-El_atlas_de_las__5192985bab34b.jpg",209,315,false],"thumbnail":["https:\/\/ajupe.com.uy\/web\/wp-content\/uploads\/2016\/04\/p-6150-El_atlas_de_las__5192985bab34b.jpg",150,150,true],"medium":["https:\/\/ajupe.com.uy\/web\/wp-content\/uploads\/2016\/04\/p-6150-El_atlas_de_las__5192985bab34b.jpg",300,214,true],"medium_large":["https:\/\/ajupe.com.uy\/web\/wp-content\/uploads\/2016\/04\/p-6150-El_atlas_de_las__5192985bab34b.jpg",209,315,false],"large":["https:\/\/ajupe.com.uy\/web\/wp-content\/uploads\/2016\/04\/p-6150-El_atlas_de_las__5192985bab34b.jpg",209,315,false],"1536x1536":["https:\/\/ajupe.com.uy\/web\/wp-content\/uploads\/2016\/04\/p-6150-El_atlas_de_las__5192985bab34b.jpg",209,315,false],"2048x2048":["https:\/\/ajupe.com.uy\/web\/wp-content\/uploads\/2016\/04\/p-6150-El_atlas_de_las__5192985bab34b.jpg",209,315,false],"woocommerce_archive_thumbnail":["https:\/\/ajupe.com.uy\/web\/wp-content\/uploads\/2016\/04\/p-6150-El_atlas_de_las__5192985bab34b-209x300.jpg",209,300,true],"woocommerce_thumbnail":["https:\/\/ajupe.com.uy\/web\/wp-content\/uploads\/2016\/04\/p-6150-El_atlas_de_las__5192985bab34b-209x300.jpg",209,300,true],"woocommerce_single":["https:\/\/ajupe.com.uy\/web\/wp-content\/uploads\/2016\/04\/p-6150-El_atlas_de_las__5192985bab34b.jpg",209,315,false],"woocommerce_gallery_thumbnail":["https:\/\/ajupe.com.uy\/web\/wp-content\/uploads\/2016\/04\/p-6150-El_atlas_de_las__5192985bab34b-100x100.jpg",100,100,true]},"post_excerpt_stackable_v2":"<p>El atlas de las nubes es una novela que da la vuelta al mundo y recorre desde el siglo XIX hasta un futuro apocal\u00edptico, a trav\u00e9s de seis historias entrelazadas.<\/p>\n","category_list_v2":"","author_info_v2":{"name":"","url":""},"comments_num_v2":"0 comentarios","_links":{"self":[{"href":"https:\/\/ajupe.com.uy\/web\/wp-json\/wp\/v2\/product\/6150","targetHints":{"allow":["GET"]}}],"collection":[{"href":"https:\/\/ajupe.com.uy\/web\/wp-json\/wp\/v2\/product"}],"about":[{"href":"https:\/\/ajupe.com.uy\/web\/wp-json\/wp\/v2\/types\/product"}],"wp:featuredmedia":[{"embeddable":true,"href":"https:\/\/ajupe.com.uy\/web\/wp-json\/wp\/v2\/media\/6151"}],"wp:attachment":[{"href":"https:\/\/ajupe.com.uy\/web\/wp-json\/wp\/v2\/media?parent=6150"}],"wp:term":[{"taxonomy":"product_brand","embeddable":true,"href":"https:\/\/ajupe.com.uy\/web\/wp-json\/wp\/v2\/product_brand?post=6150"},{"taxonomy":"product_cat","embeddable":true,"href":"https:\/\/ajupe.com.uy\/web\/wp-json\/wp\/v2\/product_cat?post=6150"},{"taxonomy":"product_tag","embeddable":true,"href":"https:\/\/ajupe.com.uy\/web\/wp-json\/wp\/v2\/product_tag?post=6150"}],"curies":[{"name":"wp","href":"https:\/\/api.w.org\/{rel}","templated":true}]}}