{"id":6162,"date":"2013-05-15T18:09:54","date_gmt":"2013-05-15T21:09:54","guid":{"rendered":"http:\/\/ajupe.com.uy\/web\/?post_type=product&#038;p=6162"},"modified":"2013-05-15T18:09:54","modified_gmt":"2013-05-15T21:09:54","slug":"hablando-con-los-muertos","status":"publish","type":"product","link":"https:\/\/ajupe.com.uy\/web\/biblioteca\/hablando-con-los-muertos\/","title":{"rendered":"Hablando con los muertos"},"content":{"rendered":"<p><span>&#8216;Dicen que un polic\u00eda siempre recuerda su primer caso. Siempre que sobreviva a \u00e9l&#8230;&#8217;<\/span><\/p>\n<p><span>La novela negra m\u00e1s original de las letras brit\u00e1nicas.<\/span><\/p>\n<p><span>Para la polic\u00eda Fiona Griffiths, su primera gran investigaci\u00f3n  promete ser una dura iniciaci\u00f3n en el submundo de Cardiff: una joven  prostituta y su hija han sido brutalmente asesinadas en un piso. Todo  apunta a que la v\u00edctima debi\u00f3 de topar con el cliente equivocado, pero  Fiona est\u00e1 convencida de que el misterio es mucho m\u00e1s profundo. <\/span><\/p>\n<p><span>De pronto, vuelve a sentir que per- tenece al mundo de los  muertos, que estos le hablan&#8230; y ese punto d\u00e9bil, que algunos llaman  s\u00edndrome de Cotard, se convierte en un don que da un giro a esta  historia. <br \/><\/span><\/p>\n","protected":false},"excerpt":{"rendered":"<p>&#8216;Dicen que un polic\u00eda siempre recuerda su primer caso. Siempre que sobreviva a \u00e9l&#8230;&#8217;<\/p>\n","protected":false},"featured_media":6163,"template":"","meta":[],"product_brand":[1212],"product_cat":[48],"product_tag":[],"class_list":{"0":"post-6162","1":"product","2":"type-product","3":"status-publish","4":"has-post-thumbnail","6":"product_brand-harry-bingham","7":"product_cat-thrillers","9":"first","10":"instock","11":"purchasable","12":"product-type-simple"},"featured_image_urls_v2":{"full":["https:\/\/ajupe.com.uy\/web\/wp-content\/uploads\/2016\/04\/p-6162-Hablando_con_los_5193cf72783db.jpg",220,338,false],"thumbnail":["https:\/\/ajupe.com.uy\/web\/wp-content\/uploads\/2016\/04\/p-6162-Hablando_con_los_5193cf72783db.jpg",150,150,true],"medium":["https:\/\/ajupe.com.uy\/web\/wp-content\/uploads\/2016\/04\/p-6162-Hablando_con_los_5193cf72783db.jpg",300,214,true],"medium_large":["https:\/\/ajupe.com.uy\/web\/wp-content\/uploads\/2016\/04\/p-6162-Hablando_con_los_5193cf72783db.jpg",220,338,false],"large":["https:\/\/ajupe.com.uy\/web\/wp-content\/uploads\/2016\/04\/p-6162-Hablando_con_los_5193cf72783db.jpg",220,338,false],"1536x1536":["https:\/\/ajupe.com.uy\/web\/wp-content\/uploads\/2016\/04\/p-6162-Hablando_con_los_5193cf72783db.jpg",220,338,false],"2048x2048":["https:\/\/ajupe.com.uy\/web\/wp-content\/uploads\/2016\/04\/p-6162-Hablando_con_los_5193cf72783db.jpg",220,338,false],"woocommerce_archive_thumbnail":["https:\/\/ajupe.com.uy\/web\/wp-content\/uploads\/2016\/04\/p-6162-Hablando_con_los_5193cf72783db-220x300.jpg",220,300,true],"woocommerce_thumbnail":["https:\/\/ajupe.com.uy\/web\/wp-content\/uploads\/2016\/04\/p-6162-Hablando_con_los_5193cf72783db-220x300.jpg",220,300,true],"woocommerce_single":["https:\/\/ajupe.com.uy\/web\/wp-content\/uploads\/2016\/04\/p-6162-Hablando_con_los_5193cf72783db.jpg",220,338,false],"woocommerce_gallery_thumbnail":["https:\/\/ajupe.com.uy\/web\/wp-content\/uploads\/2016\/04\/p-6162-Hablando_con_los_5193cf72783db-100x100.jpg",100,100,true]},"post_excerpt_stackable_v2":"<p>&#8216;Dicen que un polic\u00eda siempre recuerda su primer caso. Siempre que sobreviva a \u00e9l&#8230;&#8217;<\/p>\n","category_list_v2":"","author_info_v2":{"name":"","url":""},"comments_num_v2":"0 comentarios","_links":{"self":[{"href":"https:\/\/ajupe.com.uy\/web\/wp-json\/wp\/v2\/product\/6162","targetHints":{"allow":["GET"]}}],"collection":[{"href":"https:\/\/ajupe.com.uy\/web\/wp-json\/wp\/v2\/product"}],"about":[{"href":"https:\/\/ajupe.com.uy\/web\/wp-json\/wp\/v2\/types\/product"}],"wp:featuredmedia":[{"embeddable":true,"href":"https:\/\/ajupe.com.uy\/web\/wp-json\/wp\/v2\/media\/6163"}],"wp:attachment":[{"href":"https:\/\/ajupe.com.uy\/web\/wp-json\/wp\/v2\/media?parent=6162"}],"wp:term":[{"taxonomy":"product_brand","embeddable":true,"href":"https:\/\/ajupe.com.uy\/web\/wp-json\/wp\/v2\/product_brand?post=6162"},{"taxonomy":"product_cat","embeddable":true,"href":"https:\/\/ajupe.com.uy\/web\/wp-json\/wp\/v2\/product_cat?post=6162"},{"taxonomy":"product_tag","embeddable":true,"href":"https:\/\/ajupe.com.uy\/web\/wp-json\/wp\/v2\/product_tag?post=6162"}],"curies":[{"name":"wp","href":"https:\/\/api.w.org\/{rel}","templated":true}]}}