{"id":6168,"date":"2013-05-15T18:39:09","date_gmt":"2013-05-15T21:39:09","guid":{"rendered":"http:\/\/ajupe.com.uy\/web\/?post_type=product&#038;p=6168"},"modified":"2013-05-15T18:39:09","modified_gmt":"2013-05-15T21:39:09","slug":"cortafuegos","status":"publish","type":"product","link":"https:\/\/ajupe.com.uy\/web\/biblioteca\/cortafuegos\/","title":{"rendered":"Cortafuegos"},"content":{"rendered":"<p>Ystad, Suecia, oto\u00f1o de 1997. Un  hombre muere en extra\u00f1as circunstancias a las puertas de un cajero  autom\u00e1tico. Poco despu\u00e9s, dos muchachas asesinan salvajemente a un  taxista. Detenidas y trasladadas a la comisar\u00eda, las dos adolescentes  sorprenden a todo el mundo con su agresividad y su indiferencia ante el  crimen que han cometido. En un descuido de los agentes, una de ellas  logra huir. Al d\u00eda siguiente, un problema en el suministro el\u00e9ctrico  deja a oscuras gran parte de la regi\u00f3n de Escania; cuando el t\u00e9cnico de  mantenimiento acude a la estaci\u00f3n transformadora, har\u00e1 un descubrimiento  aterrador. El inspector Kurt Wallander no lo tiene nada f\u00e1cil: a las  complejidades inform\u00e1ticas que acaban envolviendo las pesquisas, se  suman los indicios de traici\u00f3n que el inspector descubre en su equipo de  investigadores. Adem\u00e1s, la casi insoportable soledad afectiva del  protagonista hacen que se cuestione seriamente su continuidad como  polic\u00eda.<\/p>\n","protected":false},"excerpt":{"rendered":"<p>Ystad, Suecia, oto\u00f1o de 1997. Un hombre muere en extra\u00f1as circunstancias a las puertas de un cajero autom\u00e1tico. Poco despu\u00e9s, dos muchachas asesinan salvajemente a un taxista.<\/p>\n","protected":false},"featured_media":6169,"template":"","meta":[],"product_brand":[996],"product_cat":[40],"product_tag":[],"class_list":{"0":"post-6168","1":"product","2":"type-product","3":"status-publish","4":"has-post-thumbnail","6":"product_brand-henning-mankell","7":"product_cat-policial","9":"first","10":"instock","11":"purchasable","12":"product-type-simple"},"featured_image_urls_v2":{"full":["https:\/\/ajupe.com.uy\/web\/wp-content\/uploads\/2016\/04\/p-6168-Cortafuegos_5193d64d4ba28.jpg",184,277,false],"thumbnail":["https:\/\/ajupe.com.uy\/web\/wp-content\/uploads\/2016\/04\/p-6168-Cortafuegos_5193d64d4ba28.jpg",150,150,true],"medium":["https:\/\/ajupe.com.uy\/web\/wp-content\/uploads\/2016\/04\/p-6168-Cortafuegos_5193d64d4ba28.jpg",300,214,true],"medium_large":["https:\/\/ajupe.com.uy\/web\/wp-content\/uploads\/2016\/04\/p-6168-Cortafuegos_5193d64d4ba28.jpg",184,277,false],"large":["https:\/\/ajupe.com.uy\/web\/wp-content\/uploads\/2016\/04\/p-6168-Cortafuegos_5193d64d4ba28.jpg",184,277,false],"1536x1536":["https:\/\/ajupe.com.uy\/web\/wp-content\/uploads\/2016\/04\/p-6168-Cortafuegos_5193d64d4ba28.jpg",184,277,false],"2048x2048":["https:\/\/ajupe.com.uy\/web\/wp-content\/uploads\/2016\/04\/p-6168-Cortafuegos_5193d64d4ba28.jpg",184,277,false],"woocommerce_archive_thumbnail":["https:\/\/ajupe.com.uy\/web\/wp-content\/uploads\/2016\/04\/p-6168-Cortafuegos_5193d64d4ba28.jpg",184,277,false],"woocommerce_thumbnail":["https:\/\/ajupe.com.uy\/web\/wp-content\/uploads\/2016\/04\/p-6168-Cortafuegos_5193d64d4ba28.jpg",184,277,false],"woocommerce_single":["https:\/\/ajupe.com.uy\/web\/wp-content\/uploads\/2016\/04\/p-6168-Cortafuegos_5193d64d4ba28.jpg",184,277,false],"woocommerce_gallery_thumbnail":["https:\/\/ajupe.com.uy\/web\/wp-content\/uploads\/2016\/04\/p-6168-Cortafuegos_5193d64d4ba28-100x100.jpg",100,100,true]},"post_excerpt_stackable_v2":"<p>Ystad, Suecia, oto\u00f1o de 1997. Un hombre muere en extra\u00f1as circunstancias a las puertas de un cajero autom\u00e1tico. Poco despu\u00e9s, dos muchachas asesinan salvajemente a un taxista.<\/p>\n","category_list_v2":"","author_info_v2":{"name":"","url":""},"comments_num_v2":"0 comentarios","_links":{"self":[{"href":"https:\/\/ajupe.com.uy\/web\/wp-json\/wp\/v2\/product\/6168","targetHints":{"allow":["GET"]}}],"collection":[{"href":"https:\/\/ajupe.com.uy\/web\/wp-json\/wp\/v2\/product"}],"about":[{"href":"https:\/\/ajupe.com.uy\/web\/wp-json\/wp\/v2\/types\/product"}],"wp:featuredmedia":[{"embeddable":true,"href":"https:\/\/ajupe.com.uy\/web\/wp-json\/wp\/v2\/media\/6169"}],"wp:attachment":[{"href":"https:\/\/ajupe.com.uy\/web\/wp-json\/wp\/v2\/media?parent=6168"}],"wp:term":[{"taxonomy":"product_brand","embeddable":true,"href":"https:\/\/ajupe.com.uy\/web\/wp-json\/wp\/v2\/product_brand?post=6168"},{"taxonomy":"product_cat","embeddable":true,"href":"https:\/\/ajupe.com.uy\/web\/wp-json\/wp\/v2\/product_cat?post=6168"},{"taxonomy":"product_tag","embeddable":true,"href":"https:\/\/ajupe.com.uy\/web\/wp-json\/wp\/v2\/product_tag?post=6168"}],"curies":[{"name":"wp","href":"https:\/\/api.w.org\/{rel}","templated":true}]}}