{"id":6171,"date":"2013-05-15T18:43:25","date_gmt":"2013-05-15T21:43:25","guid":{"rendered":"http:\/\/ajupe.com.uy\/web\/?post_type=product&#038;p=6171"},"modified":"2013-05-15T18:43:25","modified_gmt":"2013-05-15T21:43:25","slug":"el-enemigo","status":"publish","type":"product","link":"https:\/\/ajupe.com.uy\/web\/biblioteca\/el-enemigo\/","title":{"rendered":"El enemigo"},"content":{"rendered":"<p>A\u00f1o nuevo, 1990. El muro de Berl\u00edn acaba de caer, y con \u00e9l, termina la  guerra fr\u00eda. El mundo se enfrenta a una nueva era pol\u00edtico-militar. Ese  mismo d\u00eda, Jack Reacher, un oficial de la pol\u00edcia militar destinado en  Carolina del Norte, recibe una llamada que le comunica la muerte de uno  de los soldados de la base en un motel de la zona. Aparentemente, se  trata de una muerte natural: sin embargo, cuando se descubre que la  v\u00edctima era un general influyente, Reacher, ayudado por una joven  afroamericana, que tambi\u00e9n es soldado, iniciar\u00e1 una investigaci\u00f3n.<\/p>\n","protected":false},"excerpt":{"rendered":"<p>A\u00f1o nuevo, 1990. El muro de Berl\u00edn acaba de caer, y con \u00e9l, termina la guerra fr\u00eda. El mundo se enfrenta a una nueva era pol\u00edtico-militar.<\/p>\n","protected":false},"featured_media":6172,"template":"","meta":[],"product_brand":[423],"product_cat":[40,30],"product_tag":[],"class_list":{"0":"post-6171","1":"product","2":"type-product","3":"status-publish","4":"has-post-thumbnail","6":"product_brand-lee-child","7":"product_cat-policial","8":"product_cat-suspenso","10":"first","11":"instock","12":"purchasable","13":"product-type-simple"},"featured_image_urls_v2":{"full":["https:\/\/ajupe.com.uy\/web\/wp-content\/uploads\/2016\/04\/p-6171-El_enemigo_5193d74d1ca08.jpg",161,256,false],"thumbnail":["https:\/\/ajupe.com.uy\/web\/wp-content\/uploads\/2016\/04\/p-6171-El_enemigo_5193d74d1ca08.jpg",150,150,true],"medium":["https:\/\/ajupe.com.uy\/web\/wp-content\/uploads\/2016\/04\/p-6171-El_enemigo_5193d74d1ca08.jpg",300,214,true],"medium_large":["https:\/\/ajupe.com.uy\/web\/wp-content\/uploads\/2016\/04\/p-6171-El_enemigo_5193d74d1ca08.jpg",161,256,false],"large":["https:\/\/ajupe.com.uy\/web\/wp-content\/uploads\/2016\/04\/p-6171-El_enemigo_5193d74d1ca08.jpg",161,256,false],"1536x1536":["https:\/\/ajupe.com.uy\/web\/wp-content\/uploads\/2016\/04\/p-6171-El_enemigo_5193d74d1ca08.jpg",161,256,false],"2048x2048":["https:\/\/ajupe.com.uy\/web\/wp-content\/uploads\/2016\/04\/p-6171-El_enemigo_5193d74d1ca08.jpg",161,256,false],"woocommerce_archive_thumbnail":["https:\/\/ajupe.com.uy\/web\/wp-content\/uploads\/2016\/04\/p-6171-El_enemigo_5193d74d1ca08.jpg",161,256,false],"woocommerce_thumbnail":["https:\/\/ajupe.com.uy\/web\/wp-content\/uploads\/2016\/04\/p-6171-El_enemigo_5193d74d1ca08.jpg",161,256,false],"woocommerce_single":["https:\/\/ajupe.com.uy\/web\/wp-content\/uploads\/2016\/04\/p-6171-El_enemigo_5193d74d1ca08.jpg",161,256,false],"woocommerce_gallery_thumbnail":["https:\/\/ajupe.com.uy\/web\/wp-content\/uploads\/2016\/04\/p-6171-El_enemigo_5193d74d1ca08-100x100.jpg",100,100,true]},"post_excerpt_stackable_v2":"<p>A\u00f1o nuevo, 1990. El muro de Berl\u00edn acaba de caer, y con \u00e9l, termina la guerra fr\u00eda. El mundo se enfrenta a una nueva era pol\u00edtico-militar.<\/p>\n","category_list_v2":"","author_info_v2":{"name":"","url":""},"comments_num_v2":"0 comentarios","_links":{"self":[{"href":"https:\/\/ajupe.com.uy\/web\/wp-json\/wp\/v2\/product\/6171","targetHints":{"allow":["GET"]}}],"collection":[{"href":"https:\/\/ajupe.com.uy\/web\/wp-json\/wp\/v2\/product"}],"about":[{"href":"https:\/\/ajupe.com.uy\/web\/wp-json\/wp\/v2\/types\/product"}],"wp:featuredmedia":[{"embeddable":true,"href":"https:\/\/ajupe.com.uy\/web\/wp-json\/wp\/v2\/media\/6172"}],"wp:attachment":[{"href":"https:\/\/ajupe.com.uy\/web\/wp-json\/wp\/v2\/media?parent=6171"}],"wp:term":[{"taxonomy":"product_brand","embeddable":true,"href":"https:\/\/ajupe.com.uy\/web\/wp-json\/wp\/v2\/product_brand?post=6171"},{"taxonomy":"product_cat","embeddable":true,"href":"https:\/\/ajupe.com.uy\/web\/wp-json\/wp\/v2\/product_cat?post=6171"},{"taxonomy":"product_tag","embeddable":true,"href":"https:\/\/ajupe.com.uy\/web\/wp-json\/wp\/v2\/product_tag?post=6171"}],"curies":[{"name":"wp","href":"https:\/\/api.w.org\/{rel}","templated":true}]}}