{"id":6174,"date":"2013-05-15T20:45:37","date_gmt":"2013-05-15T23:45:37","guid":{"rendered":"http:\/\/ajupe.com.uy\/web\/?post_type=product&#038;p=6174"},"modified":"2013-05-15T20:45:37","modified_gmt":"2013-05-15T23:45:37","slug":"el-inductor-2","status":"publish","type":"product","link":"https:\/\/ajupe.com.uy\/web\/biblioteca\/el-inductor-2\/","title":{"rendered":"El inductor"},"content":{"rendered":"<p>Clandestino: sin duda la situaci\u00f3n m\u00e1s solitaria y vulnerable para  trabajar. Sin embargo, Jack Reacher est\u00e1 dispuesto a actuar en esas  condiciones cuando un equipo extraoficial de la DEA le propone una  misi\u00f3n de alto riesgo. Reputado por su destreza e inteligencia y la  experiencia adquirida durante sus a\u00f1os como pol\u00edcia militar, Reacher  trabaja ahora por libre aceptando casos que la mayor\u00eda rechazan.<\/p>\n","protected":false},"excerpt":{"rendered":"<p>Clandestino: sin duda la situaci\u00f3n m\u00e1s solitaria y vulnerable para trabajar. Sin embargo, Jack Reacher est\u00e1 dispuesto a actuar en esas condiciones cuando un equipo extraoficial de la DEA le propone una misi\u00f3n de alto riesgo.<\/p>\n","protected":false},"featured_media":6175,"template":"","meta":[],"product_brand":[423],"product_cat":[48],"product_tag":[],"class_list":{"0":"post-6174","1":"product","2":"type-product","3":"status-publish","4":"has-post-thumbnail","6":"product_brand-lee-child","7":"product_cat-thrillers","9":"first","10":"instock","11":"purchasable","12":"product-type-simple"},"featured_image_urls_v2":{"full":["https:\/\/ajupe.com.uy\/web\/wp-content\/uploads\/2016\/04\/p-6174-El_inductor_5193f3f12fc28.jpg",160,253,false],"thumbnail":["https:\/\/ajupe.com.uy\/web\/wp-content\/uploads\/2016\/04\/p-6174-El_inductor_5193f3f12fc28.jpg",150,150,true],"medium":["https:\/\/ajupe.com.uy\/web\/wp-content\/uploads\/2016\/04\/p-6174-El_inductor_5193f3f12fc28.jpg",300,214,true],"medium_large":["https:\/\/ajupe.com.uy\/web\/wp-content\/uploads\/2016\/04\/p-6174-El_inductor_5193f3f12fc28.jpg",160,253,false],"large":["https:\/\/ajupe.com.uy\/web\/wp-content\/uploads\/2016\/04\/p-6174-El_inductor_5193f3f12fc28.jpg",160,253,false],"1536x1536":["https:\/\/ajupe.com.uy\/web\/wp-content\/uploads\/2016\/04\/p-6174-El_inductor_5193f3f12fc28.jpg",160,253,false],"2048x2048":["https:\/\/ajupe.com.uy\/web\/wp-content\/uploads\/2016\/04\/p-6174-El_inductor_5193f3f12fc28.jpg",160,253,false],"woocommerce_archive_thumbnail":["https:\/\/ajupe.com.uy\/web\/wp-content\/uploads\/2016\/04\/p-6174-El_inductor_5193f3f12fc28.jpg",160,253,false],"woocommerce_thumbnail":["https:\/\/ajupe.com.uy\/web\/wp-content\/uploads\/2016\/04\/p-6174-El_inductor_5193f3f12fc28.jpg",160,253,false],"woocommerce_single":["https:\/\/ajupe.com.uy\/web\/wp-content\/uploads\/2016\/04\/p-6174-El_inductor_5193f3f12fc28.jpg",160,253,false],"woocommerce_gallery_thumbnail":["https:\/\/ajupe.com.uy\/web\/wp-content\/uploads\/2016\/04\/p-6174-El_inductor_5193f3f12fc28-100x100.jpg",100,100,true]},"post_excerpt_stackable_v2":"<p>Clandestino: sin duda la situaci\u00f3n m\u00e1s solitaria y vulnerable para trabajar. Sin embargo, Jack Reacher est\u00e1 dispuesto a actuar en esas condiciones cuando un equipo extraoficial de la DEA le propone una misi\u00f3n de alto riesgo.<\/p>\n","category_list_v2":"","author_info_v2":{"name":"","url":""},"comments_num_v2":"0 comentarios","_links":{"self":[{"href":"https:\/\/ajupe.com.uy\/web\/wp-json\/wp\/v2\/product\/6174","targetHints":{"allow":["GET"]}}],"collection":[{"href":"https:\/\/ajupe.com.uy\/web\/wp-json\/wp\/v2\/product"}],"about":[{"href":"https:\/\/ajupe.com.uy\/web\/wp-json\/wp\/v2\/types\/product"}],"wp:featuredmedia":[{"embeddable":true,"href":"https:\/\/ajupe.com.uy\/web\/wp-json\/wp\/v2\/media\/6175"}],"wp:attachment":[{"href":"https:\/\/ajupe.com.uy\/web\/wp-json\/wp\/v2\/media?parent=6174"}],"wp:term":[{"taxonomy":"product_brand","embeddable":true,"href":"https:\/\/ajupe.com.uy\/web\/wp-json\/wp\/v2\/product_brand?post=6174"},{"taxonomy":"product_cat","embeddable":true,"href":"https:\/\/ajupe.com.uy\/web\/wp-json\/wp\/v2\/product_cat?post=6174"},{"taxonomy":"product_tag","embeddable":true,"href":"https:\/\/ajupe.com.uy\/web\/wp-json\/wp\/v2\/product_tag?post=6174"}],"curies":[{"name":"wp","href":"https:\/\/api.w.org\/{rel}","templated":true}]}}