{"id":6189,"date":"2013-05-15T21:41:20","date_gmt":"2013-05-16T00:41:20","guid":{"rendered":"http:\/\/ajupe.com.uy\/web\/?post_type=product&#038;p=6189"},"modified":"2013-05-15T21:41:20","modified_gmt":"2013-05-16T00:41:20","slug":"camino-a-la-atlantida","status":"publish","type":"product","link":"https:\/\/ajupe.com.uy\/web\/biblioteca\/camino-a-la-atlantida\/","title":{"rendered":"Camino a la Atlantida"},"content":{"rendered":"<p>\u00bfMinti\u00f3 Plat\u00f3n al construir un relato extraordinario sobre una  civilizaci\u00f3n desaparecida a la que llam\u00f3 Atl\u00e1ntida? \u00bfQu\u00e9 relaci\u00f3n pudo  tener el m\u00edtico continente con otros legendarios lugares? \u00bfQu\u00e9 suceder\u00eda  si en realidad hubo un mundo perdido cuyos habitantes no se  extinguieron en su totalidad? \u00bfEs posible rastrear el itinerario que  pudieron seguir los supervivientes tras el desastre? \u00bfExiste una  ense\u00f1anza oculta procedente de un tiempo lejano que qued\u00f3 resguardada?  \u00bfPodemos encontrar destellos de aquella sabidur\u00eda? Y si es as\u00ed, \u00bfd\u00f3nde? <br \/><em>Camino a la Atl\u00e1ntida <\/em>es  un ensayo hist\u00f3rico que no le dejar\u00e1 indiferentes, realizado por quien  es referente dentro de la heterodoxia, desde una perspectiva  completamente novedosa, fruto de a\u00f1os de estudio y cientos de kil\u00f3metros  recorridos por todo el mundo, como explorador del esp\u00edritu, detective  de la historia, que le llevar\u00e1 a descubrir, no solamente las claves  secretas -mejor dicho discretas- que existen en el Camino de Santiago,  sino su posible origen y relaci\u00f3n con elm\u00edtico continente.<\/p>\n","protected":false},"excerpt":{"rendered":"<p>Camino a la Atl\u00e1ntida es un ensayo hist\u00f3rico que no le dejar\u00e1 indiferentes, realizado por quien es referente dentro de la heterodoxia, desde una perspectiva completamente novedosa, fruto de a\u00f1os de estudio y cientos de kil\u00f3metros recorridos por todo el mu<\/p>\n","protected":false},"featured_media":6190,"template":"","meta":[],"product_brand":[1216],"product_cat":[31,29],"product_tag":[],"class_list":{"0":"post-6189","1":"product","2":"type-product","3":"status-publish","4":"has-post-thumbnail","6":"product_brand-mariano-urresti","7":"product_cat-historico","8":"product_cat-novela","10":"first","11":"instock","12":"purchasable","13":"product-type-simple"},"featured_image_urls_v2":{"full":["https:\/\/ajupe.com.uy\/web\/wp-content\/uploads\/2016\/04\/p-6189-Camino_a_la_Atla_519401000fa9e.jpg",235,335,false],"thumbnail":["https:\/\/ajupe.com.uy\/web\/wp-content\/uploads\/2016\/04\/p-6189-Camino_a_la_Atla_519401000fa9e.jpg",150,150,true],"medium":["https:\/\/ajupe.com.uy\/web\/wp-content\/uploads\/2016\/04\/p-6189-Camino_a_la_Atla_519401000fa9e.jpg",300,214,true],"medium_large":["https:\/\/ajupe.com.uy\/web\/wp-content\/uploads\/2016\/04\/p-6189-Camino_a_la_Atla_519401000fa9e.jpg",235,335,false],"large":["https:\/\/ajupe.com.uy\/web\/wp-content\/uploads\/2016\/04\/p-6189-Camino_a_la_Atla_519401000fa9e.jpg",235,335,false],"1536x1536":["https:\/\/ajupe.com.uy\/web\/wp-content\/uploads\/2016\/04\/p-6189-Camino_a_la_Atla_519401000fa9e.jpg",235,335,false],"2048x2048":["https:\/\/ajupe.com.uy\/web\/wp-content\/uploads\/2016\/04\/p-6189-Camino_a_la_Atla_519401000fa9e.jpg",235,335,false],"woocommerce_archive_thumbnail":["https:\/\/ajupe.com.uy\/web\/wp-content\/uploads\/2016\/04\/p-6189-Camino_a_la_Atla_519401000fa9e-235x300.jpg",235,300,true],"woocommerce_thumbnail":["https:\/\/ajupe.com.uy\/web\/wp-content\/uploads\/2016\/04\/p-6189-Camino_a_la_Atla_519401000fa9e-235x300.jpg",235,300,true],"woocommerce_single":["https:\/\/ajupe.com.uy\/web\/wp-content\/uploads\/2016\/04\/p-6189-Camino_a_la_Atla_519401000fa9e.jpg",235,335,false],"woocommerce_gallery_thumbnail":["https:\/\/ajupe.com.uy\/web\/wp-content\/uploads\/2016\/04\/p-6189-Camino_a_la_Atla_519401000fa9e-100x100.jpg",100,100,true]},"post_excerpt_stackable_v2":"<p>Camino a la Atl\u00e1ntida es un ensayo hist\u00f3rico que no le dejar\u00e1 indiferentes, realizado por quien es referente dentro de la heterodoxia, desde una perspectiva completamente novedosa, fruto de a\u00f1os de estudio y cientos de kil\u00f3metros recorridos por todo el mu<\/p>\n","category_list_v2":"","author_info_v2":{"name":"","url":""},"comments_num_v2":"0 comentarios","_links":{"self":[{"href":"https:\/\/ajupe.com.uy\/web\/wp-json\/wp\/v2\/product\/6189","targetHints":{"allow":["GET"]}}],"collection":[{"href":"https:\/\/ajupe.com.uy\/web\/wp-json\/wp\/v2\/product"}],"about":[{"href":"https:\/\/ajupe.com.uy\/web\/wp-json\/wp\/v2\/types\/product"}],"wp:featuredmedia":[{"embeddable":true,"href":"https:\/\/ajupe.com.uy\/web\/wp-json\/wp\/v2\/media\/6190"}],"wp:attachment":[{"href":"https:\/\/ajupe.com.uy\/web\/wp-json\/wp\/v2\/media?parent=6189"}],"wp:term":[{"taxonomy":"product_brand","embeddable":true,"href":"https:\/\/ajupe.com.uy\/web\/wp-json\/wp\/v2\/product_brand?post=6189"},{"taxonomy":"product_cat","embeddable":true,"href":"https:\/\/ajupe.com.uy\/web\/wp-json\/wp\/v2\/product_cat?post=6189"},{"taxonomy":"product_tag","embeddable":true,"href":"https:\/\/ajupe.com.uy\/web\/wp-json\/wp\/v2\/product_tag?post=6189"}],"curies":[{"name":"wp","href":"https:\/\/api.w.org\/{rel}","templated":true}]}}