{"id":6195,"date":"2013-05-17T19:06:37","date_gmt":"2013-05-17T22:06:37","guid":{"rendered":"http:\/\/ajupe.com.uy\/web\/?post_type=product&#038;p=6195"},"modified":"2013-05-17T19:06:37","modified_gmt":"2013-05-17T22:06:37","slug":"antes-de-que-hiele","status":"publish","type":"product","link":"https:\/\/ajupe.com.uy\/web\/biblioteca\/antes-de-que-hiele\/","title":{"rendered":"Antes de que hiele"},"content":{"rendered":"<p>\u00c9sta es la primera novela protagonizada por Linda Wallander, la hija de  Kurt Wallander, el carism\u00e1tico inspector de la polic\u00eda sueca que dio  fama a su creador, Henning Mankell.<\/p>\n<p>Linda ha aprobado el curso de polic\u00eda y le faltan dos semanas para  incorporarse como polic\u00eda en pr\u00e1cticas en la comisar\u00eda de Ystad, donde  trabaja su padre Kurt. Mientras tanto, retoma su amistad con dos amigas  de la infancia, Zebran y Anna. De pronto, Anna desaparece y Linda  empieza a investigar extraoficilamente. Al mismo tiempo, son vistos  cisnes ardiendo, queman a un ternero e incendian una tienda de animales.  La polic\u00eda no sabe qu\u00e9 pensar. Cuando aparece la cabeza y las manos  entrelazadas de una mujer, se dan cuenta de que est\u00e1n ante un asesinato  que tiene algo de ritual o de religioso.<\/p>\n","protected":false},"excerpt":{"rendered":"<p>\u00c9sta es la primera novela protagonizada por Linda Wallander, la hija de Kurt Wallander, el carism\u00e1tico inspector de la polic\u00eda sueca que dio fama a su creador, Henning Mankell<\/p>\n","protected":false},"featured_media":6196,"template":"","meta":[],"product_brand":[996],"product_cat":[40],"product_tag":[],"class_list":{"0":"post-6195","1":"product","2":"type-product","3":"status-publish","4":"has-post-thumbnail","6":"product_brand-henning-mankell","7":"product_cat-policial","9":"first","10":"instock","11":"purchasable","12":"product-type-simple"},"featured_image_urls_v2":{"full":["https:\/\/ajupe.com.uy\/web\/wp-content\/uploads\/2016\/04\/p-6195-Antes_de_que_hie_51967fbde5c13.jpg",158,248,false],"thumbnail":["https:\/\/ajupe.com.uy\/web\/wp-content\/uploads\/2016\/04\/p-6195-Antes_de_que_hie_51967fbde5c13.jpg",150,150,true],"medium":["https:\/\/ajupe.com.uy\/web\/wp-content\/uploads\/2016\/04\/p-6195-Antes_de_que_hie_51967fbde5c13.jpg",300,214,true],"medium_large":["https:\/\/ajupe.com.uy\/web\/wp-content\/uploads\/2016\/04\/p-6195-Antes_de_que_hie_51967fbde5c13.jpg",158,248,false],"large":["https:\/\/ajupe.com.uy\/web\/wp-content\/uploads\/2016\/04\/p-6195-Antes_de_que_hie_51967fbde5c13.jpg",158,248,false],"1536x1536":["https:\/\/ajupe.com.uy\/web\/wp-content\/uploads\/2016\/04\/p-6195-Antes_de_que_hie_51967fbde5c13.jpg",158,248,false],"2048x2048":["https:\/\/ajupe.com.uy\/web\/wp-content\/uploads\/2016\/04\/p-6195-Antes_de_que_hie_51967fbde5c13.jpg",158,248,false],"woocommerce_archive_thumbnail":["https:\/\/ajupe.com.uy\/web\/wp-content\/uploads\/2016\/04\/p-6195-Antes_de_que_hie_51967fbde5c13.jpg",158,248,false],"woocommerce_thumbnail":["https:\/\/ajupe.com.uy\/web\/wp-content\/uploads\/2016\/04\/p-6195-Antes_de_que_hie_51967fbde5c13.jpg",158,248,false],"woocommerce_single":["https:\/\/ajupe.com.uy\/web\/wp-content\/uploads\/2016\/04\/p-6195-Antes_de_que_hie_51967fbde5c13.jpg",158,248,false],"woocommerce_gallery_thumbnail":["https:\/\/ajupe.com.uy\/web\/wp-content\/uploads\/2016\/04\/p-6195-Antes_de_que_hie_51967fbde5c13-100x100.jpg",100,100,true]},"post_excerpt_stackable_v2":"<p>\u00c9sta es la primera novela protagonizada por Linda Wallander, la hija de Kurt Wallander, el carism\u00e1tico inspector de la polic\u00eda sueca que dio fama a su creador, Henning Mankell<\/p>\n","category_list_v2":"","author_info_v2":{"name":"","url":""},"comments_num_v2":"0 comentarios","_links":{"self":[{"href":"https:\/\/ajupe.com.uy\/web\/wp-json\/wp\/v2\/product\/6195","targetHints":{"allow":["GET"]}}],"collection":[{"href":"https:\/\/ajupe.com.uy\/web\/wp-json\/wp\/v2\/product"}],"about":[{"href":"https:\/\/ajupe.com.uy\/web\/wp-json\/wp\/v2\/types\/product"}],"wp:featuredmedia":[{"embeddable":true,"href":"https:\/\/ajupe.com.uy\/web\/wp-json\/wp\/v2\/media\/6196"}],"wp:attachment":[{"href":"https:\/\/ajupe.com.uy\/web\/wp-json\/wp\/v2\/media?parent=6195"}],"wp:term":[{"taxonomy":"product_brand","embeddable":true,"href":"https:\/\/ajupe.com.uy\/web\/wp-json\/wp\/v2\/product_brand?post=6195"},{"taxonomy":"product_cat","embeddable":true,"href":"https:\/\/ajupe.com.uy\/web\/wp-json\/wp\/v2\/product_cat?post=6195"},{"taxonomy":"product_tag","embeddable":true,"href":"https:\/\/ajupe.com.uy\/web\/wp-json\/wp\/v2\/product_tag?post=6195"}],"curies":[{"name":"wp","href":"https:\/\/api.w.org\/{rel}","templated":true}]}}