{"id":6198,"date":"2013-05-17T19:13:08","date_gmt":"2013-05-17T22:13:08","guid":{"rendered":"http:\/\/ajupe.com.uy\/web\/?post_type=product&#038;p=6198"},"modified":"2013-05-17T19:13:08","modified_gmt":"2013-05-17T22:13:08","slug":"asesinos-sin-rostro","status":"publish","type":"product","link":"https:\/\/ajupe.com.uy\/web\/biblioteca\/asesinos-sin-rostro\/","title":{"rendered":"Asesinos sin rostro"},"content":{"rendered":"<p>El extra\u00f1o y cruel asesinato de un matrimonio de ancianos en la campi\u00f1a  sueca revela a Kurt Wallander la cara m\u00e1s oscura de la Suecia moderna. <\/p>\n<p>En  este hist\u00f3rico primer encuentro con sus lectores, el inspector  Wallander debe resolver un caso casi tan complicado como su vida  personal. Mientras procura desenmascarar a los despiadados asesinos de  una anciana que ha muerto con la palabra \u00abextranjero\u00bb en la boca antes  de que los prejuicios raciales latentes en la comunidad desaten una ola  de violencia vengadora, Wallander debe enfrentar el abandono de su  esposa, la hostilidad de su hija, la demencia senil de su padre y hasta  su propio deterioro f\u00edsico a causa del exceso de alcohol y comida barata  y la falta de sue\u00f1o. Wallander terminar\u00e1n por hallar la inesperada  soluci\u00f3n del caso, pero sus problemas familiares no acabar\u00e1n con este  libro. Por no hablar de los de su pa\u00eds, arrojado a una nueva era en la  que, como cree el inspector, \u00abla inquietud aumentar\u00e1 bajo el cielo\u00bb.<\/p>\n","protected":false},"excerpt":{"rendered":"<p>El extra\u00f1o y cruel asesinato de un matrimonio de ancianos en la campi\u00f1a sueca revela a Kurt Wallander la cara m\u00e1s oscura de la Suecia moderna.<\/p>\n","protected":false},"featured_media":6199,"template":"","meta":[],"product_brand":[996],"product_cat":[40],"product_tag":[],"class_list":{"0":"post-6198","1":"product","2":"type-product","3":"status-publish","4":"has-post-thumbnail","6":"product_brand-henning-mankell","7":"product_cat-policial","9":"first","10":"instock","11":"purchasable","12":"product-type-simple"},"featured_image_urls_v2":{"full":["https:\/\/ajupe.com.uy\/web\/wp-content\/uploads\/2016\/04\/p-6198-Asesinos_sin_ros_5196814491c69.jpg",145,223,false],"thumbnail":["https:\/\/ajupe.com.uy\/web\/wp-content\/uploads\/2016\/04\/p-6198-Asesinos_sin_ros_5196814491c69.jpg",150,150,true],"medium":["https:\/\/ajupe.com.uy\/web\/wp-content\/uploads\/2016\/04\/p-6198-Asesinos_sin_ros_5196814491c69.jpg",300,214,true],"medium_large":["https:\/\/ajupe.com.uy\/web\/wp-content\/uploads\/2016\/04\/p-6198-Asesinos_sin_ros_5196814491c69.jpg",145,223,false],"large":["https:\/\/ajupe.com.uy\/web\/wp-content\/uploads\/2016\/04\/p-6198-Asesinos_sin_ros_5196814491c69.jpg",145,223,false],"1536x1536":["https:\/\/ajupe.com.uy\/web\/wp-content\/uploads\/2016\/04\/p-6198-Asesinos_sin_ros_5196814491c69.jpg",145,223,false],"2048x2048":["https:\/\/ajupe.com.uy\/web\/wp-content\/uploads\/2016\/04\/p-6198-Asesinos_sin_ros_5196814491c69.jpg",145,223,false],"woocommerce_archive_thumbnail":["https:\/\/ajupe.com.uy\/web\/wp-content\/uploads\/2016\/04\/p-6198-Asesinos_sin_ros_5196814491c69.jpg",145,223,false],"woocommerce_thumbnail":["https:\/\/ajupe.com.uy\/web\/wp-content\/uploads\/2016\/04\/p-6198-Asesinos_sin_ros_5196814491c69.jpg",145,223,false],"woocommerce_single":["https:\/\/ajupe.com.uy\/web\/wp-content\/uploads\/2016\/04\/p-6198-Asesinos_sin_ros_5196814491c69.jpg",145,223,false],"woocommerce_gallery_thumbnail":["https:\/\/ajupe.com.uy\/web\/wp-content\/uploads\/2016\/04\/p-6198-Asesinos_sin_ros_5196814491c69-100x100.jpg",100,100,true]},"post_excerpt_stackable_v2":"<p>El extra\u00f1o y cruel asesinato de un matrimonio de ancianos en la campi\u00f1a sueca revela a Kurt Wallander la cara m\u00e1s oscura de la Suecia moderna.<\/p>\n","category_list_v2":"","author_info_v2":{"name":"","url":""},"comments_num_v2":"0 comentarios","_links":{"self":[{"href":"https:\/\/ajupe.com.uy\/web\/wp-json\/wp\/v2\/product\/6198","targetHints":{"allow":["GET"]}}],"collection":[{"href":"https:\/\/ajupe.com.uy\/web\/wp-json\/wp\/v2\/product"}],"about":[{"href":"https:\/\/ajupe.com.uy\/web\/wp-json\/wp\/v2\/types\/product"}],"wp:featuredmedia":[{"embeddable":true,"href":"https:\/\/ajupe.com.uy\/web\/wp-json\/wp\/v2\/media\/6199"}],"wp:attachment":[{"href":"https:\/\/ajupe.com.uy\/web\/wp-json\/wp\/v2\/media?parent=6198"}],"wp:term":[{"taxonomy":"product_brand","embeddable":true,"href":"https:\/\/ajupe.com.uy\/web\/wp-json\/wp\/v2\/product_brand?post=6198"},{"taxonomy":"product_cat","embeddable":true,"href":"https:\/\/ajupe.com.uy\/web\/wp-json\/wp\/v2\/product_cat?post=6198"},{"taxonomy":"product_tag","embeddable":true,"href":"https:\/\/ajupe.com.uy\/web\/wp-json\/wp\/v2\/product_tag?post=6198"}],"curies":[{"name":"wp","href":"https:\/\/api.w.org\/{rel}","templated":true}]}}