{"id":6201,"date":"2013-05-17T19:20:17","date_gmt":"2013-05-17T22:20:17","guid":{"rendered":"http:\/\/ajupe.com.uy\/web\/?post_type=product&#038;p=6201"},"modified":"2013-05-17T19:20:17","modified_gmt":"2013-05-17T22:20:17","slug":"la-quinta-mujer","status":"publish","type":"product","link":"https:\/\/ajupe.com.uy\/web\/biblioteca\/la-quinta-mujer\/","title":{"rendered":"La quinta mujer"},"content":{"rendered":"<p>Con gran entusiasmo y la confianza de que nuestros lectores sabr\u00e1n  compartirlo, presentamos a Hennig Mankell, desde hace tiempo uno de los  escritores suecos contempor\u00e1neos m\u00e1s admirados en su pa\u00eds y, desde hace  poco, uno de los m\u00e1s le\u00eddos en toda Europa. Y es que, con la serie de  libros protagonizada por el inspector Kurt Wallander -entre los que se  incluye La quinta mujer- ha alcanzado ya la cifra de un mill\u00f3n de  ejemplares. Traducido a varios idiomas, entre ellos al japon\u00e9s, los  lectores de lengua espa\u00f1ola tambi\u00e9n merec\u00edan disfrutar de la refinada  astucia de este detective que, literalmente, nos viene del fr\u00edo.<\/p>\n<p>La  placidez habitual de la ciudad sueca de Ystad se ve rota cuando, con  cierto intervalo de tiempo, tres hombres aparecen salvajemente  asesinados. Las v\u00edctimas llevaban una vida apacible y tranquila,  dedicadas a la ornitolog\u00eda, el cultivo de orqu\u00eddeas y la poes\u00eda, lo cual  hace a\u00fan m\u00e1s incomprensible el casi insoportable sadismo de que han  sido objeto. Durante la investigaci\u00f3n del caso, Wallander -un detective  vulnerable y con aires de antih\u00e9roe- descubre que no s\u00f3lo debe  enfrentarse a un asesino de temible inteligencia, sino que \u00e9ste parece  guiarse por un sanguinario y turbio deseo de venganza. Cuando por fin la  polic\u00eda cree estar tras la buena pista, un nuevo asesinato da un vuelco  a la investigaci\u00f3n y provoca un mot\u00edn entre la asustada poblaci\u00f3n  local.<\/p>\n","protected":false},"excerpt":{"rendered":"<p>Con gran entusiasmo y la confianza de que nuestros lectores sabr\u00e1n compartirlo, presentamos a Hennig Mankell, desde hace tiempo uno de los escritores suecos contempor\u00e1neos m\u00e1s admirados en su pa\u00eds y, desde hace poco, uno de los m\u00e1s le\u00eddos en toda Europa. <\/p>\n","protected":false},"featured_media":6202,"template":"","meta":[],"product_brand":[996],"product_cat":[40],"product_tag":[],"class_list":{"0":"post-6201","1":"product","2":"type-product","3":"status-publish","4":"has-post-thumbnail","6":"product_brand-henning-mankell","7":"product_cat-policial","9":"first","10":"instock","11":"purchasable","12":"product-type-simple"},"featured_image_urls_v2":{"full":["https:\/\/ajupe.com.uy\/web\/wp-content\/uploads\/2016\/04\/p-6201-La_quinta_mujer_519682f1c178c.jpg",184,277,false],"thumbnail":["https:\/\/ajupe.com.uy\/web\/wp-content\/uploads\/2016\/04\/p-6201-La_quinta_mujer_519682f1c178c.jpg",150,150,true],"medium":["https:\/\/ajupe.com.uy\/web\/wp-content\/uploads\/2016\/04\/p-6201-La_quinta_mujer_519682f1c178c.jpg",300,214,true],"medium_large":["https:\/\/ajupe.com.uy\/web\/wp-content\/uploads\/2016\/04\/p-6201-La_quinta_mujer_519682f1c178c.jpg",184,277,false],"large":["https:\/\/ajupe.com.uy\/web\/wp-content\/uploads\/2016\/04\/p-6201-La_quinta_mujer_519682f1c178c.jpg",184,277,false],"1536x1536":["https:\/\/ajupe.com.uy\/web\/wp-content\/uploads\/2016\/04\/p-6201-La_quinta_mujer_519682f1c178c.jpg",184,277,false],"2048x2048":["https:\/\/ajupe.com.uy\/web\/wp-content\/uploads\/2016\/04\/p-6201-La_quinta_mujer_519682f1c178c.jpg",184,277,false],"woocommerce_archive_thumbnail":["https:\/\/ajupe.com.uy\/web\/wp-content\/uploads\/2016\/04\/p-6201-La_quinta_mujer_519682f1c178c.jpg",184,277,false],"woocommerce_thumbnail":["https:\/\/ajupe.com.uy\/web\/wp-content\/uploads\/2016\/04\/p-6201-La_quinta_mujer_519682f1c178c.jpg",184,277,false],"woocommerce_single":["https:\/\/ajupe.com.uy\/web\/wp-content\/uploads\/2016\/04\/p-6201-La_quinta_mujer_519682f1c178c.jpg",184,277,false],"woocommerce_gallery_thumbnail":["https:\/\/ajupe.com.uy\/web\/wp-content\/uploads\/2016\/04\/p-6201-La_quinta_mujer_519682f1c178c-100x100.jpg",100,100,true]},"post_excerpt_stackable_v2":"<p>Con gran entusiasmo y la confianza de que nuestros lectores sabr\u00e1n compartirlo, presentamos a Hennig Mankell, desde hace tiempo uno de los escritores suecos contempor\u00e1neos m\u00e1s admirados en su pa\u00eds y, desde hace poco, uno de los m\u00e1s le\u00eddos en toda Europa. <\/p>\n","category_list_v2":"","author_info_v2":{"name":"","url":""},"comments_num_v2":"0 comentarios","_links":{"self":[{"href":"https:\/\/ajupe.com.uy\/web\/wp-json\/wp\/v2\/product\/6201","targetHints":{"allow":["GET"]}}],"collection":[{"href":"https:\/\/ajupe.com.uy\/web\/wp-json\/wp\/v2\/product"}],"about":[{"href":"https:\/\/ajupe.com.uy\/web\/wp-json\/wp\/v2\/types\/product"}],"wp:featuredmedia":[{"embeddable":true,"href":"https:\/\/ajupe.com.uy\/web\/wp-json\/wp\/v2\/media\/6202"}],"wp:attachment":[{"href":"https:\/\/ajupe.com.uy\/web\/wp-json\/wp\/v2\/media?parent=6201"}],"wp:term":[{"taxonomy":"product_brand","embeddable":true,"href":"https:\/\/ajupe.com.uy\/web\/wp-json\/wp\/v2\/product_brand?post=6201"},{"taxonomy":"product_cat","embeddable":true,"href":"https:\/\/ajupe.com.uy\/web\/wp-json\/wp\/v2\/product_cat?post=6201"},{"taxonomy":"product_tag","embeddable":true,"href":"https:\/\/ajupe.com.uy\/web\/wp-json\/wp\/v2\/product_tag?post=6201"}],"curies":[{"name":"wp","href":"https:\/\/api.w.org\/{rel}","templated":true}]}}