{"id":6204,"date":"2013-05-17T19:49:39","date_gmt":"2013-05-17T22:49:39","guid":{"rendered":"http:\/\/ajupe.com.uy\/web\/?post_type=product&#038;p=6204"},"modified":"2013-05-17T19:49:39","modified_gmt":"2013-05-17T22:49:39","slug":"caballo-de-fuego-congo","status":"publish","type":"product","link":"https:\/\/ajupe.com.uy\/web\/biblioteca\/caballo-de-fuego-congo\/","title":{"rendered":"Caballo de fuego Congo"},"content":{"rendered":"<p><span style=\"height: 250px; float: left; width: 490px; font-weight: normal; font-size: 15px; font-style: normal; overflow: hidden; padding: 0px;\"><\/p>\n<p>La  cirujana pedi\u00e1trica Matilde Mart\u00ednez viaja desde Par\u00eds con destino al  Congo guiada por una ilusi\u00f3n: aliviar el sufrimiento de los ni\u00f1os  castigados por la violencia y el hambre que imperan en ese pa\u00eds  africano. Ha dejado atr\u00e1s una historia de amor dif\u00edcil, que no consigue  olvidar.<\/p>\n<p>\u00a0<\/p>\n<p>Por su parte, el soldado profesional Eliah Al-Saud llega al Congo<\/p>\n<p>movido por una ambici\u00f3n: hacerse de una mina de colt\u00e1n, el mineral m\u00e1s  codiciado por los fabricantes de tel\u00e9fonos m\u00f3viles, que le redituar\u00e1  grandes beneficios econ\u00f3micos. Pero sobre todo llega al Congo para  recuperar a Matilde, a quien considera la raz\u00f3n de su vida.<\/p>\n<p>\u00a0<\/p>\n<p>Los traumas y secretos que los distanciaron en Par\u00eds siguen  latentes y, rodeados por un contexto cruel e injusto, la reconciliaci\u00f3n  parece imposible.<\/p>\n<p>\u00a0<\/p>\n<p>En el marco de la Segunda Guerra del Congo, m\u00e1s conocida como  Guerra del Colt\u00e1n, y amenazados por grupos guerrilleros de mucho poder,  Matilde y Eliah intentar\u00e1n por todos los medios que triunfe el amor  sobre la guerra.<\/p>\n<p><\/span><\/p>\n","protected":false},"excerpt":{"rendered":"<p>La cirujana pedi\u00e1trica Matilde Mart\u00ednez viaja desde Par\u00eds con destino al Congo guiada por una ilusi\u00f3n: aliviar el sufrimiento de los ni\u00f1os castigados por la violencia y el hambre que imperan en ese pa\u00eds africano. Ha dejado atr\u00e1s una historia de amor dif\u00edc<\/p>\n","protected":false},"featured_media":6205,"template":"","meta":[],"product_brand":[1180],"product_cat":[29],"product_tag":[],"class_list":{"0":"post-6204","1":"product","2":"type-product","3":"status-publish","4":"has-post-thumbnail","6":"product_brand-florencai-bonelli","7":"product_cat-novela","9":"first","10":"instock","11":"purchasable","12":"product-type-simple"},"featured_image_urls_v2":{"full":["https:\/\/ajupe.com.uy\/web\/wp-content\/uploads\/2016\/04\/p-6204-Caballo_de_fuego_519689d3bd2cd.jpg",219,345,false],"thumbnail":["https:\/\/ajupe.com.uy\/web\/wp-content\/uploads\/2016\/04\/p-6204-Caballo_de_fuego_519689d3bd2cd.jpg",150,150,true],"medium":["https:\/\/ajupe.com.uy\/web\/wp-content\/uploads\/2016\/04\/p-6204-Caballo_de_fuego_519689d3bd2cd.jpg",300,214,true],"medium_large":["https:\/\/ajupe.com.uy\/web\/wp-content\/uploads\/2016\/04\/p-6204-Caballo_de_fuego_519689d3bd2cd.jpg",219,345,false],"large":["https:\/\/ajupe.com.uy\/web\/wp-content\/uploads\/2016\/04\/p-6204-Caballo_de_fuego_519689d3bd2cd.jpg",219,345,false],"1536x1536":["https:\/\/ajupe.com.uy\/web\/wp-content\/uploads\/2016\/04\/p-6204-Caballo_de_fuego_519689d3bd2cd.jpg",219,345,false],"2048x2048":["https:\/\/ajupe.com.uy\/web\/wp-content\/uploads\/2016\/04\/p-6204-Caballo_de_fuego_519689d3bd2cd.jpg",219,345,false],"woocommerce_archive_thumbnail":["https:\/\/ajupe.com.uy\/web\/wp-content\/uploads\/2016\/04\/p-6204-Caballo_de_fuego_519689d3bd2cd-219x300.jpg",219,300,true],"woocommerce_thumbnail":["https:\/\/ajupe.com.uy\/web\/wp-content\/uploads\/2016\/04\/p-6204-Caballo_de_fuego_519689d3bd2cd-219x300.jpg",219,300,true],"woocommerce_single":["https:\/\/ajupe.com.uy\/web\/wp-content\/uploads\/2016\/04\/p-6204-Caballo_de_fuego_519689d3bd2cd.jpg",219,345,false],"woocommerce_gallery_thumbnail":["https:\/\/ajupe.com.uy\/web\/wp-content\/uploads\/2016\/04\/p-6204-Caballo_de_fuego_519689d3bd2cd-100x100.jpg",100,100,true]},"post_excerpt_stackable_v2":"<p>La cirujana pedi\u00e1trica Matilde Mart\u00ednez viaja desde Par\u00eds con destino al Congo guiada por una ilusi\u00f3n: aliviar el sufrimiento de los ni\u00f1os castigados por la violencia y el hambre que imperan en ese pa\u00eds africano. Ha dejado atr\u00e1s una historia de amor dif\u00edc<\/p>\n","category_list_v2":"","author_info_v2":{"name":"","url":""},"comments_num_v2":"0 comentarios","_links":{"self":[{"href":"https:\/\/ajupe.com.uy\/web\/wp-json\/wp\/v2\/product\/6204","targetHints":{"allow":["GET"]}}],"collection":[{"href":"https:\/\/ajupe.com.uy\/web\/wp-json\/wp\/v2\/product"}],"about":[{"href":"https:\/\/ajupe.com.uy\/web\/wp-json\/wp\/v2\/types\/product"}],"wp:featuredmedia":[{"embeddable":true,"href":"https:\/\/ajupe.com.uy\/web\/wp-json\/wp\/v2\/media\/6205"}],"wp:attachment":[{"href":"https:\/\/ajupe.com.uy\/web\/wp-json\/wp\/v2\/media?parent=6204"}],"wp:term":[{"taxonomy":"product_brand","embeddable":true,"href":"https:\/\/ajupe.com.uy\/web\/wp-json\/wp\/v2\/product_brand?post=6204"},{"taxonomy":"product_cat","embeddable":true,"href":"https:\/\/ajupe.com.uy\/web\/wp-json\/wp\/v2\/product_cat?post=6204"},{"taxonomy":"product_tag","embeddable":true,"href":"https:\/\/ajupe.com.uy\/web\/wp-json\/wp\/v2\/product_tag?post=6204"}],"curies":[{"name":"wp","href":"https:\/\/api.w.org\/{rel}","templated":true}]}}