{"id":6207,"date":"2013-05-17T20:25:14","date_gmt":"2013-05-17T23:25:14","guid":{"rendered":"http:\/\/ajupe.com.uy\/web\/?post_type=product&#038;p=6207"},"modified":"2013-05-17T20:25:14","modified_gmt":"2013-05-17T23:25:14","slug":"el-grito-de-la-tierra","status":"publish","type":"product","link":"https:\/\/ajupe.com.uy\/web\/biblioteca\/el-grito-de-la-tierra\/","title":{"rendered":"El grito de la tierra"},"content":{"rendered":"<p>Nueva Zelanda, 1907. La infancia de Gloria termina abruptamente cuando  es enviada junto con su prima Lilian a un colegio en Gran Breta\u00f1a. Si  bien Lilian encaja en las costumbres que impone el viejo mundo, Gloria  quiere volver a toda costa a la tierra que la vio nacer, para lo cual  idear\u00e1 un atrevido plan. El profundo sentimiento que la empuja a  regresar marcar\u00e1 su destino y convertir\u00e1 finalmente a Gloria en una  mujer m\u00e1s fuerte.<\/p>\n","protected":false},"excerpt":{"rendered":"<p>Tercera entrega de la saga que nos llev\u00f3 a conocer en profundidad la lejana Nueva Zelanda, y que la escritora comenz\u00f3 en 2011 con la publicaci\u00f3n de \u00abEn el pa\u00eds de la nube blanca\u00bb , y a la que sigui\u00f3 en 2012 su continuaci\u00f3n, \u00abLa canci\u00f3n de los maor\u00edes\u00bb.<\/p>\n","protected":false},"featured_media":6208,"template":"","meta":[],"product_brand":[1160],"product_cat":[29],"product_tag":[],"class_list":{"0":"post-6207","1":"product","2":"type-product","3":"status-publish","4":"has-post-thumbnail","6":"product_brand-sarah-lark","7":"product_cat-novela","9":"first","10":"instock","11":"purchasable","12":"product-type-simple"},"featured_image_urls_v2":{"full":["https:\/\/ajupe.com.uy\/web\/wp-content\/uploads\/2016\/04\/p-6207-El_grito_de_la_t_5196922acecd0.jpg",219,336,false],"thumbnail":["https:\/\/ajupe.com.uy\/web\/wp-content\/uploads\/2016\/04\/p-6207-El_grito_de_la_t_5196922acecd0.jpg",150,150,true],"medium":["https:\/\/ajupe.com.uy\/web\/wp-content\/uploads\/2016\/04\/p-6207-El_grito_de_la_t_5196922acecd0.jpg",300,214,true],"medium_large":["https:\/\/ajupe.com.uy\/web\/wp-content\/uploads\/2016\/04\/p-6207-El_grito_de_la_t_5196922acecd0.jpg",219,336,false],"large":["https:\/\/ajupe.com.uy\/web\/wp-content\/uploads\/2016\/04\/p-6207-El_grito_de_la_t_5196922acecd0.jpg",219,336,false],"1536x1536":["https:\/\/ajupe.com.uy\/web\/wp-content\/uploads\/2016\/04\/p-6207-El_grito_de_la_t_5196922acecd0.jpg",219,336,false],"2048x2048":["https:\/\/ajupe.com.uy\/web\/wp-content\/uploads\/2016\/04\/p-6207-El_grito_de_la_t_5196922acecd0.jpg",219,336,false],"woocommerce_archive_thumbnail":["https:\/\/ajupe.com.uy\/web\/wp-content\/uploads\/2016\/04\/p-6207-El_grito_de_la_t_5196922acecd0-219x300.jpg",219,300,true],"woocommerce_thumbnail":["https:\/\/ajupe.com.uy\/web\/wp-content\/uploads\/2016\/04\/p-6207-El_grito_de_la_t_5196922acecd0-219x300.jpg",219,300,true],"woocommerce_single":["https:\/\/ajupe.com.uy\/web\/wp-content\/uploads\/2016\/04\/p-6207-El_grito_de_la_t_5196922acecd0.jpg",219,336,false],"woocommerce_gallery_thumbnail":["https:\/\/ajupe.com.uy\/web\/wp-content\/uploads\/2016\/04\/p-6207-El_grito_de_la_t_5196922acecd0-100x100.jpg",100,100,true]},"post_excerpt_stackable_v2":"<p>Tercera entrega de la saga que nos llev\u00f3 a conocer en profundidad la lejana Nueva Zelanda, y que la escritora comenz\u00f3 en 2011 con la publicaci\u00f3n de \u00abEn el pa\u00eds de la nube blanca\u00bb , y a la que sigui\u00f3 en 2012 su continuaci\u00f3n, \u00abLa canci\u00f3n de los maor\u00edes\u00bb.<\/p>\n","category_list_v2":"","author_info_v2":{"name":"","url":""},"comments_num_v2":"0 comentarios","_links":{"self":[{"href":"https:\/\/ajupe.com.uy\/web\/wp-json\/wp\/v2\/product\/6207","targetHints":{"allow":["GET"]}}],"collection":[{"href":"https:\/\/ajupe.com.uy\/web\/wp-json\/wp\/v2\/product"}],"about":[{"href":"https:\/\/ajupe.com.uy\/web\/wp-json\/wp\/v2\/types\/product"}],"wp:featuredmedia":[{"embeddable":true,"href":"https:\/\/ajupe.com.uy\/web\/wp-json\/wp\/v2\/media\/6208"}],"wp:attachment":[{"href":"https:\/\/ajupe.com.uy\/web\/wp-json\/wp\/v2\/media?parent=6207"}],"wp:term":[{"taxonomy":"product_brand","embeddable":true,"href":"https:\/\/ajupe.com.uy\/web\/wp-json\/wp\/v2\/product_brand?post=6207"},{"taxonomy":"product_cat","embeddable":true,"href":"https:\/\/ajupe.com.uy\/web\/wp-json\/wp\/v2\/product_cat?post=6207"},{"taxonomy":"product_tag","embeddable":true,"href":"https:\/\/ajupe.com.uy\/web\/wp-json\/wp\/v2\/product_tag?post=6207"}],"curies":[{"name":"wp","href":"https:\/\/api.w.org\/{rel}","templated":true}]}}