{"id":6210,"date":"2013-05-17T20:32:14","date_gmt":"2013-05-17T23:32:14","guid":{"rendered":"http:\/\/ajupe.com.uy\/web\/?post_type=product&#038;p=6210"},"modified":"2013-05-17T20:32:14","modified_gmt":"2013-05-17T23:32:14","slug":"la-reina-descalza","status":"publish","type":"product","link":"https:\/\/ajupe.com.uy\/web\/biblioteca\/la-reina-descalza\/","title":{"rendered":"La reina descalza"},"content":{"rendered":"<p>En enero de 1748, una mujer negra deambula por las calles de Sevilla.  Atr\u00e1s ha dejado un pasado esclavo en la lejana Cuba, el hijo al que  nunca volver\u00e1 a ver y un largo viaje en barco hasta las costas  espa\u00f1olas. Caridad ya no tiene un amo que le d\u00e9 \u00f3rdenes, pero tampoco un  lugar donde cobijarse cuando se cruza en su camino Milagros Carmona,  una joven gitana de Triana por cuyas venas corre la sangre de la  rebeld\u00eda y el arte de los de su raza.Las dos mujeres se convierten en  inseparables y, entre zarabandas y fandangos, la gitana confiesa a su  nueva amiga su amor por el apuesto y arrogante Pedro Garc\u00eda, de quien la  separan antiguos odios entre ambas familias. Por su parte, Caridad se  esfuerza por acallar el sentimiento que est\u00e1 naciendo en su coraz\u00f3n  hacia Melchor Vega, el abuelo de Milagros, un hombre desafiante, brib\u00f3n y  seductor aunque tambi\u00e9n firme defensor del honor y la lealtad para con  los suyos.Pero cuando un mandato real convierte a todos los gitanos en  proscritos,  la vida de Milagros y Caridad da un tr\u00e1gico vuelco. Aunque  sus caminos se separan, el destino volver\u00e1 a unirlas en un Madrid donde  confluyen contrabandistas y c\u00f3micos, nobles y villanos; un Madrid que se  rinde a la pasi\u00f3n que emana de las voces y bailes de esa raza de  pr\u00edncipes descalzos.Ildefonso Falcones nos propone un viaje a una \u00e9poca  apasionante, te\u00f1ida por los prejuicios y la intolerancia.Desde Sevilla  hasta Madrid, desde el tumultuoso bullicio de la gitaner\u00eda hasta los  teatros se\u00f1oriales de la capital, los lectores disfrutar\u00e1n de un fresco  hist\u00f3rico poblado por personajes que viven, aman, sufren y pelean por lo  que creen justo. Fiel reflejo de unos hombres y mujeres que no  agacharon la cabeza y que alzaron la voz para enfrentarse al orden  establecido.<\/p>\n","protected":false},"excerpt":{"rendered":"<p>Ildefonso Falcones nos propone un viaje a una \u00e9poca apasionante, te\u00f1ida por los prejuicios y la intolerancia.Desde Sevilla hasta Madrid, desde el tumultuoso bullicio de la gitaner\u00eda hasta los teatros se\u00f1oriales de la capital, los lectores disfrutar\u00e1n de u<\/p>\n","protected":false},"featured_media":6211,"template":"","meta":[],"product_brand":[693],"product_cat":[29],"product_tag":[],"class_list":{"0":"post-6210","1":"product","2":"type-product","3":"status-publish","4":"has-post-thumbnail","6":"product_brand-ildefonso-falcones","7":"product_cat-novela","9":"first","10":"instock","11":"purchasable","12":"product-type-simple"},"featured_image_urls_v2":{"full":["https:\/\/ajupe.com.uy\/web\/wp-content\/uploads\/2016\/04\/p-6210-La_reina_descalz_519693ce85216.jpg",221,336,false],"thumbnail":["https:\/\/ajupe.com.uy\/web\/wp-content\/uploads\/2016\/04\/p-6210-La_reina_descalz_519693ce85216.jpg",150,150,true],"medium":["https:\/\/ajupe.com.uy\/web\/wp-content\/uploads\/2016\/04\/p-6210-La_reina_descalz_519693ce85216.jpg",300,214,true],"medium_large":["https:\/\/ajupe.com.uy\/web\/wp-content\/uploads\/2016\/04\/p-6210-La_reina_descalz_519693ce85216.jpg",221,336,false],"large":["https:\/\/ajupe.com.uy\/web\/wp-content\/uploads\/2016\/04\/p-6210-La_reina_descalz_519693ce85216.jpg",221,336,false],"1536x1536":["https:\/\/ajupe.com.uy\/web\/wp-content\/uploads\/2016\/04\/p-6210-La_reina_descalz_519693ce85216.jpg",221,336,false],"2048x2048":["https:\/\/ajupe.com.uy\/web\/wp-content\/uploads\/2016\/04\/p-6210-La_reina_descalz_519693ce85216.jpg",221,336,false],"woocommerce_archive_thumbnail":["https:\/\/ajupe.com.uy\/web\/wp-content\/uploads\/2016\/04\/p-6210-La_reina_descalz_519693ce85216-221x300.jpg",221,300,true],"woocommerce_thumbnail":["https:\/\/ajupe.com.uy\/web\/wp-content\/uploads\/2016\/04\/p-6210-La_reina_descalz_519693ce85216-221x300.jpg",221,300,true],"woocommerce_single":["https:\/\/ajupe.com.uy\/web\/wp-content\/uploads\/2016\/04\/p-6210-La_reina_descalz_519693ce85216.jpg",221,336,false],"woocommerce_gallery_thumbnail":["https:\/\/ajupe.com.uy\/web\/wp-content\/uploads\/2016\/04\/p-6210-La_reina_descalz_519693ce85216-100x100.jpg",100,100,true]},"post_excerpt_stackable_v2":"<p>Ildefonso Falcones nos propone un viaje a una \u00e9poca apasionante, te\u00f1ida por los prejuicios y la intolerancia.Desde Sevilla hasta Madrid, desde el tumultuoso bullicio de la gitaner\u00eda hasta los teatros se\u00f1oriales de la capital, los lectores disfrutar\u00e1n de u<\/p>\n","category_list_v2":"","author_info_v2":{"name":"","url":""},"comments_num_v2":"0 comentarios","_links":{"self":[{"href":"https:\/\/ajupe.com.uy\/web\/wp-json\/wp\/v2\/product\/6210","targetHints":{"allow":["GET"]}}],"collection":[{"href":"https:\/\/ajupe.com.uy\/web\/wp-json\/wp\/v2\/product"}],"about":[{"href":"https:\/\/ajupe.com.uy\/web\/wp-json\/wp\/v2\/types\/product"}],"wp:featuredmedia":[{"embeddable":true,"href":"https:\/\/ajupe.com.uy\/web\/wp-json\/wp\/v2\/media\/6211"}],"wp:attachment":[{"href":"https:\/\/ajupe.com.uy\/web\/wp-json\/wp\/v2\/media?parent=6210"}],"wp:term":[{"taxonomy":"product_brand","embeddable":true,"href":"https:\/\/ajupe.com.uy\/web\/wp-json\/wp\/v2\/product_brand?post=6210"},{"taxonomy":"product_cat","embeddable":true,"href":"https:\/\/ajupe.com.uy\/web\/wp-json\/wp\/v2\/product_cat?post=6210"},{"taxonomy":"product_tag","embeddable":true,"href":"https:\/\/ajupe.com.uy\/web\/wp-json\/wp\/v2\/product_tag?post=6210"}],"curies":[{"name":"wp","href":"https:\/\/api.w.org\/{rel}","templated":true}]}}