{"id":6231,"date":"2013-08-06T17:20:10","date_gmt":"2013-08-06T20:20:10","guid":{"rendered":"http:\/\/ajupe.com.uy\/web\/?post_type=product&#038;p=6231"},"modified":"2013-08-06T18:04:44","modified_gmt":"2013-08-06T21:04:44","slug":"todas-las-almas","status":"publish","type":"product","link":"https:\/\/ajupe.com.uy\/web\/biblioteca\/todas-las-almas\/","title":{"rendered":"Todas las almas"},"content":{"rendered":"<p><em>Todas las almas<\/em> cuenta la historia de los dos brumosos y  singulares a\u00f1os que el narrador pas\u00f3 en la Universidad de Oxford, una  ciudad fuera del mundo y del tiempo. Y fuera de ambos viven los  cautivadores personajes de esta novela: la amante casada del narrador,  Clare Bayes, una mujer condicionada por algo a lo que asisti\u00f3 pero que  no recuerda; el amigo Cromer-Blake, homosexual ir\u00f3nico que vive  fabricando experiencias intensas para una vejez que prev\u00e9 solitaria; el  ya retirado y sagaz profesor Toby Rylands; el merodeador Alan Marriott,  con su perro de tres patas y su conocimiento sobre la pareja espantosa  que todos tenemos; y muchos otros, algunos extraordinariamente  divertidos, hasta llegar al personaje que viene de otro tiempo, el  enigm\u00e1tico escritor John Gawsworth.<\/p>\n","protected":false},"excerpt":{"rendered":"<p>Todas las almas cuenta la historia de los dos brumosos y singulares a\u00f1os que el narrador pas\u00f3 en la Universidad de Oxford, una ciudad fuera del mundo y del tiempo.<\/p>\n","protected":false},"featured_media":6232,"template":"","meta":[],"product_brand":[238],"product_cat":[29],"product_tag":[],"class_list":{"0":"post-6231","1":"product","2":"type-product","3":"status-publish","4":"has-post-thumbnail","6":"product_brand-javier-marias","7":"product_cat-novela","9":"first","10":"instock","11":"purchasable","12":"product-type-simple"},"featured_image_urls_v2":{"full":["https:\/\/ajupe.com.uy\/web\/wp-content\/uploads\/2016\/04\/p-6231-Todas_las_almas_5201304a34699.jpg",183,269,false],"thumbnail":["https:\/\/ajupe.com.uy\/web\/wp-content\/uploads\/2016\/04\/p-6231-Todas_las_almas_5201304a34699.jpg",150,150,true],"medium":["https:\/\/ajupe.com.uy\/web\/wp-content\/uploads\/2016\/04\/p-6231-Todas_las_almas_5201304a34699.jpg",300,214,true],"medium_large":["https:\/\/ajupe.com.uy\/web\/wp-content\/uploads\/2016\/04\/p-6231-Todas_las_almas_5201304a34699.jpg",183,269,false],"large":["https:\/\/ajupe.com.uy\/web\/wp-content\/uploads\/2016\/04\/p-6231-Todas_las_almas_5201304a34699.jpg",183,269,false],"1536x1536":["https:\/\/ajupe.com.uy\/web\/wp-content\/uploads\/2016\/04\/p-6231-Todas_las_almas_5201304a34699.jpg",183,269,false],"2048x2048":["https:\/\/ajupe.com.uy\/web\/wp-content\/uploads\/2016\/04\/p-6231-Todas_las_almas_5201304a34699.jpg",183,269,false],"woocommerce_archive_thumbnail":["https:\/\/ajupe.com.uy\/web\/wp-content\/uploads\/2016\/04\/p-6231-Todas_las_almas_5201304a34699.jpg",183,269,false],"woocommerce_thumbnail":["https:\/\/ajupe.com.uy\/web\/wp-content\/uploads\/2016\/04\/p-6231-Todas_las_almas_5201304a34699.jpg",183,269,false],"woocommerce_single":["https:\/\/ajupe.com.uy\/web\/wp-content\/uploads\/2016\/04\/p-6231-Todas_las_almas_5201304a34699.jpg",183,269,false],"woocommerce_gallery_thumbnail":["https:\/\/ajupe.com.uy\/web\/wp-content\/uploads\/2016\/04\/p-6231-Todas_las_almas_5201304a34699-100x100.jpg",100,100,true]},"post_excerpt_stackable_v2":"<p>Todas las almas cuenta la historia de los dos brumosos y singulares a\u00f1os que el narrador pas\u00f3 en la Universidad de Oxford, una ciudad fuera del mundo y del tiempo.<\/p>\n","category_list_v2":"","author_info_v2":{"name":"","url":""},"comments_num_v2":"0 comentarios","_links":{"self":[{"href":"https:\/\/ajupe.com.uy\/web\/wp-json\/wp\/v2\/product\/6231","targetHints":{"allow":["GET"]}}],"collection":[{"href":"https:\/\/ajupe.com.uy\/web\/wp-json\/wp\/v2\/product"}],"about":[{"href":"https:\/\/ajupe.com.uy\/web\/wp-json\/wp\/v2\/types\/product"}],"wp:featuredmedia":[{"embeddable":true,"href":"https:\/\/ajupe.com.uy\/web\/wp-json\/wp\/v2\/media\/6232"}],"wp:attachment":[{"href":"https:\/\/ajupe.com.uy\/web\/wp-json\/wp\/v2\/media?parent=6231"}],"wp:term":[{"taxonomy":"product_brand","embeddable":true,"href":"https:\/\/ajupe.com.uy\/web\/wp-json\/wp\/v2\/product_brand?post=6231"},{"taxonomy":"product_cat","embeddable":true,"href":"https:\/\/ajupe.com.uy\/web\/wp-json\/wp\/v2\/product_cat?post=6231"},{"taxonomy":"product_tag","embeddable":true,"href":"https:\/\/ajupe.com.uy\/web\/wp-json\/wp\/v2\/product_tag?post=6231"}],"curies":[{"name":"wp","href":"https:\/\/api.w.org\/{rel}","templated":true}]}}