{"id":6246,"date":"2013-08-06T18:49:13","date_gmt":"2013-08-06T21:49:13","guid":{"rendered":"http:\/\/ajupe.com.uy\/web\/?post_type=product&#038;p=6246"},"modified":"2013-08-06T18:49:13","modified_gmt":"2013-08-06T21:49:13","slug":"de-carlos-escayola-a-carlos-gardel","status":"publish","type":"product","link":"https:\/\/ajupe.com.uy\/web\/biblioteca\/de-carlos-escayola-a-carlos-gardel\/","title":{"rendered":"De Carlos Escayola a Carlos Gardel"},"content":{"rendered":"<p>La investigaci\u00f3n presenta un \u00e1rbol geneal\u00f3gico de la familia Escayola  que se detiene, adem\u00e1s de Gardel y Escayola, en otros personajes de la  familia. \u201cLos contactos de Gardel con los Escayola estuvieron siempre,  cada vez que ven\u00eda a Montevideo llegaba hasta Tacuaremb\u00f3 a encontrarse  con ellos\u201d, coment\u00f3 V\u00e1zquez Gabor en <em><strong>De Deiz a Doce<\/strong><\/em>.<\/p>\n<p>La  publicaci\u00f3n contiene fotos, incluyendo una que Berta Gardes, \u201cempleada  de la familia Escayola en Tacuaremb\u00f3, entreg\u00f3 a la revista La canci\u00f3n  moderna\u201d, detall\u00f3 el autor. V\u00e1zquez Gabor repas\u00f3 el periplo de Berta y, a  partir de ese repaso, postul\u00f3 la irrefutabilidad de la nacionalidad  uruguaya de Gardel.<\/p>\n<p>La presentaci\u00f3n ser\u00e1 a las 19.30 horas en la  sala Mario Benedetti de Agadu, en la calle Canelones 1130. Participaran,  junto al autor del libro, la investigadora argentina Martina I\u00f1\u00edguez el  escritor Juan Antonio Varese y el cineasta Ricardo Casas.<\/p>\n","protected":false},"excerpt":{"rendered":"<p>\u201cDe Carlos Escayola a Carlos Gardel\u201d de Gonzalo V\u00e1zquez Gabor. Gardel siempre supo que era hijo de Escayola, \u201cten\u00eda bien claro los or\u00edgenes familiares\u201d, dijo el autor, que es t\u00e1tara nieto de Escayola.<\/p>\n","protected":false},"featured_media":6247,"template":"","meta":[],"product_brand":[1224],"product_cat":[44],"product_tag":[],"class_list":{"0":"post-6246","1":"product","2":"type-product","3":"status-publish","4":"has-post-thumbnail","6":"product_brand-gonzalo-vazquez-gabor","7":"product_cat-biografico","9":"first","10":"instock","11":"purchasable","12":"product-type-simple"},"featured_image_urls_v2":{"full":["https:\/\/ajupe.com.uy\/web\/wp-content\/uploads\/2016\/04\/p-6246-De_Carlos_Escayo_520145299a7a5.jpg",248,346,false],"thumbnail":["https:\/\/ajupe.com.uy\/web\/wp-content\/uploads\/2016\/04\/p-6246-De_Carlos_Escayo_520145299a7a5.jpg",150,150,true],"medium":["https:\/\/ajupe.com.uy\/web\/wp-content\/uploads\/2016\/04\/p-6246-De_Carlos_Escayo_520145299a7a5.jpg",300,214,true],"medium_large":["https:\/\/ajupe.com.uy\/web\/wp-content\/uploads\/2016\/04\/p-6246-De_Carlos_Escayo_520145299a7a5.jpg",248,346,false],"large":["https:\/\/ajupe.com.uy\/web\/wp-content\/uploads\/2016\/04\/p-6246-De_Carlos_Escayo_520145299a7a5.jpg",248,346,false],"1536x1536":["https:\/\/ajupe.com.uy\/web\/wp-content\/uploads\/2016\/04\/p-6246-De_Carlos_Escayo_520145299a7a5.jpg",248,346,false],"2048x2048":["https:\/\/ajupe.com.uy\/web\/wp-content\/uploads\/2016\/04\/p-6246-De_Carlos_Escayo_520145299a7a5.jpg",248,346,false],"woocommerce_archive_thumbnail":["https:\/\/ajupe.com.uy\/web\/wp-content\/uploads\/2016\/04\/p-6246-De_Carlos_Escayo_520145299a7a5-248x300.jpg",248,300,true],"woocommerce_thumbnail":["https:\/\/ajupe.com.uy\/web\/wp-content\/uploads\/2016\/04\/p-6246-De_Carlos_Escayo_520145299a7a5-248x300.jpg",248,300,true],"woocommerce_single":["https:\/\/ajupe.com.uy\/web\/wp-content\/uploads\/2016\/04\/p-6246-De_Carlos_Escayo_520145299a7a5.jpg",248,346,false],"woocommerce_gallery_thumbnail":["https:\/\/ajupe.com.uy\/web\/wp-content\/uploads\/2016\/04\/p-6246-De_Carlos_Escayo_520145299a7a5-100x100.jpg",100,100,true]},"post_excerpt_stackable_v2":"<p>\u201cDe Carlos Escayola a Carlos Gardel\u201d de Gonzalo V\u00e1zquez Gabor. Gardel siempre supo que era hijo de Escayola, \u201cten\u00eda bien claro los or\u00edgenes familiares\u201d, dijo el autor, que es t\u00e1tara nieto de Escayola.<\/p>\n","category_list_v2":"","author_info_v2":{"name":"","url":""},"comments_num_v2":"0 comentarios","_links":{"self":[{"href":"https:\/\/ajupe.com.uy\/web\/wp-json\/wp\/v2\/product\/6246","targetHints":{"allow":["GET"]}}],"collection":[{"href":"https:\/\/ajupe.com.uy\/web\/wp-json\/wp\/v2\/product"}],"about":[{"href":"https:\/\/ajupe.com.uy\/web\/wp-json\/wp\/v2\/types\/product"}],"wp:featuredmedia":[{"embeddable":true,"href":"https:\/\/ajupe.com.uy\/web\/wp-json\/wp\/v2\/media\/6247"}],"wp:attachment":[{"href":"https:\/\/ajupe.com.uy\/web\/wp-json\/wp\/v2\/media?parent=6246"}],"wp:term":[{"taxonomy":"product_brand","embeddable":true,"href":"https:\/\/ajupe.com.uy\/web\/wp-json\/wp\/v2\/product_brand?post=6246"},{"taxonomy":"product_cat","embeddable":true,"href":"https:\/\/ajupe.com.uy\/web\/wp-json\/wp\/v2\/product_cat?post=6246"},{"taxonomy":"product_tag","embeddable":true,"href":"https:\/\/ajupe.com.uy\/web\/wp-json\/wp\/v2\/product_tag?post=6246"}],"curies":[{"name":"wp","href":"https:\/\/api.w.org\/{rel}","templated":true}]}}