{"id":6267,"date":"2013-08-06T20:43:58","date_gmt":"2013-08-06T23:43:58","guid":{"rendered":"http:\/\/ajupe.com.uy\/web\/?post_type=product&#038;p=6267"},"modified":"2013-08-06T20:43:58","modified_gmt":"2013-08-06T23:43:58","slug":"inferno","status":"publish","type":"product","link":"https:\/\/ajupe.com.uy\/web\/biblioteca\/inferno\/","title":{"rendered":"Inferno"},"content":{"rendered":"<p>En sus bestsellers internacionales <em>El c\u00f3digo Da Vinci, \u00c1ngeles y demonios<\/em> y <em>El s\u00edmbolo perdido<\/em>, <strong>Dan Brown <\/strong>aun\u00f3 con maestr\u00eda historia, arte, c\u00f3digos y s\u00edmbolos. En su fascinante nuevo thriller, <strong>Brown<\/strong> recupera su esencia con su novela m\u00e1s ambiciosa hasta la fecha.<\/p>\n<p>La novela <strong>Inferno<\/strong>, de <strong>Dan Brown<\/strong>, est\u00e1 protagonizada por Robert Langdon y est\u00e1 basada en el <strong>Infierno<\/strong> de la <strong>Divinia Comedia<\/strong> del poeta italiano <strong>Dante Alighieri<\/strong>. Situada en Europa, <strong>Infierno<\/strong> sigue al investigador americano mientras descifra las claves ocultas en  el conocido poema y se enfrenta a una conjura ancestral que le llevar\u00e1 a  descubrir los misterios de los nueve c\u00edrculos del pecado.<\/p>\n","protected":false},"excerpt":{"rendered":"<p>En sus bestsellers internacionales El c\u00f3digo Da Vinci, \u00c1ngeles y demonios y El s\u00edmbolo perdido, Dan Brown aun\u00f3 con maestr\u00eda historia, arte, c\u00f3digos y s\u00edmbolos. En su fascinante nuevo thriller, Brown recupera su esencia con su novela m\u00e1s ambiciosa hasta la<\/p>\n","protected":false},"featured_media":6268,"template":"","meta":[],"product_brand":[382],"product_cat":[29,48],"product_tag":[],"class_list":{"0":"post-6267","1":"product","2":"type-product","3":"status-publish","4":"has-post-thumbnail","6":"product_brand-dan-brown","7":"product_cat-novela","8":"product_cat-thrillers","10":"first","11":"instock","12":"purchasable","13":"product-type-simple"},"featured_image_urls_v2":{"full":["https:\/\/ajupe.com.uy\/web\/wp-content\/uploads\/2016\/04\/p-6267-Inferno_5201600e2b91e.jpg",221,337,false],"thumbnail":["https:\/\/ajupe.com.uy\/web\/wp-content\/uploads\/2016\/04\/p-6267-Inferno_5201600e2b91e.jpg",150,150,true],"medium":["https:\/\/ajupe.com.uy\/web\/wp-content\/uploads\/2016\/04\/p-6267-Inferno_5201600e2b91e.jpg",300,214,true],"medium_large":["https:\/\/ajupe.com.uy\/web\/wp-content\/uploads\/2016\/04\/p-6267-Inferno_5201600e2b91e.jpg",221,337,false],"large":["https:\/\/ajupe.com.uy\/web\/wp-content\/uploads\/2016\/04\/p-6267-Inferno_5201600e2b91e.jpg",221,337,false],"1536x1536":["https:\/\/ajupe.com.uy\/web\/wp-content\/uploads\/2016\/04\/p-6267-Inferno_5201600e2b91e.jpg",221,337,false],"2048x2048":["https:\/\/ajupe.com.uy\/web\/wp-content\/uploads\/2016\/04\/p-6267-Inferno_5201600e2b91e.jpg",221,337,false],"woocommerce_archive_thumbnail":["https:\/\/ajupe.com.uy\/web\/wp-content\/uploads\/2016\/04\/p-6267-Inferno_5201600e2b91e-221x300.jpg",221,300,true],"woocommerce_thumbnail":["https:\/\/ajupe.com.uy\/web\/wp-content\/uploads\/2016\/04\/p-6267-Inferno_5201600e2b91e-221x300.jpg",221,300,true],"woocommerce_single":["https:\/\/ajupe.com.uy\/web\/wp-content\/uploads\/2016\/04\/p-6267-Inferno_5201600e2b91e.jpg",221,337,false],"woocommerce_gallery_thumbnail":["https:\/\/ajupe.com.uy\/web\/wp-content\/uploads\/2016\/04\/p-6267-Inferno_5201600e2b91e-100x100.jpg",100,100,true]},"post_excerpt_stackable_v2":"<p>En sus bestsellers internacionales El c\u00f3digo Da Vinci, \u00c1ngeles y demonios y El s\u00edmbolo perdido, Dan Brown aun\u00f3 con maestr\u00eda historia, arte, c\u00f3digos y s\u00edmbolos. En su fascinante nuevo thriller, Brown recupera su esencia con su novela m\u00e1s ambiciosa hasta la<\/p>\n","category_list_v2":"","author_info_v2":{"name":"","url":""},"comments_num_v2":"0 comentarios","_links":{"self":[{"href":"https:\/\/ajupe.com.uy\/web\/wp-json\/wp\/v2\/product\/6267","targetHints":{"allow":["GET"]}}],"collection":[{"href":"https:\/\/ajupe.com.uy\/web\/wp-json\/wp\/v2\/product"}],"about":[{"href":"https:\/\/ajupe.com.uy\/web\/wp-json\/wp\/v2\/types\/product"}],"wp:featuredmedia":[{"embeddable":true,"href":"https:\/\/ajupe.com.uy\/web\/wp-json\/wp\/v2\/media\/6268"}],"wp:attachment":[{"href":"https:\/\/ajupe.com.uy\/web\/wp-json\/wp\/v2\/media?parent=6267"}],"wp:term":[{"taxonomy":"product_brand","embeddable":true,"href":"https:\/\/ajupe.com.uy\/web\/wp-json\/wp\/v2\/product_brand?post=6267"},{"taxonomy":"product_cat","embeddable":true,"href":"https:\/\/ajupe.com.uy\/web\/wp-json\/wp\/v2\/product_cat?post=6267"},{"taxonomy":"product_tag","embeddable":true,"href":"https:\/\/ajupe.com.uy\/web\/wp-json\/wp\/v2\/product_tag?post=6267"}],"curies":[{"name":"wp","href":"https:\/\/api.w.org\/{rel}","templated":true}]}}