{"id":6270,"date":"2013-08-06T20:49:55","date_gmt":"2013-08-06T23:49:55","guid":{"rendered":"http:\/\/ajupe.com.uy\/web\/?post_type=product&#038;p=6270"},"modified":"2013-08-06T20:49:55","modified_gmt":"2013-08-06T23:49:55","slug":"la-busqueda-del-tesoro","status":"publish","type":"product","link":"https:\/\/ajupe.com.uy\/web\/biblioteca\/la-busqueda-del-tesoro\/","title":{"rendered":"La busqueda del tesoro"},"content":{"rendered":"<p>Salvo Montalbano, retado a participar en un perverso juego. Uno de los casos m\u00e1s tenebrosos de su carrera<\/p>\n<p> Una repentina calma chicha se ha adue\u00f1ado de la comisar\u00eda de Vig\u00e0ta. Con  su sempiterna acumulaci\u00f3n de papeleo reducida a la mitad, Salvo  Montalbano puede dedicarse a la lectura de su adorado Simenon, mientras  que el siempre industrioso Catarella se aplica con tes\u00f3n a resolver  crucigramas. Sin embargo, la deliciosa parsimonia pronto se ver\u00e1  interrumpida por uno de los casos m\u00e1s espeluznantes que se hayan visto  nunca en la zona. Todo empieza cuando los octogenarios hermanos  Palmisano, conocidos por su exaltada obsesi\u00f3n religiosa, se fortifican  en su casa del centro de Vig\u00e0ta, desde donde disparan a diestro y  siniestro contra cualquier pecador que se les ponga a tiro. En un  momento de arrojo, Montalbano se introduce por una ventana y desarma a  los ancianos, pero el panorama que se encuentra le hiela la sangre: un  verdadero bosque de crucifijos de todos los tama\u00f1os y, sobre una cama,  una mu\u00f1eca hinchable, mutilada y desgastada, una escena testimonio de  una profunda desolaci\u00f3n. <\/p>\n<p> Adem\u00e1s de una nueva demostraci\u00f3n de su admirable capacidad para analizar la naturaleza humana, los lectores de <strong>Andrea Camilleri <\/strong>encontrar\u00e1n  los habituales momentos hilarantes que han hecho de los casos de  Montalbano una lectura de culto para aquellos que aprecian las historias  impregnadas de inteligencia y sensibilidad.<\/p>\n","protected":false},"excerpt":{"rendered":"<p>Salvo Montalbano, retado a participar en un perverso juego. Uno de los casos m\u00e1s tenebrosos de su carrera.<br \/>\nAdem\u00e1s de una nueva demostraci\u00f3n de su admirable capacidad para analizar la naturaleza humana, los lectores de Andrea Camilleri encontrar\u00e1n los hab<\/p>\n","protected":false},"featured_media":6271,"template":"","meta":[],"product_brand":[399],"product_cat":[40],"product_tag":[],"class_list":{"0":"post-6270","1":"product","2":"type-product","3":"status-publish","4":"has-post-thumbnail","6":"product_brand-andrea-camilleri","7":"product_cat-policial","9":"first","10":"instock","11":"purchasable","12":"product-type-simple"},"featured_image_urls_v2":{"full":["https:\/\/ajupe.com.uy\/web\/wp-content\/uploads\/2016\/04\/p-6270-La_busqueda_del__52016172efa4d.jpg",202,324,false],"thumbnail":["https:\/\/ajupe.com.uy\/web\/wp-content\/uploads\/2016\/04\/p-6270-La_busqueda_del__52016172efa4d.jpg",150,150,true],"medium":["https:\/\/ajupe.com.uy\/web\/wp-content\/uploads\/2016\/04\/p-6270-La_busqueda_del__52016172efa4d.jpg",300,214,true],"medium_large":["https:\/\/ajupe.com.uy\/web\/wp-content\/uploads\/2016\/04\/p-6270-La_busqueda_del__52016172efa4d.jpg",202,324,false],"large":["https:\/\/ajupe.com.uy\/web\/wp-content\/uploads\/2016\/04\/p-6270-La_busqueda_del__52016172efa4d.jpg",202,324,false],"1536x1536":["https:\/\/ajupe.com.uy\/web\/wp-content\/uploads\/2016\/04\/p-6270-La_busqueda_del__52016172efa4d.jpg",202,324,false],"2048x2048":["https:\/\/ajupe.com.uy\/web\/wp-content\/uploads\/2016\/04\/p-6270-La_busqueda_del__52016172efa4d.jpg",202,324,false],"woocommerce_archive_thumbnail":["https:\/\/ajupe.com.uy\/web\/wp-content\/uploads\/2016\/04\/p-6270-La_busqueda_del__52016172efa4d-202x300.jpg",202,300,true],"woocommerce_thumbnail":["https:\/\/ajupe.com.uy\/web\/wp-content\/uploads\/2016\/04\/p-6270-La_busqueda_del__52016172efa4d-202x300.jpg",202,300,true],"woocommerce_single":["https:\/\/ajupe.com.uy\/web\/wp-content\/uploads\/2016\/04\/p-6270-La_busqueda_del__52016172efa4d.jpg",202,324,false],"woocommerce_gallery_thumbnail":["https:\/\/ajupe.com.uy\/web\/wp-content\/uploads\/2016\/04\/p-6270-La_busqueda_del__52016172efa4d-100x100.jpg",100,100,true]},"post_excerpt_stackable_v2":"<p>Salvo Montalbano, retado a participar en un perverso juego. Uno de los casos m\u00e1s tenebrosos de su carrera.<br \/>\nAdem\u00e1s de una nueva demostraci\u00f3n de su admirable capacidad para analizar la naturaleza humana, los lectores de Andrea Camilleri encontrar\u00e1n los hab<\/p>\n","category_list_v2":"","author_info_v2":{"name":"","url":""},"comments_num_v2":"0 comentarios","_links":{"self":[{"href":"https:\/\/ajupe.com.uy\/web\/wp-json\/wp\/v2\/product\/6270","targetHints":{"allow":["GET"]}}],"collection":[{"href":"https:\/\/ajupe.com.uy\/web\/wp-json\/wp\/v2\/product"}],"about":[{"href":"https:\/\/ajupe.com.uy\/web\/wp-json\/wp\/v2\/types\/product"}],"wp:featuredmedia":[{"embeddable":true,"href":"https:\/\/ajupe.com.uy\/web\/wp-json\/wp\/v2\/media\/6271"}],"wp:attachment":[{"href":"https:\/\/ajupe.com.uy\/web\/wp-json\/wp\/v2\/media?parent=6270"}],"wp:term":[{"taxonomy":"product_brand","embeddable":true,"href":"https:\/\/ajupe.com.uy\/web\/wp-json\/wp\/v2\/product_brand?post=6270"},{"taxonomy":"product_cat","embeddable":true,"href":"https:\/\/ajupe.com.uy\/web\/wp-json\/wp\/v2\/product_cat?post=6270"},{"taxonomy":"product_tag","embeddable":true,"href":"https:\/\/ajupe.com.uy\/web\/wp-json\/wp\/v2\/product_tag?post=6270"}],"curies":[{"name":"wp","href":"https:\/\/api.w.org\/{rel}","templated":true}]}}