{"id":6282,"date":"2013-08-06T21:17:17","date_gmt":"2013-08-07T00:17:17","guid":{"rendered":"http:\/\/ajupe.com.uy\/web\/?post_type=product&#038;p=6282"},"modified":"2013-08-06T21:17:17","modified_gmt":"2013-08-07T00:17:17","slug":"en-el-pai-de-la-nube-blanca","status":"publish","type":"product","link":"https:\/\/ajupe.com.uy\/web\/biblioteca\/en-el-pai-de-la-nube-blanca\/","title":{"rendered":"En el pa\u00ed de la nube blanca"},"content":{"rendered":"<p>Londres, 1852: dos chicas emprenden la traves\u00eda en barco hacia Nueva  Zelanda. Para ellas significa el comienzo de una nueva vida como futuras  esposas de unos hombres a quienes no conocen. Gwyneira, de origen  noble, est\u00e1 prometida al hijo de un magnate de la lana, mientras que  Helen, institutriz de profesi\u00f3n, ha respondido a la solicitud de  matrimonio de un granjero. Ambas deber\u00e1n seguir su destino en una tierra  a la que se compara con el para\u00edso. Pero \u00bfhallar\u00e1n el amor y la  felicidad en el extremo opuesto del mundo?<br \/> <em>En el pa\u00eds de la nube blanca<\/em>, el debut m\u00e1s exitoso de los  \u00faltimos a\u00f1os en Alemania, es una novela cautivadora sobre el amor y el  odio, la confianza y la enemistad, y sobre dos familias cuyo sino est\u00e1  unido de forma indisoluble.<\/p>\n","protected":false},"excerpt":{"rendered":"<p>El debut m\u00e1s exitoso de los \u00faltimos a\u00f1os en Alemania.<br \/>\nSarah Lark ha vendido m\u00e1s de un mill\u00f3n de ejemplares de sus obras. En la lista de m\u00e1s vendidos de Spiegel desde julio de 2008.<br \/>\nUna inolvidable saga familiar en el ex\u00f3tico marco de Nueva Zelanda.<\/p>\n","protected":false},"featured_media":6283,"template":"","meta":[],"product_brand":[1160],"product_cat":[29],"product_tag":[],"class_list":{"0":"post-6282","1":"product","2":"type-product","3":"status-publish","4":"has-post-thumbnail","6":"product_brand-sarah-lark","7":"product_cat-novela","9":"first","10":"instock","11":"purchasable","12":"product-type-simple"},"featured_image_urls_v2":{"full":["https:\/\/ajupe.com.uy\/web\/wp-content\/uploads\/2016\/04\/p-6282-En_el_pa___de_la_520167dcf0564.jpg",277,418,false],"thumbnail":["https:\/\/ajupe.com.uy\/web\/wp-content\/uploads\/2016\/04\/p-6282-En_el_pa___de_la_520167dcf0564.jpg",150,150,true],"medium":["https:\/\/ajupe.com.uy\/web\/wp-content\/uploads\/2016\/04\/p-6282-En_el_pa___de_la_520167dcf0564.jpg",300,214,true],"medium_large":["https:\/\/ajupe.com.uy\/web\/wp-content\/uploads\/2016\/04\/p-6282-En_el_pa___de_la_520167dcf0564.jpg",277,418,false],"large":["https:\/\/ajupe.com.uy\/web\/wp-content\/uploads\/2016\/04\/p-6282-En_el_pa___de_la_520167dcf0564.jpg",277,418,false],"1536x1536":["https:\/\/ajupe.com.uy\/web\/wp-content\/uploads\/2016\/04\/p-6282-En_el_pa___de_la_520167dcf0564.jpg",277,418,false],"2048x2048":["https:\/\/ajupe.com.uy\/web\/wp-content\/uploads\/2016\/04\/p-6282-En_el_pa___de_la_520167dcf0564.jpg",277,418,false],"woocommerce_archive_thumbnail":["https:\/\/ajupe.com.uy\/web\/wp-content\/uploads\/2016\/04\/p-6282-En_el_pa___de_la_520167dcf0564-277x400.jpg",277,400,true],"woocommerce_thumbnail":["https:\/\/ajupe.com.uy\/web\/wp-content\/uploads\/2016\/04\/p-6282-En_el_pa___de_la_520167dcf0564-277x300.jpg",277,300,true],"woocommerce_single":["https:\/\/ajupe.com.uy\/web\/wp-content\/uploads\/2016\/04\/p-6282-En_el_pa___de_la_520167dcf0564.jpg",277,418,false],"woocommerce_gallery_thumbnail":["https:\/\/ajupe.com.uy\/web\/wp-content\/uploads\/2016\/04\/p-6282-En_el_pa___de_la_520167dcf0564-100x100.jpg",100,100,true]},"post_excerpt_stackable_v2":"<p>El debut m\u00e1s exitoso de los \u00faltimos a\u00f1os en Alemania.<br \/>\nSarah Lark ha vendido m\u00e1s de un mill\u00f3n de ejemplares de sus obras. En la lista de m\u00e1s vendidos de Spiegel desde julio de 2008.<br \/>\nUna inolvidable saga familiar en el ex\u00f3tico marco de Nueva Zelanda.<\/p>\n","category_list_v2":"","author_info_v2":{"name":"","url":""},"comments_num_v2":"0 comentarios","_links":{"self":[{"href":"https:\/\/ajupe.com.uy\/web\/wp-json\/wp\/v2\/product\/6282","targetHints":{"allow":["GET"]}}],"collection":[{"href":"https:\/\/ajupe.com.uy\/web\/wp-json\/wp\/v2\/product"}],"about":[{"href":"https:\/\/ajupe.com.uy\/web\/wp-json\/wp\/v2\/types\/product"}],"wp:featuredmedia":[{"embeddable":true,"href":"https:\/\/ajupe.com.uy\/web\/wp-json\/wp\/v2\/media\/6283"}],"wp:attachment":[{"href":"https:\/\/ajupe.com.uy\/web\/wp-json\/wp\/v2\/media?parent=6282"}],"wp:term":[{"taxonomy":"product_brand","embeddable":true,"href":"https:\/\/ajupe.com.uy\/web\/wp-json\/wp\/v2\/product_brand?post=6282"},{"taxonomy":"product_cat","embeddable":true,"href":"https:\/\/ajupe.com.uy\/web\/wp-json\/wp\/v2\/product_cat?post=6282"},{"taxonomy":"product_tag","embeddable":true,"href":"https:\/\/ajupe.com.uy\/web\/wp-json\/wp\/v2\/product_tag?post=6282"}],"curies":[{"name":"wp","href":"https:\/\/api.w.org\/{rel}","templated":true}]}}