{"id":6306,"date":"2013-09-26T20:50:18","date_gmt":"2013-09-26T23:50:18","guid":{"rendered":"http:\/\/ajupe.com.uy\/web\/?post_type=product&#038;p=6306"},"modified":"2013-09-26T20:57:23","modified_gmt":"2013-09-26T23:57:23","slug":"los-socios-de-dios","status":"publish","type":"product","link":"https:\/\/ajupe.com.uy\/web\/biblioteca\/los-socios-de-dios\/","title":{"rendered":"Los socios de Dios"},"content":{"rendered":"<h6>\n<p><span style=\"font-size: small;\">En Los socios de Dios Mercedes Vigil  sorprende con una novela   de acci\u00f3n, suspenso e intriga. Un thriller inspirado en sucesos reales  que refieren a hechos recientes de la cr\u00f3nica policial y que centra su  acci\u00f3n en uno de los temas m\u00e1s candentes de la actualidad: el tr\u00e1fico de  armas, los agentes secretos y las redes del poder en todo el mundo, que  tambi\u00e9n involucran a Uruguay.<\/span><\/p>\n<p><span style=\"font-size: small;\"> <\/span><\/p>\n<p><span style=\"font-size: small;\">Vuelve al tapete el atentado a la Amia de la mano de un periodista  jud\u00edo enrolado al mosaad cuyo nombre era  Bernardo Neustadt. Tambien una  nueva faceta sobre la muerte de Eugenio Berr\u00edos y su celebre \u00bb Proyecto  Andrea\u00bb y la muerte de un economista acaecida hace tres a\u00f1os y cuyas  causas se nos han ocultado sistem\u00e1ticamente.<\/span><\/p>\n<p><span style=\"font-size: small;\"> <\/span><\/p>\n<p><span style=\"font-size: small;\">La acci\u00f3n estalla cuando un Saya del Mossad es ajusticiado en  extra\u00f1as circunstancias, una enigm\u00e1tica fot\u00f3grafa inglesa se instala en  Punta del Este para montar una galer\u00eda de arte y un doble agente de  inteligencia huye de Tel Aviv al advertir que el M16 le pisa los  talones.<\/span><\/p>\n<p><span style=\"font-size: small;\"> <\/span><\/p>\n<p><span style=\"font-size: small;\">Todos cabos sueltos que ir\u00e1n conformando un enorme tablero donde el  ajedrez se desarrolla con apuestas de alto vuelo. Tal como las poderosas  agencias de inteligencia, que sobrepasan fronteras y vulneran intereses  nacionales e internacionales, cada personaje en esta trama se devela  como un h\u00e1bil jugador inescrupuloso y obsesionado por alcanzar su propio  objetivo y el que se le asigna.<\/span><\/p>\n<\/h6>\n","protected":false},"excerpt":{"rendered":"<p>En Los socios de Dios Mercedes Vigil sorprende con una novela de acci\u00f3n, suspenso e intriga. Un thriller inspirado en sucesos reales que refieren a hechos recientes de la cr\u00f3nica policial y que centra su acci\u00f3n en uno de los temas m\u00e1s candentes de la actu<\/p>\n","protected":false},"featured_media":6307,"template":"","meta":[],"product_brand":[292],"product_cat":[48],"product_tag":[],"class_list":{"0":"post-6306","1":"product","2":"type-product","3":"status-publish","4":"has-post-thumbnail","6":"product_brand-mercedes-vigil","7":"product_cat-thrillers","9":"first","10":"instock","11":"purchasable","12":"product-type-simple"},"featured_image_urls_v2":{"full":["https:\/\/ajupe.com.uy\/web\/wp-content\/uploads\/2016\/04\/p-6306-Los_socios_de_Di_52449e09ec607.jpg",219,334,false],"thumbnail":["https:\/\/ajupe.com.uy\/web\/wp-content\/uploads\/2016\/04\/p-6306-Los_socios_de_Di_52449e09ec607.jpg",150,150,true],"medium":["https:\/\/ajupe.com.uy\/web\/wp-content\/uploads\/2016\/04\/p-6306-Los_socios_de_Di_52449e09ec607.jpg",300,214,true],"medium_large":["https:\/\/ajupe.com.uy\/web\/wp-content\/uploads\/2016\/04\/p-6306-Los_socios_de_Di_52449e09ec607.jpg",219,334,false],"large":["https:\/\/ajupe.com.uy\/web\/wp-content\/uploads\/2016\/04\/p-6306-Los_socios_de_Di_52449e09ec607.jpg",219,334,false],"1536x1536":["https:\/\/ajupe.com.uy\/web\/wp-content\/uploads\/2016\/04\/p-6306-Los_socios_de_Di_52449e09ec607.jpg",219,334,false],"2048x2048":["https:\/\/ajupe.com.uy\/web\/wp-content\/uploads\/2016\/04\/p-6306-Los_socios_de_Di_52449e09ec607.jpg",219,334,false],"woocommerce_archive_thumbnail":["https:\/\/ajupe.com.uy\/web\/wp-content\/uploads\/2016\/04\/p-6306-Los_socios_de_Di_52449e09ec607-219x300.jpg",219,300,true],"woocommerce_thumbnail":["https:\/\/ajupe.com.uy\/web\/wp-content\/uploads\/2016\/04\/p-6306-Los_socios_de_Di_52449e09ec607-219x300.jpg",219,300,true],"woocommerce_single":["https:\/\/ajupe.com.uy\/web\/wp-content\/uploads\/2016\/04\/p-6306-Los_socios_de_Di_52449e09ec607.jpg",219,334,false],"woocommerce_gallery_thumbnail":["https:\/\/ajupe.com.uy\/web\/wp-content\/uploads\/2016\/04\/p-6306-Los_socios_de_Di_52449e09ec607-100x100.jpg",100,100,true]},"post_excerpt_stackable_v2":"<p>En Los socios de Dios Mercedes Vigil sorprende con una novela de acci\u00f3n, suspenso e intriga. Un thriller inspirado en sucesos reales que refieren a hechos recientes de la cr\u00f3nica policial y que centra su acci\u00f3n en uno de los temas m\u00e1s candentes de la actu<\/p>\n","category_list_v2":"","author_info_v2":{"name":"","url":""},"comments_num_v2":"0 comentarios","_links":{"self":[{"href":"https:\/\/ajupe.com.uy\/web\/wp-json\/wp\/v2\/product\/6306","targetHints":{"allow":["GET"]}}],"collection":[{"href":"https:\/\/ajupe.com.uy\/web\/wp-json\/wp\/v2\/product"}],"about":[{"href":"https:\/\/ajupe.com.uy\/web\/wp-json\/wp\/v2\/types\/product"}],"wp:featuredmedia":[{"embeddable":true,"href":"https:\/\/ajupe.com.uy\/web\/wp-json\/wp\/v2\/media\/6307"}],"wp:attachment":[{"href":"https:\/\/ajupe.com.uy\/web\/wp-json\/wp\/v2\/media?parent=6306"}],"wp:term":[{"taxonomy":"product_brand","embeddable":true,"href":"https:\/\/ajupe.com.uy\/web\/wp-json\/wp\/v2\/product_brand?post=6306"},{"taxonomy":"product_cat","embeddable":true,"href":"https:\/\/ajupe.com.uy\/web\/wp-json\/wp\/v2\/product_cat?post=6306"},{"taxonomy":"product_tag","embeddable":true,"href":"https:\/\/ajupe.com.uy\/web\/wp-json\/wp\/v2\/product_tag?post=6306"}],"curies":[{"name":"wp","href":"https:\/\/api.w.org\/{rel}","templated":true}]}}