{"id":6312,"date":"2013-09-27T20:18:14","date_gmt":"2013-09-27T23:18:14","guid":{"rendered":"http:\/\/ajupe.com.uy\/web\/?post_type=product&#038;p=6312"},"modified":"2013-09-27T20:18:14","modified_gmt":"2013-09-27T23:18:14","slug":"la-duvija-el-tape-olmedo-y-un-quesito-pa-picar","status":"publish","type":"product","link":"https:\/\/ajupe.com.uy\/web\/biblioteca\/la-duvija-el-tape-olmedo-y-un-quesito-pa-picar\/","title":{"rendered":"La duvija, el tape Olmedo&#8230; y un quesito pa` picar"},"content":{"rendered":"<div id=\"idTab1\" class=\"rte\">\n<p style=\"text-align: justify;\"><span style=\"font-size: 10pt;\">\u201cMe  acuerdo de un tal Apretujo Jumento, que supo estar casado con  Filarm\u00f3nica Bosquejo, que se conocieron una vuelta que \u00e9l pasaba en  bicicleta mirando para all\u00e1, y ella justo tir\u00f3 el agua de los fideos del  lado de ac\u00e1, y lo agarr\u00f3 de lleno.<\/span><\/p>\n<p style=\"text-align: justify;\"><span style=\"font-size: 10pt;\">Apretujo Jumento sinti\u00f3 el agua tibia de los fideos y la vio a ella con la olla y le vino como una emoci\u00f3n. <\/span><\/p>\n<p style=\"text-align: justify;\"><span style=\"font-size: 10pt;\">&#8211; Amor a primera vista.<\/span><\/p>\n<p style=\"text-align: justify;\"><span style=\"font-size: 10pt;\">&#8211; A primer fideo, porque entre el agua iba un par de tallarines que se le pegaron en la frente como una vincha&#8230;\u201d<\/span><\/p>\n<p style=\"text-align: justify;\"><span style=\"font-size: 10pt;\">La  obra de Julio C\u00e9sar Castro es una fuente inagotable de creatividad,  originalidad y humor. Y seguramente futuro objeto de estudio para  quienes se dediquen a descifrar las caracter\u00edsticas m\u00e1s distintivas de  la literatura uruguaya del \u00faltimo siglo. Su estilo inconfundible est\u00e1  presente en este libro donde hay nuevos cuentos in\u00e9ditos de Don  Ver\u00eddico, pero adem\u00e1s otros textos que no tienen que ver con el  personaje ni con el boliche El Resorte. Los cuentos estaban bajo la  forma de libretos de radio escritos para Luis Landriscina y se emitieron  por Radio Colonia en el transcurso de los a\u00f1os 2000 y 2001. Fue labor  de su esposa elegirlos y recuperar el formato de los textos originales.  Conservan, sin embargo, el di\u00e1logo y Don Ver\u00eddico est\u00e1 m\u00e1s presente aun  que en otros cuentos. Es \u00e9l quien cuenta. A \u00e9l, un interlocutor  desconocido le pregunta y repregunta. No sabemos qui\u00e9n es. Es posible  que sea el lector. O nosotros mismos.<\/span><\/p>\n<\/div>\n","protected":false},"excerpt":{"rendered":"<p>La obra de Julio C\u00e9sar Castro es una fuente inagotable de creatividad, originalidad y humor. Y seguramente futuro objeto de estudio para quienes se dediquen a descifrar las caracter\u00edsticas m\u00e1s distintivas de la literatura uruguaya del \u00faltimo siglo.<\/p>\n","protected":false},"featured_media":6313,"template":"","meta":[],"product_brand":[366],"product_cat":[45],"product_tag":[],"class_list":{"0":"post-6312","1":"product","2":"type-product","3":"status-publish","4":"has-post-thumbnail","6":"product_brand-julio-cesar-castro","7":"product_cat-uruguayo","9":"first","10":"instock","11":"purchasable","12":"product-type-simple"},"featured_image_urls_v2":{"full":["https:\/\/ajupe.com.uy\/web\/wp-content\/uploads\/2016\/04\/p-6312-La_duvija__el_ta_5245e8064f113.jpg",221,339,false],"thumbnail":["https:\/\/ajupe.com.uy\/web\/wp-content\/uploads\/2016\/04\/p-6312-La_duvija__el_ta_5245e8064f113.jpg",150,150,true],"medium":["https:\/\/ajupe.com.uy\/web\/wp-content\/uploads\/2016\/04\/p-6312-La_duvija__el_ta_5245e8064f113.jpg",300,214,true],"medium_large":["https:\/\/ajupe.com.uy\/web\/wp-content\/uploads\/2016\/04\/p-6312-La_duvija__el_ta_5245e8064f113.jpg",221,339,false],"large":["https:\/\/ajupe.com.uy\/web\/wp-content\/uploads\/2016\/04\/p-6312-La_duvija__el_ta_5245e8064f113.jpg",221,339,false],"1536x1536":["https:\/\/ajupe.com.uy\/web\/wp-content\/uploads\/2016\/04\/p-6312-La_duvija__el_ta_5245e8064f113.jpg",221,339,false],"2048x2048":["https:\/\/ajupe.com.uy\/web\/wp-content\/uploads\/2016\/04\/p-6312-La_duvija__el_ta_5245e8064f113.jpg",221,339,false],"woocommerce_archive_thumbnail":["https:\/\/ajupe.com.uy\/web\/wp-content\/uploads\/2016\/04\/p-6312-La_duvija__el_ta_5245e8064f113-221x300.jpg",221,300,true],"woocommerce_thumbnail":["https:\/\/ajupe.com.uy\/web\/wp-content\/uploads\/2016\/04\/p-6312-La_duvija__el_ta_5245e8064f113-221x300.jpg",221,300,true],"woocommerce_single":["https:\/\/ajupe.com.uy\/web\/wp-content\/uploads\/2016\/04\/p-6312-La_duvija__el_ta_5245e8064f113.jpg",221,339,false],"woocommerce_gallery_thumbnail":["https:\/\/ajupe.com.uy\/web\/wp-content\/uploads\/2016\/04\/p-6312-La_duvija__el_ta_5245e8064f113-100x100.jpg",100,100,true]},"post_excerpt_stackable_v2":"<p>La obra de Julio C\u00e9sar Castro es una fuente inagotable de creatividad, originalidad y humor. Y seguramente futuro objeto de estudio para quienes se dediquen a descifrar las caracter\u00edsticas m\u00e1s distintivas de la literatura uruguaya del \u00faltimo siglo.<\/p>\n","category_list_v2":"","author_info_v2":{"name":"","url":""},"comments_num_v2":"0 comentarios","_links":{"self":[{"href":"https:\/\/ajupe.com.uy\/web\/wp-json\/wp\/v2\/product\/6312","targetHints":{"allow":["GET"]}}],"collection":[{"href":"https:\/\/ajupe.com.uy\/web\/wp-json\/wp\/v2\/product"}],"about":[{"href":"https:\/\/ajupe.com.uy\/web\/wp-json\/wp\/v2\/types\/product"}],"wp:featuredmedia":[{"embeddable":true,"href":"https:\/\/ajupe.com.uy\/web\/wp-json\/wp\/v2\/media\/6313"}],"wp:attachment":[{"href":"https:\/\/ajupe.com.uy\/web\/wp-json\/wp\/v2\/media?parent=6312"}],"wp:term":[{"taxonomy":"product_brand","embeddable":true,"href":"https:\/\/ajupe.com.uy\/web\/wp-json\/wp\/v2\/product_brand?post=6312"},{"taxonomy":"product_cat","embeddable":true,"href":"https:\/\/ajupe.com.uy\/web\/wp-json\/wp\/v2\/product_cat?post=6312"},{"taxonomy":"product_tag","embeddable":true,"href":"https:\/\/ajupe.com.uy\/web\/wp-json\/wp\/v2\/product_tag?post=6312"}],"curies":[{"name":"wp","href":"https:\/\/api.w.org\/{rel}","templated":true}]}}