{"id":6315,"date":"2013-09-27T20:43:15","date_gmt":"2013-09-27T23:43:15","guid":{"rendered":"http:\/\/ajupe.com.uy\/web\/?post_type=product&#038;p=6315"},"modified":"2013-09-27T20:43:15","modified_gmt":"2013-09-27T23:43:15","slug":"nosotros-los-ahogados","status":"publish","type":"product","link":"https:\/\/ajupe.com.uy\/web\/biblioteca\/nosotros-los-ahogados\/","title":{"rendered":"Nosotros, los ahogados"},"content":{"rendered":"<p>Ganador del premio m\u00e1s prestigioso de Dinamarca \u0097<strong>Danske Banks Litteraturpris<\/strong>\u0097 y elegido por los lectores del <em>Morgenavisen Jyllands-Posten<\/em> como mejor novela danesa de los \u00faltimos 25 a\u00f1os, Nosotros, los ahogados  es sin duda el libro m\u00e1s importante surgido en ese pa\u00eds en los \u00faltimos  tiempos. Obra de gran singularidad y profundo calado, se convirti\u00f3  asimismo en un \u00e9xito de ventas arrollador, con m\u00e1s de 150 mil ejemplares  vendidos.<br \/> El pueblo costero de Marstal, al sur del pa\u00eds, es conocido por sus  aguerridos y expertos marineros. Empecinados en conquistar los mares y  dejar que el viento los arrastre lejos de su lugar de origen, son  hombres acostumbrados a luchar, no s\u00f3lo contra el mar, sino contra otros  hombres y otras naciones, contra las mujeres a las que aman y, sobre  todo, contra sus propias y m\u00e1s oscuras ambiciones. Desde las desnudas  rocas de Terranova hasta las exuberantes plantaciones de Samoa, de las  tabernas de Tasmania a la costa del norte de Rusia, \u00e9sta es la  apasionante historia de varias generaciones de Marstal, un relato \u00e9pico y  conmovedor de quienes se marcharon, pero tambi\u00e9n de los que se  quedaron, en una \u00e9poca en que Europa se vio sacudida por una  transformaci\u00f3n pol\u00edtica de efectos devastadores.<br \/> Monumental historia de historias, con claros ecos de las grandes  epopeyas marinas de Melville, Stevenson o Conrad, Nosotros, los ahogados  narra con una particular mezcla de humor y fatalismo una serie de  sucesos extraordinarios en los que las historias de amor son el  contrapunto perfecto para el eterno af\u00e1n del hombre por conocer aquello  que ignora.<\/p>\n","protected":false},"excerpt":{"rendered":"<p>Ganador del premio m\u00e1s prestigioso de Dinamarca \u0097Danske Banks Litteraturpris\u0097 y elegido por los lectores del Morgenavisen Jyllands-Posten como mejor novela danesa de los \u00faltimos 25 a\u00f1os, Nosotros, los ahogados es sin duda el libro m\u00e1s importante surgido e<\/p>\n","protected":false},"featured_media":6316,"template":"","meta":[],"product_brand":[1231],"product_cat":[29],"product_tag":[],"class_list":{"0":"post-6315","1":"product","2":"type-product","3":"status-publish","4":"has-post-thumbnail","6":"product_brand-carsten-jensen","7":"product_cat-novela","9":"first","10":"instock","11":"purchasable","12":"product-type-simple"},"featured_image_urls_v2":{"full":["https:\/\/ajupe.com.uy\/web\/wp-content\/uploads\/2016\/04\/p-6315-Nosotros__los_ah_5245ede34ec24.jpg",184,292,false],"thumbnail":["https:\/\/ajupe.com.uy\/web\/wp-content\/uploads\/2016\/04\/p-6315-Nosotros__los_ah_5245ede34ec24.jpg",150,150,true],"medium":["https:\/\/ajupe.com.uy\/web\/wp-content\/uploads\/2016\/04\/p-6315-Nosotros__los_ah_5245ede34ec24.jpg",300,214,true],"medium_large":["https:\/\/ajupe.com.uy\/web\/wp-content\/uploads\/2016\/04\/p-6315-Nosotros__los_ah_5245ede34ec24.jpg",184,292,false],"large":["https:\/\/ajupe.com.uy\/web\/wp-content\/uploads\/2016\/04\/p-6315-Nosotros__los_ah_5245ede34ec24.jpg",184,292,false],"1536x1536":["https:\/\/ajupe.com.uy\/web\/wp-content\/uploads\/2016\/04\/p-6315-Nosotros__los_ah_5245ede34ec24.jpg",184,292,false],"2048x2048":["https:\/\/ajupe.com.uy\/web\/wp-content\/uploads\/2016\/04\/p-6315-Nosotros__los_ah_5245ede34ec24.jpg",184,292,false],"woocommerce_archive_thumbnail":["https:\/\/ajupe.com.uy\/web\/wp-content\/uploads\/2016\/04\/p-6315-Nosotros__los_ah_5245ede34ec24.jpg",184,292,false],"woocommerce_thumbnail":["https:\/\/ajupe.com.uy\/web\/wp-content\/uploads\/2016\/04\/p-6315-Nosotros__los_ah_5245ede34ec24.jpg",184,292,false],"woocommerce_single":["https:\/\/ajupe.com.uy\/web\/wp-content\/uploads\/2016\/04\/p-6315-Nosotros__los_ah_5245ede34ec24.jpg",184,292,false],"woocommerce_gallery_thumbnail":["https:\/\/ajupe.com.uy\/web\/wp-content\/uploads\/2016\/04\/p-6315-Nosotros__los_ah_5245ede34ec24-100x100.jpg",100,100,true]},"post_excerpt_stackable_v2":"<p>Ganador del premio m\u00e1s prestigioso de Dinamarca \u0097Danske Banks Litteraturpris\u0097 y elegido por los lectores del Morgenavisen Jyllands-Posten como mejor novela danesa de los \u00faltimos 25 a\u00f1os, Nosotros, los ahogados es sin duda el libro m\u00e1s importante surgido e<\/p>\n","category_list_v2":"","author_info_v2":{"name":"","url":""},"comments_num_v2":"0 comentarios","_links":{"self":[{"href":"https:\/\/ajupe.com.uy\/web\/wp-json\/wp\/v2\/product\/6315","targetHints":{"allow":["GET"]}}],"collection":[{"href":"https:\/\/ajupe.com.uy\/web\/wp-json\/wp\/v2\/product"}],"about":[{"href":"https:\/\/ajupe.com.uy\/web\/wp-json\/wp\/v2\/types\/product"}],"wp:featuredmedia":[{"embeddable":true,"href":"https:\/\/ajupe.com.uy\/web\/wp-json\/wp\/v2\/media\/6316"}],"wp:attachment":[{"href":"https:\/\/ajupe.com.uy\/web\/wp-json\/wp\/v2\/media?parent=6315"}],"wp:term":[{"taxonomy":"product_brand","embeddable":true,"href":"https:\/\/ajupe.com.uy\/web\/wp-json\/wp\/v2\/product_brand?post=6315"},{"taxonomy":"product_cat","embeddable":true,"href":"https:\/\/ajupe.com.uy\/web\/wp-json\/wp\/v2\/product_cat?post=6315"},{"taxonomy":"product_tag","embeddable":true,"href":"https:\/\/ajupe.com.uy\/web\/wp-json\/wp\/v2\/product_tag?post=6315"}],"curies":[{"name":"wp","href":"https:\/\/api.w.org\/{rel}","templated":true}]}}