{"id":6321,"date":"2013-09-27T21:15:34","date_gmt":"2013-09-28T00:15:34","guid":{"rendered":"http:\/\/ajupe.com.uy\/web\/?post_type=product&#038;p=6321"},"modified":"2013-09-27T21:15:34","modified_gmt":"2013-09-28T00:15:34","slug":"dime-quien-soy","status":"publish","type":"product","link":"https:\/\/ajupe.com.uy\/web\/biblioteca\/dime-quien-soy\/","title":{"rendered":"Dime quien soy"},"content":{"rendered":"<p>Una periodista recibe una propuesta para investigar la azarosa vida de  su bisabuela, una mujer de la que s\u00f3lo se sabe que huy\u00f3 de Espa\u00f1a  abandonando a su marido y a su hijo poco antes de que estallara la  Guerra Civil. Para rescatarla del olvido deber\u00e1 reconstruir su historia  desde los cimientos, siguiendo los pasos de su biograf\u00eda y encajando,  una a una, todas las piezas del inmenso y extraordinario puzzle de su  existencia. <br \/>Marcada por los hombres que pasaron por su vida -el  empresario Santiago Carranza, el revolucionario Pierre Comte, el  periodista estadounidense Albert James y el m\u00e9dico militar vinculado al  nazismo Max von Schumann-, la vida de Amelia Garayoa es la de una mujer  que aprendi\u00f3 que en la vidsa no se puede volver sobre el pasado para  deshacerlo. Desde la Espa\u00f1a republicana hasta la ca\u00edda del Muro de  Berl\u00edn, pasando por la Segunda Guerra mundial y los oscuros a\u00f1os de la  Guerra fr\u00eda, esta burguesa y revolucionaria, esposa y amante, esp\u00eda y  asesina, actuar\u00e1 siempre de acuerdo a sus principios, enfrent\u00e1ndose a  todo y cometiendo errores que no terminar\u00e1 nunca de pagar. <br \/>Memoria  de un siglo convulso, caracterizado por la barbarie de los  totalitarismos, esta obra es una vuelta de tuerca en la trayectoria de  una de nuestras novelistas m\u00e1s internacionales. Dime qui\u00e9n soy sorprende  por su dramatismo e instrospecci\u00f3n, por su intriga y por sus emociones a  flor de piel. Una aventura desgarradora y cautivadora que tiene unos  personajes excepcionalmente perfilados y literariamente inolvidables. <br \/>La esperada nueva novela de <strong>Julia Navarro<\/strong> es el magn\u00edfico retrato de quienes vivieron intensa y apasionadamente  un siglo turbulento. Ideolog\u00eda y compromiso en estado puro, amores y  desamores desgarrados, aventura e historia de un siglo hecho pedazos,  esta novela no s\u00f3lo hechizar\u00e1 a los lectores de Julia Navarro sino que  fascinar\u00e1 a todos aquellos interesados en nuestra propia historia.<\/p>\n","protected":false},"excerpt":{"rendered":"<p>La esperada nueva novela de Julia Navarro es el magn\u00edfico retrato de quienes vivieron intensa y apasionadamente un siglo turbulento. Ideolog\u00eda y compromiso en estado puro, amores y desamores desgarrados, aventura e historia de un siglo hecho pedazos, esta<\/p>\n","protected":false},"featured_media":6322,"template":"","meta":[],"product_brand":[405],"product_cat":[29],"product_tag":[],"class_list":{"0":"post-6321","1":"product","2":"type-product","3":"status-publish","4":"has-post-thumbnail","6":"product_brand-julia-navarro","7":"product_cat-novela","9":"first","10":"instock","11":"purchasable","12":"product-type-simple"},"featured_image_urls_v2":{"full":["https:\/\/ajupe.com.uy\/web\/wp-content\/uploads\/2016\/04\/p-6321-Dime_quien_soy_5245f576367a0.jpg",207,316,false],"thumbnail":["https:\/\/ajupe.com.uy\/web\/wp-content\/uploads\/2016\/04\/p-6321-Dime_quien_soy_5245f576367a0.jpg",150,150,true],"medium":["https:\/\/ajupe.com.uy\/web\/wp-content\/uploads\/2016\/04\/p-6321-Dime_quien_soy_5245f576367a0.jpg",300,214,true],"medium_large":["https:\/\/ajupe.com.uy\/web\/wp-content\/uploads\/2016\/04\/p-6321-Dime_quien_soy_5245f576367a0.jpg",207,316,false],"large":["https:\/\/ajupe.com.uy\/web\/wp-content\/uploads\/2016\/04\/p-6321-Dime_quien_soy_5245f576367a0.jpg",207,316,false],"1536x1536":["https:\/\/ajupe.com.uy\/web\/wp-content\/uploads\/2016\/04\/p-6321-Dime_quien_soy_5245f576367a0.jpg",207,316,false],"2048x2048":["https:\/\/ajupe.com.uy\/web\/wp-content\/uploads\/2016\/04\/p-6321-Dime_quien_soy_5245f576367a0.jpg",207,316,false],"woocommerce_archive_thumbnail":["https:\/\/ajupe.com.uy\/web\/wp-content\/uploads\/2016\/04\/p-6321-Dime_quien_soy_5245f576367a0-207x300.jpg",207,300,true],"woocommerce_thumbnail":["https:\/\/ajupe.com.uy\/web\/wp-content\/uploads\/2016\/04\/p-6321-Dime_quien_soy_5245f576367a0-207x300.jpg",207,300,true],"woocommerce_single":["https:\/\/ajupe.com.uy\/web\/wp-content\/uploads\/2016\/04\/p-6321-Dime_quien_soy_5245f576367a0.jpg",207,316,false],"woocommerce_gallery_thumbnail":["https:\/\/ajupe.com.uy\/web\/wp-content\/uploads\/2016\/04\/p-6321-Dime_quien_soy_5245f576367a0-100x100.jpg",100,100,true]},"post_excerpt_stackable_v2":"<p>La esperada nueva novela de Julia Navarro es el magn\u00edfico retrato de quienes vivieron intensa y apasionadamente un siglo turbulento. Ideolog\u00eda y compromiso en estado puro, amores y desamores desgarrados, aventura e historia de un siglo hecho pedazos, esta<\/p>\n","category_list_v2":"","author_info_v2":{"name":"","url":""},"comments_num_v2":"0 comentarios","_links":{"self":[{"href":"https:\/\/ajupe.com.uy\/web\/wp-json\/wp\/v2\/product\/6321","targetHints":{"allow":["GET"]}}],"collection":[{"href":"https:\/\/ajupe.com.uy\/web\/wp-json\/wp\/v2\/product"}],"about":[{"href":"https:\/\/ajupe.com.uy\/web\/wp-json\/wp\/v2\/types\/product"}],"wp:featuredmedia":[{"embeddable":true,"href":"https:\/\/ajupe.com.uy\/web\/wp-json\/wp\/v2\/media\/6322"}],"wp:attachment":[{"href":"https:\/\/ajupe.com.uy\/web\/wp-json\/wp\/v2\/media?parent=6321"}],"wp:term":[{"taxonomy":"product_brand","embeddable":true,"href":"https:\/\/ajupe.com.uy\/web\/wp-json\/wp\/v2\/product_brand?post=6321"},{"taxonomy":"product_cat","embeddable":true,"href":"https:\/\/ajupe.com.uy\/web\/wp-json\/wp\/v2\/product_cat?post=6321"},{"taxonomy":"product_tag","embeddable":true,"href":"https:\/\/ajupe.com.uy\/web\/wp-json\/wp\/v2\/product_tag?post=6321"}],"curies":[{"name":"wp","href":"https:\/\/api.w.org\/{rel}","templated":true}]}}