{"id":6333,"date":"2013-10-03T19:58:25","date_gmt":"2013-10-03T22:58:25","guid":{"rendered":"http:\/\/ajupe.com.uy\/web\/?post_type=product&#038;p=6333"},"modified":"2013-10-03T19:58:25","modified_gmt":"2013-10-03T22:58:25","slug":"el-malentendido","status":"publish","type":"product","link":"https:\/\/ajupe.com.uy\/web\/biblioteca\/el-malentendido\/","title":{"rendered":"El malentendido"},"content":{"rendered":"<p>Primera novela de Ir\u00e8ne N\u00e9mirovsky, El malentendido se public\u00f3 en la  revista Les Oeuvres Libres en 1926 y se edit\u00f3 en forma de libro en 1930,  un a\u00f1o despu\u00e9s que la renombrada David Golder, la obra que la lanz\u00f3 a  la fama. Reeditada recientemente en varios pa\u00edses europeos, El  malentendido es otra muestra del talento de una autora que, m\u00e1s all\u00e1 de  su asombrosa precocidad, sigue cautivando por su descarnada radiograf\u00eda  de la naturaleza humana. Descendiente de una familia de la gran  burgues\u00eda francesa venida a menos durante la Primera Guerra Mundial,  Yves Harteloup conoce a Denise, la bella y joven esposa de un antiguo  compa\u00f1ero del hospital militar, durante unas vacaciones en Hendaya, en  la costa vasca. Ser\u00e1 el inicio de una apasionada relaci\u00f3n que continuar\u00e1  cuando ambos regresen a Par\u00eds, si bien all\u00ed el idilio de verano se dar\u00e1  de bruces con la cruda realidad. Mientras Yves retoma su modesta rutina  de oficinista, Denise, ociosa en su mansi\u00f3n, aguarda con impaciencia a  que \u00e9l salga del trabajo. El amor que parec\u00eda indestructible comienza a  agrietarse. Incapaz de seguir el ritmo de vida de su amada, Yves se  hunde en la melancol\u00eda, y Denise, atormentada por el muro de hermetismo  que se alza ante ella, perge\u00f1a un \u00faltimo y desesperado intento por  avivar el inter\u00e9s de Yves y conservar as\u00ed la felicidad que ha conocido  junto a \u00e9l.<\/p>\n","protected":false},"excerpt":{"rendered":"<p>Primera novela de Ir\u00e8ne N\u00e9mirovsky, El malentendido se public\u00f3 en la revista Les Oeuvres Libres en 1926 y se edit\u00f3 en forma de libro en 1930, un a\u00f1o despu\u00e9s que la renombrada David Golder, la obra que la lanz\u00f3 a la fama.<\/p>\n","protected":false},"featured_media":6334,"template":"","meta":[],"product_brand":[530],"product_cat":[29],"product_tag":[],"class_list":{"0":"post-6333","1":"product","2":"type-product","3":"status-publish","4":"has-post-thumbnail","6":"product_brand-irene-nemirovsky","7":"product_cat-novela","9":"first","10":"instock","11":"purchasable","12":"product-type-simple"},"featured_image_urls_v2":{"full":["https:\/\/ajupe.com.uy\/web\/wp-content\/uploads\/2016\/04\/p-6333-El_malentendido_524dcc61628f4.jpg",198,323,false],"thumbnail":["https:\/\/ajupe.com.uy\/web\/wp-content\/uploads\/2016\/04\/p-6333-El_malentendido_524dcc61628f4.jpg",150,150,true],"medium":["https:\/\/ajupe.com.uy\/web\/wp-content\/uploads\/2016\/04\/p-6333-El_malentendido_524dcc61628f4.jpg",300,214,true],"medium_large":["https:\/\/ajupe.com.uy\/web\/wp-content\/uploads\/2016\/04\/p-6333-El_malentendido_524dcc61628f4.jpg",198,323,false],"large":["https:\/\/ajupe.com.uy\/web\/wp-content\/uploads\/2016\/04\/p-6333-El_malentendido_524dcc61628f4.jpg",198,323,false],"1536x1536":["https:\/\/ajupe.com.uy\/web\/wp-content\/uploads\/2016\/04\/p-6333-El_malentendido_524dcc61628f4.jpg",198,323,false],"2048x2048":["https:\/\/ajupe.com.uy\/web\/wp-content\/uploads\/2016\/04\/p-6333-El_malentendido_524dcc61628f4.jpg",198,323,false],"woocommerce_archive_thumbnail":["https:\/\/ajupe.com.uy\/web\/wp-content\/uploads\/2016\/04\/p-6333-El_malentendido_524dcc61628f4-198x300.jpg",198,300,true],"woocommerce_thumbnail":["https:\/\/ajupe.com.uy\/web\/wp-content\/uploads\/2016\/04\/p-6333-El_malentendido_524dcc61628f4-198x300.jpg",198,300,true],"woocommerce_single":["https:\/\/ajupe.com.uy\/web\/wp-content\/uploads\/2016\/04\/p-6333-El_malentendido_524dcc61628f4.jpg",198,323,false],"woocommerce_gallery_thumbnail":["https:\/\/ajupe.com.uy\/web\/wp-content\/uploads\/2016\/04\/p-6333-El_malentendido_524dcc61628f4-100x100.jpg",100,100,true]},"post_excerpt_stackable_v2":"<p>Primera novela de Ir\u00e8ne N\u00e9mirovsky, El malentendido se public\u00f3 en la revista Les Oeuvres Libres en 1926 y se edit\u00f3 en forma de libro en 1930, un a\u00f1o despu\u00e9s que la renombrada David Golder, la obra que la lanz\u00f3 a la fama.<\/p>\n","category_list_v2":"","author_info_v2":{"name":"","url":""},"comments_num_v2":"0 comentarios","_links":{"self":[{"href":"https:\/\/ajupe.com.uy\/web\/wp-json\/wp\/v2\/product\/6333","targetHints":{"allow":["GET"]}}],"collection":[{"href":"https:\/\/ajupe.com.uy\/web\/wp-json\/wp\/v2\/product"}],"about":[{"href":"https:\/\/ajupe.com.uy\/web\/wp-json\/wp\/v2\/types\/product"}],"wp:featuredmedia":[{"embeddable":true,"href":"https:\/\/ajupe.com.uy\/web\/wp-json\/wp\/v2\/media\/6334"}],"wp:attachment":[{"href":"https:\/\/ajupe.com.uy\/web\/wp-json\/wp\/v2\/media?parent=6333"}],"wp:term":[{"taxonomy":"product_brand","embeddable":true,"href":"https:\/\/ajupe.com.uy\/web\/wp-json\/wp\/v2\/product_brand?post=6333"},{"taxonomy":"product_cat","embeddable":true,"href":"https:\/\/ajupe.com.uy\/web\/wp-json\/wp\/v2\/product_cat?post=6333"},{"taxonomy":"product_tag","embeddable":true,"href":"https:\/\/ajupe.com.uy\/web\/wp-json\/wp\/v2\/product_tag?post=6333"}],"curies":[{"name":"wp","href":"https:\/\/api.w.org\/{rel}","templated":true}]}}