{"id":6339,"date":"2013-10-03T20:37:30","date_gmt":"2013-10-03T23:37:30","guid":{"rendered":"http:\/\/ajupe.com.uy\/web\/?post_type=product&#038;p=6339"},"modified":"2013-10-03T20:37:30","modified_gmt":"2013-10-03T23:37:30","slug":"zapatos-italianos","status":"publish","type":"product","link":"https:\/\/ajupe.com.uy\/web\/biblioteca\/zapatos-italianos\/","title":{"rendered":"Zapatos Italianos"},"content":{"rendered":"<p>Fredrik Wellin, m\u00e9dico retirado, vive solo en una isla cercana a la  costa sueca, hasta que la llegada de un antiguo amor al que abandon\u00f3 en  el pasado irrumpe en su mon\u00f3tono pero buscado aislamiento. Se trata de  Harriet, quien gravemente enferma ha venido a pedirle que cumpla la  antigua promesa de juventud de llevarla a una laguna al norte del pa\u00eds.  Harriet trae consigo a Louise, una hija de ambos, de cuya existencia  nada sab\u00eda. Obligado, ahora, a asistir al lento final de Harriet y a  crear unos v\u00ednculos paterno-filiales con quien, en realidad, es una  desconocida, Fredrik iniciar\u00e1 un viaje hacia su propio dolor. Los  errores del pasado sepultados en la soledad de la isla reavivan sus  remordimientos. Entre ellos, el terrible secreto que lo alej\u00f3 de la  profesi\u00f3n y por el que decidi\u00f3 huir del mundo.<\/p>\n","protected":false},"excerpt":{"rendered":"<p>Fredrik Wellin, m\u00e9dico retirado, vive solo en una isla cercana a la costa sueca, hasta que la llegada de un antiguo amor al que abandon\u00f3 en el pasado irrumpe en su mon\u00f3tono pero buscado aislamiento.<\/p>\n","protected":false},"featured_media":6340,"template":"","meta":[],"product_brand":[996],"product_cat":[29],"product_tag":[],"class_list":{"0":"post-6339","1":"product","2":"type-product","3":"status-publish","4":"has-post-thumbnail","6":"product_brand-henning-mankell","7":"product_cat-novela","9":"first","10":"instock","11":"purchasable","12":"product-type-simple"},"featured_image_urls_v2":{"full":["https:\/\/ajupe.com.uy\/web\/wp-content\/uploads\/2016\/04\/p-6339-Zapatos_Italiano_524dd588b5620.jpg",181,278,false],"thumbnail":["https:\/\/ajupe.com.uy\/web\/wp-content\/uploads\/2016\/04\/p-6339-Zapatos_Italiano_524dd588b5620.jpg",150,150,true],"medium":["https:\/\/ajupe.com.uy\/web\/wp-content\/uploads\/2016\/04\/p-6339-Zapatos_Italiano_524dd588b5620.jpg",300,214,true],"medium_large":["https:\/\/ajupe.com.uy\/web\/wp-content\/uploads\/2016\/04\/p-6339-Zapatos_Italiano_524dd588b5620.jpg",181,278,false],"large":["https:\/\/ajupe.com.uy\/web\/wp-content\/uploads\/2016\/04\/p-6339-Zapatos_Italiano_524dd588b5620.jpg",181,278,false],"1536x1536":["https:\/\/ajupe.com.uy\/web\/wp-content\/uploads\/2016\/04\/p-6339-Zapatos_Italiano_524dd588b5620.jpg",181,278,false],"2048x2048":["https:\/\/ajupe.com.uy\/web\/wp-content\/uploads\/2016\/04\/p-6339-Zapatos_Italiano_524dd588b5620.jpg",181,278,false],"woocommerce_archive_thumbnail":["https:\/\/ajupe.com.uy\/web\/wp-content\/uploads\/2016\/04\/p-6339-Zapatos_Italiano_524dd588b5620.jpg",181,278,false],"woocommerce_thumbnail":["https:\/\/ajupe.com.uy\/web\/wp-content\/uploads\/2016\/04\/p-6339-Zapatos_Italiano_524dd588b5620.jpg",181,278,false],"woocommerce_single":["https:\/\/ajupe.com.uy\/web\/wp-content\/uploads\/2016\/04\/p-6339-Zapatos_Italiano_524dd588b5620.jpg",181,278,false],"woocommerce_gallery_thumbnail":["https:\/\/ajupe.com.uy\/web\/wp-content\/uploads\/2016\/04\/p-6339-Zapatos_Italiano_524dd588b5620-100x100.jpg",100,100,true]},"post_excerpt_stackable_v2":"<p>Fredrik Wellin, m\u00e9dico retirado, vive solo en una isla cercana a la costa sueca, hasta que la llegada de un antiguo amor al que abandon\u00f3 en el pasado irrumpe en su mon\u00f3tono pero buscado aislamiento.<\/p>\n","category_list_v2":"","author_info_v2":{"name":"","url":""},"comments_num_v2":"0 comentarios","_links":{"self":[{"href":"https:\/\/ajupe.com.uy\/web\/wp-json\/wp\/v2\/product\/6339","targetHints":{"allow":["GET"]}}],"collection":[{"href":"https:\/\/ajupe.com.uy\/web\/wp-json\/wp\/v2\/product"}],"about":[{"href":"https:\/\/ajupe.com.uy\/web\/wp-json\/wp\/v2\/types\/product"}],"wp:featuredmedia":[{"embeddable":true,"href":"https:\/\/ajupe.com.uy\/web\/wp-json\/wp\/v2\/media\/6340"}],"wp:attachment":[{"href":"https:\/\/ajupe.com.uy\/web\/wp-json\/wp\/v2\/media?parent=6339"}],"wp:term":[{"taxonomy":"product_brand","embeddable":true,"href":"https:\/\/ajupe.com.uy\/web\/wp-json\/wp\/v2\/product_brand?post=6339"},{"taxonomy":"product_cat","embeddable":true,"href":"https:\/\/ajupe.com.uy\/web\/wp-json\/wp\/v2\/product_cat?post=6339"},{"taxonomy":"product_tag","embeddable":true,"href":"https:\/\/ajupe.com.uy\/web\/wp-json\/wp\/v2\/product_tag?post=6339"}],"curies":[{"name":"wp","href":"https:\/\/api.w.org\/{rel}","templated":true}]}}