{"id":6345,"date":"2013-10-03T20:56:04","date_gmt":"2013-10-03T23:56:04","guid":{"rendered":"http:\/\/ajupe.com.uy\/web\/?post_type=product&#038;p=6345"},"modified":"2013-10-03T20:56:04","modified_gmt":"2013-10-03T23:56:04","slug":"la-esperanza-perfecta","status":"publish","type":"product","link":"https:\/\/ajupe.com.uy\/web\/biblioteca\/la-esperanza-perfecta\/","title":{"rendered":"La esperanza perfecta"},"content":{"rendered":"<p>Esperanza es la gerente del Hotel Boonsboro que Justine Montgomery y sus  tres hijos, Beckett, Owen y Ryder, han restaurado con mucho esmero y  buen gusto. Es la \u00edntima amiga de Claire y Avery, y acaba de terminar  una relaci\u00f3n con Jonathan, el hijo del propietario del prestigioso hotel  de Georgetown donde trabajaba antes. Estaba muy enamorada de \u00e9l cuando  le comunic\u00f3, sin previo aviso y total cinismo, su pr\u00f3ximo matrimonio con  una joven de clase alta. Ahora se ha volcado en su nuevo puesto, y  nuevo hogar, y tambi\u00e9n en un trabajo de investigaci\u00f3n: quiere averiguar  qui\u00e9n era Lizzy, la joven enamorada cuyo fantasma se pasea por el hotel,  dejando tras de s\u00ed un intenso olor a madreselva. Esperanza est\u00e1 feliz  en Innsboro, feliz de haber dejado atr\u00e1s su desgraciada historia con  Jonathan, y encantada con su nuevo puesto y la compa\u00f1\u00eda de sus dos  amigas; pero algo falta en su vida&#8230; y los hermanos Montgomery son  tres.<\/p>\n","protected":false},"excerpt":{"rendered":"<p>Esperanza es la gerente del Hotel Boonsboro que Justine Montgomery y sus tres hijos, Beckett, Owen y Ryder, han restaurado con mucho esmero y buen gusto.<\/p>\n","protected":false},"featured_media":6346,"template":"","meta":[],"product_brand":[267],"product_cat":[38,29],"product_tag":[],"class_list":{"0":"post-6345","1":"product","2":"type-product","3":"status-publish","4":"has-post-thumbnail","6":"product_brand-nora-roberts","7":"product_cat-amor","8":"product_cat-novela","10":"first","11":"instock","12":"purchasable","13":"product-type-simple"},"featured_image_urls_v2":{"full":["https:\/\/ajupe.com.uy\/web\/wp-content\/uploads\/2016\/04\/p-6345-La_esperanza_per_524dd9e48ecbd.jpg",229,332,false],"thumbnail":["https:\/\/ajupe.com.uy\/web\/wp-content\/uploads\/2016\/04\/p-6345-La_esperanza_per_524dd9e48ecbd.jpg",150,150,true],"medium":["https:\/\/ajupe.com.uy\/web\/wp-content\/uploads\/2016\/04\/p-6345-La_esperanza_per_524dd9e48ecbd.jpg",300,214,true],"medium_large":["https:\/\/ajupe.com.uy\/web\/wp-content\/uploads\/2016\/04\/p-6345-La_esperanza_per_524dd9e48ecbd.jpg",229,332,false],"large":["https:\/\/ajupe.com.uy\/web\/wp-content\/uploads\/2016\/04\/p-6345-La_esperanza_per_524dd9e48ecbd.jpg",229,332,false],"1536x1536":["https:\/\/ajupe.com.uy\/web\/wp-content\/uploads\/2016\/04\/p-6345-La_esperanza_per_524dd9e48ecbd.jpg",229,332,false],"2048x2048":["https:\/\/ajupe.com.uy\/web\/wp-content\/uploads\/2016\/04\/p-6345-La_esperanza_per_524dd9e48ecbd.jpg",229,332,false],"woocommerce_archive_thumbnail":["https:\/\/ajupe.com.uy\/web\/wp-content\/uploads\/2016\/04\/p-6345-La_esperanza_per_524dd9e48ecbd-229x300.jpg",229,300,true],"woocommerce_thumbnail":["https:\/\/ajupe.com.uy\/web\/wp-content\/uploads\/2016\/04\/p-6345-La_esperanza_per_524dd9e48ecbd-229x300.jpg",229,300,true],"woocommerce_single":["https:\/\/ajupe.com.uy\/web\/wp-content\/uploads\/2016\/04\/p-6345-La_esperanza_per_524dd9e48ecbd.jpg",229,332,false],"woocommerce_gallery_thumbnail":["https:\/\/ajupe.com.uy\/web\/wp-content\/uploads\/2016\/04\/p-6345-La_esperanza_per_524dd9e48ecbd-100x100.jpg",100,100,true]},"post_excerpt_stackable_v2":"<p>Esperanza es la gerente del Hotel Boonsboro que Justine Montgomery y sus tres hijos, Beckett, Owen y Ryder, han restaurado con mucho esmero y buen gusto.<\/p>\n","category_list_v2":"","author_info_v2":{"name":"","url":""},"comments_num_v2":"0 comentarios","_links":{"self":[{"href":"https:\/\/ajupe.com.uy\/web\/wp-json\/wp\/v2\/product\/6345","targetHints":{"allow":["GET"]}}],"collection":[{"href":"https:\/\/ajupe.com.uy\/web\/wp-json\/wp\/v2\/product"}],"about":[{"href":"https:\/\/ajupe.com.uy\/web\/wp-json\/wp\/v2\/types\/product"}],"wp:featuredmedia":[{"embeddable":true,"href":"https:\/\/ajupe.com.uy\/web\/wp-json\/wp\/v2\/media\/6346"}],"wp:attachment":[{"href":"https:\/\/ajupe.com.uy\/web\/wp-json\/wp\/v2\/media?parent=6345"}],"wp:term":[{"taxonomy":"product_brand","embeddable":true,"href":"https:\/\/ajupe.com.uy\/web\/wp-json\/wp\/v2\/product_brand?post=6345"},{"taxonomy":"product_cat","embeddable":true,"href":"https:\/\/ajupe.com.uy\/web\/wp-json\/wp\/v2\/product_cat?post=6345"},{"taxonomy":"product_tag","embeddable":true,"href":"https:\/\/ajupe.com.uy\/web\/wp-json\/wp\/v2\/product_tag?post=6345"}],"curies":[{"name":"wp","href":"https:\/\/api.w.org\/{rel}","templated":true}]}}