{"id":6348,"date":"2013-10-03T21:02:30","date_gmt":"2013-10-04T00:02:30","guid":{"rendered":"http:\/\/ajupe.com.uy\/web\/?post_type=product&#038;p=6348"},"modified":"2013-10-03T21:02:30","modified_gmt":"2013-10-04T00:02:30","slug":"la-casa-de-convalecencia","status":"publish","type":"product","link":"https:\/\/ajupe.com.uy\/web\/biblioteca\/la-casa-de-convalecencia\/","title":{"rendered":"La casa de convalecencia"},"content":{"rendered":"<p style=\"text-align: justify;\"><span style=\"font-size: 10pt;\">En un  remoto bosque de Finlandia se encuentra un sanatorio llamado Suvanto.  Son los inicios del siglo XX y las pacientes buscan alivio de una serie  de dolencias reales e imaginarias. En las plantas inferiores est\u00e1n las  estoicas mujeres finlandesas; en las superiores, extranjeras acomodadas,  que atiende la enfermera jefe Sunny Taylor, una norteamericana que ha  huido de una vida desventurada para refugiarse tras una m\u00e1scara de  eficaz profesionalidad.<\/span><\/p>\n<p class=\"MsoNormal\" style=\"text-align: justify;\"><span style=\"font-size: 10pt;\">Mientras  del verano se pasa al oto\u00f1o, y del oto\u00f1o a un largo y oscuro invierno,  las pacientes oyen rumores de cambios en Suvanto de mano del doctor  Peter Weber, un obstetra norteamericano que est\u00e1 experimentando una  nueva sutura quir\u00fargica. A las mujeres les inquieta ver peligrar su  rutina cotidiana y la sensaci\u00f3n de creciente turbaci\u00f3n culminar\u00e1 en un  espantoso desenlace. <\/span><\/p>\n","protected":false},"excerpt":{"rendered":"<p>En un remoto bosque de Finlandia se encuentra un sanatorio llamado Suvanto. Son los inicios del siglo XX y las pacientes buscan alivio de una serie de dolencias reales e imaginarias.<\/p>\n","protected":false},"featured_media":6349,"template":"","meta":[],"product_brand":[1236],"product_cat":[48],"product_tag":[],"class_list":{"0":"post-6348","1":"product","2":"type-product","3":"status-publish","4":"has-post-thumbnail","6":"product_brand-maile-chapman","7":"product_cat-thrillers","9":"first","10":"instock","11":"purchasable","12":"product-type-simple"},"featured_image_urls_v2":{"full":["https:\/\/ajupe.com.uy\/web\/wp-content\/uploads\/2016\/04\/p-6348-La_casa_de_conva_524ddb66cb6a4.jpg",221,332,false],"thumbnail":["https:\/\/ajupe.com.uy\/web\/wp-content\/uploads\/2016\/04\/p-6348-La_casa_de_conva_524ddb66cb6a4.jpg",150,150,true],"medium":["https:\/\/ajupe.com.uy\/web\/wp-content\/uploads\/2016\/04\/p-6348-La_casa_de_conva_524ddb66cb6a4.jpg",300,214,true],"medium_large":["https:\/\/ajupe.com.uy\/web\/wp-content\/uploads\/2016\/04\/p-6348-La_casa_de_conva_524ddb66cb6a4.jpg",221,332,false],"large":["https:\/\/ajupe.com.uy\/web\/wp-content\/uploads\/2016\/04\/p-6348-La_casa_de_conva_524ddb66cb6a4.jpg",221,332,false],"1536x1536":["https:\/\/ajupe.com.uy\/web\/wp-content\/uploads\/2016\/04\/p-6348-La_casa_de_conva_524ddb66cb6a4.jpg",221,332,false],"2048x2048":["https:\/\/ajupe.com.uy\/web\/wp-content\/uploads\/2016\/04\/p-6348-La_casa_de_conva_524ddb66cb6a4.jpg",221,332,false],"woocommerce_archive_thumbnail":["https:\/\/ajupe.com.uy\/web\/wp-content\/uploads\/2016\/04\/p-6348-La_casa_de_conva_524ddb66cb6a4-221x300.jpg",221,300,true],"woocommerce_thumbnail":["https:\/\/ajupe.com.uy\/web\/wp-content\/uploads\/2016\/04\/p-6348-La_casa_de_conva_524ddb66cb6a4-221x300.jpg",221,300,true],"woocommerce_single":["https:\/\/ajupe.com.uy\/web\/wp-content\/uploads\/2016\/04\/p-6348-La_casa_de_conva_524ddb66cb6a4.jpg",221,332,false],"woocommerce_gallery_thumbnail":["https:\/\/ajupe.com.uy\/web\/wp-content\/uploads\/2016\/04\/p-6348-La_casa_de_conva_524ddb66cb6a4-100x100.jpg",100,100,true]},"post_excerpt_stackable_v2":"<p>En un remoto bosque de Finlandia se encuentra un sanatorio llamado Suvanto. Son los inicios del siglo XX y las pacientes buscan alivio de una serie de dolencias reales e imaginarias.<\/p>\n","category_list_v2":"","author_info_v2":{"name":"","url":""},"comments_num_v2":"0 comentarios","_links":{"self":[{"href":"https:\/\/ajupe.com.uy\/web\/wp-json\/wp\/v2\/product\/6348","targetHints":{"allow":["GET"]}}],"collection":[{"href":"https:\/\/ajupe.com.uy\/web\/wp-json\/wp\/v2\/product"}],"about":[{"href":"https:\/\/ajupe.com.uy\/web\/wp-json\/wp\/v2\/types\/product"}],"wp:featuredmedia":[{"embeddable":true,"href":"https:\/\/ajupe.com.uy\/web\/wp-json\/wp\/v2\/media\/6349"}],"wp:attachment":[{"href":"https:\/\/ajupe.com.uy\/web\/wp-json\/wp\/v2\/media?parent=6348"}],"wp:term":[{"taxonomy":"product_brand","embeddable":true,"href":"https:\/\/ajupe.com.uy\/web\/wp-json\/wp\/v2\/product_brand?post=6348"},{"taxonomy":"product_cat","embeddable":true,"href":"https:\/\/ajupe.com.uy\/web\/wp-json\/wp\/v2\/product_cat?post=6348"},{"taxonomy":"product_tag","embeddable":true,"href":"https:\/\/ajupe.com.uy\/web\/wp-json\/wp\/v2\/product_tag?post=6348"}],"curies":[{"name":"wp","href":"https:\/\/api.w.org\/{rel}","templated":true}]}}