{"id":6351,"date":"2013-10-03T21:20:55","date_gmt":"2013-10-04T00:20:55","guid":{"rendered":"http:\/\/ajupe.com.uy\/web\/?post_type=product&#038;p=6351"},"modified":"2013-10-03T21:21:43","modified_gmt":"2013-10-04T00:21:43","slug":"experimento-letal","status":"publish","type":"product","link":"https:\/\/ajupe.com.uy\/web\/biblioteca\/experimento-letal\/","title":{"rendered":"Experimento letal"},"content":{"rendered":"<div id=\"DescripcionLarga\" style=\"display: block;\">\n<div class=\"page\" title=\"Page 30\">\n<div class=\"section\">\n<div class=\"layoutArea\">\n<div class=\"column\">\n<p><span>\u00bfQu\u00e9 pasar\u00eda si alguien te ofreciera cien mil d\u00f3lares con la  \u00fanica condici\u00f3n de que si aceptas el dinero un asesino ser\u00e1 eliminado?  \u00bfLo aceptar\u00edas? <\/span><\/p>\n<p><span>Las personas que lo han hecho pronto descubren las  implicaciones de su decisi\u00f3n: son parte de un experimento letal. Donovan  Creed, ex agente de la CIA y asesino a tiempo parcial, es un tipo duro  que no puede resistirse a una causa noble. A pesar del pesado equipaje y  su predilecci\u00f3n por las prostitutas de lujo, siempre encuentra la  manera de vencer a los criminales. <\/span><\/p>\n<p><span>En esta segunda entrega, Creed se ve obligado a elegir entre su pr\u00f3spero negocio de asesino a<\/span>sueldo,  su participaci\u00f3n en un experimento letal y su deseo de llevar una vida  normal con la bella Kathleen Gray y su hija reci\u00e9n adoptada, Addie.  Antes de que esto suceda, sin embargo, tiene que hacerse cargo de un  negocio mort\u00edfero que implica a un antiguo amor.<\/p>\n<\/div>\n<\/div>\n<\/div>\n<\/div>\n<\/div>\n<div id=\"DescripcionLarga\" style=\"display: block;\">\n<div class=\"page\" title=\"Page 30\">\n<div class=\"section\">\n<div class=\"layoutArea\">\n<div class=\"column\"><\/div>\n<\/div>\n<\/div>\n<\/div>\n<\/div>\n","protected":false},"excerpt":{"rendered":"<p>\u00bfQu\u00e9 pasar\u00eda si alguien te ofreciera cien mil d\u00f3lares con la \u00fanica condici\u00f3n de que si aceptas el dinero un asesino ser\u00e1 eliminado? \u00bfLo aceptar\u00edas?<\/p>\n","protected":false},"featured_media":6352,"template":"","meta":[],"product_brand":[1147],"product_cat":[48],"product_tag":[],"class_list":{"0":"post-6351","1":"product","2":"type-product","3":"status-publish","4":"has-post-thumbnail","6":"product_brand-john-locke","7":"product_cat-thrillers","9":"first","10":"instock","11":"purchasable","12":"product-type-simple"},"featured_image_urls_v2":{"full":["https:\/\/ajupe.com.uy\/web\/wp-content\/uploads\/2016\/04\/p-6351-Experimento_leta_524ddfb79a121.jpg",219,336,false],"thumbnail":["https:\/\/ajupe.com.uy\/web\/wp-content\/uploads\/2016\/04\/p-6351-Experimento_leta_524ddfb79a121.jpg",150,150,true],"medium":["https:\/\/ajupe.com.uy\/web\/wp-content\/uploads\/2016\/04\/p-6351-Experimento_leta_524ddfb79a121.jpg",300,214,true],"medium_large":["https:\/\/ajupe.com.uy\/web\/wp-content\/uploads\/2016\/04\/p-6351-Experimento_leta_524ddfb79a121.jpg",219,336,false],"large":["https:\/\/ajupe.com.uy\/web\/wp-content\/uploads\/2016\/04\/p-6351-Experimento_leta_524ddfb79a121.jpg",219,336,false],"1536x1536":["https:\/\/ajupe.com.uy\/web\/wp-content\/uploads\/2016\/04\/p-6351-Experimento_leta_524ddfb79a121.jpg",219,336,false],"2048x2048":["https:\/\/ajupe.com.uy\/web\/wp-content\/uploads\/2016\/04\/p-6351-Experimento_leta_524ddfb79a121.jpg",219,336,false],"woocommerce_archive_thumbnail":["https:\/\/ajupe.com.uy\/web\/wp-content\/uploads\/2016\/04\/p-6351-Experimento_leta_524ddfb79a121-219x300.jpg",219,300,true],"woocommerce_thumbnail":["https:\/\/ajupe.com.uy\/web\/wp-content\/uploads\/2016\/04\/p-6351-Experimento_leta_524ddfb79a121-219x300.jpg",219,300,true],"woocommerce_single":["https:\/\/ajupe.com.uy\/web\/wp-content\/uploads\/2016\/04\/p-6351-Experimento_leta_524ddfb79a121.jpg",219,336,false],"woocommerce_gallery_thumbnail":["https:\/\/ajupe.com.uy\/web\/wp-content\/uploads\/2016\/04\/p-6351-Experimento_leta_524ddfb79a121-100x100.jpg",100,100,true]},"post_excerpt_stackable_v2":"<p>\u00bfQu\u00e9 pasar\u00eda si alguien te ofreciera cien mil d\u00f3lares con la \u00fanica condici\u00f3n de que si aceptas el dinero un asesino ser\u00e1 eliminado? \u00bfLo aceptar\u00edas?<\/p>\n","category_list_v2":"","author_info_v2":{"name":"","url":""},"comments_num_v2":"0 comentarios","_links":{"self":[{"href":"https:\/\/ajupe.com.uy\/web\/wp-json\/wp\/v2\/product\/6351","targetHints":{"allow":["GET"]}}],"collection":[{"href":"https:\/\/ajupe.com.uy\/web\/wp-json\/wp\/v2\/product"}],"about":[{"href":"https:\/\/ajupe.com.uy\/web\/wp-json\/wp\/v2\/types\/product"}],"wp:featuredmedia":[{"embeddable":true,"href":"https:\/\/ajupe.com.uy\/web\/wp-json\/wp\/v2\/media\/6352"}],"wp:attachment":[{"href":"https:\/\/ajupe.com.uy\/web\/wp-json\/wp\/v2\/media?parent=6351"}],"wp:term":[{"taxonomy":"product_brand","embeddable":true,"href":"https:\/\/ajupe.com.uy\/web\/wp-json\/wp\/v2\/product_brand?post=6351"},{"taxonomy":"product_cat","embeddable":true,"href":"https:\/\/ajupe.com.uy\/web\/wp-json\/wp\/v2\/product_cat?post=6351"},{"taxonomy":"product_tag","embeddable":true,"href":"https:\/\/ajupe.com.uy\/web\/wp-json\/wp\/v2\/product_tag?post=6351"}],"curies":[{"name":"wp","href":"https:\/\/api.w.org\/{rel}","templated":true}]}}