{"id":6372,"date":"2013-11-14T19:28:30","date_gmt":"2013-11-14T22:28:30","guid":{"rendered":"http:\/\/ajupe.com.uy\/web\/?post_type=product&#038;p=6372"},"modified":"2013-11-14T19:28:30","modified_gmt":"2013-11-14T22:28:30","slug":"el-resorte-esta-de-fiesta","status":"publish","type":"product","link":"https:\/\/ajupe.com.uy\/web\/biblioteca\/el-resorte-esta-de-fiesta\/","title":{"rendered":"El resorte esta de fiesta"},"content":{"rendered":"<p class=\"MsoNormal\" style=\"text-align: justify;\"><span style=\"font-size: 10pt;\">\u201cCuando  uno lee \u2013podr\u00edamos decir escucha- a Juceca, lo inunda un placer de  aquellos que no cabi\u00e9ndose en el alma busca salir, quiz\u00e1s como  carcajada, pero es de tan adentro que se vuelve como una serie de hipos,  cortitos y sordos, que lo conmueven todo. Todo lo que usted es. Y en  ese todo usted disfruta, \u00bfpara qu\u00e9 va a andar averiguando por qu\u00e9?<\/span><\/p>\n<p class=\"MsoNormal\" style=\"text-align: justify;\"><span style=\"font-size: 10pt;\">No  se trata de eso entonces. Pero por lo menos hay que saber a quien darle  las gracias por el tal placer. Yo, modestamente \u2013capaz que ya hay un  mont\u00f3n que lo descubri\u00f3 &#8211; creo que debe ser a la sustancia humana de la  gente de El Resorte. A su projimidad, como dec\u00edan nuestros paisanos  antes, siempre a flor de agua, pronta para asomar al instante como  amistad de la buena o consejo solidario. Y por debajo de todo esto \u201cno  se la oye pero est\u00e1\u201d, al decir de La Ariscona, de Lena, una ternura de  aquellas.<\/span><\/p>\n<p class=\"MsoNormal\" style=\"text-align: justify;\"><span style=\"font-size: 10pt;\">A  esa gente, seguro, hay que darle las gracias. Gente que ya no queda,  \u00bfsabe? Que, cualquiera dir\u00eda, que no va a volver a encontrar porque se  fueron con Juceca. Y tal parece.<\/span><\/p>\n<p class=\"MsoNormal\" style=\"text-align: justify;\"><span style=\"font-size: 10pt;\">Pero  al final, uno se da cuenta de que cincuenta a\u00f1os es mucho, aunque no  tanto, y que no hay almanaque que pueda matar la ternura, la amistad y  la simpleza de estos queridos paisanos de El Resorte\u201d.<\/span><\/p>\n<p class=\"MsoNormal\" style=\"text-align: justify;\"><span style=\"font-size: 10pt;\">Jos\u00e9 Mar\u00eda Obald\u00eda.<\/span><\/p>\n","protected":false},"excerpt":{"rendered":"<p>Cuando uno lee \u2013podr\u00edamos decir escucha- a Juceca, lo inunda un placer de aquellos que no cabi\u00e9ndose en el alma busca salir, quiz\u00e1s como carcajada, pero es de tan adentro que se vuelve como una serie de hipos, cortitos y sordos, que lo conmueven todo. Tod<\/p>\n","protected":false},"featured_media":6373,"template":"","meta":[],"product_brand":[366],"product_cat":[45],"product_tag":[],"class_list":{"0":"post-6372","1":"product","2":"type-product","3":"status-publish","4":"has-post-thumbnail","6":"product_brand-julio-cesar-castro","7":"product_cat-uruguayo","9":"first","10":"instock","11":"purchasable","12":"product-type-simple"},"featured_image_urls_v2":{"full":["https:\/\/ajupe.com.uy\/web\/wp-content\/uploads\/2016\/04\/p-6372-El_resorte_esta__5285245e8d349.jpg",219,333,false],"thumbnail":["https:\/\/ajupe.com.uy\/web\/wp-content\/uploads\/2016\/04\/p-6372-El_resorte_esta__5285245e8d349.jpg",150,150,true],"medium":["https:\/\/ajupe.com.uy\/web\/wp-content\/uploads\/2016\/04\/p-6372-El_resorte_esta__5285245e8d349.jpg",300,214,true],"medium_large":["https:\/\/ajupe.com.uy\/web\/wp-content\/uploads\/2016\/04\/p-6372-El_resorte_esta__5285245e8d349.jpg",219,333,false],"large":["https:\/\/ajupe.com.uy\/web\/wp-content\/uploads\/2016\/04\/p-6372-El_resorte_esta__5285245e8d349.jpg",219,333,false],"1536x1536":["https:\/\/ajupe.com.uy\/web\/wp-content\/uploads\/2016\/04\/p-6372-El_resorte_esta__5285245e8d349.jpg",219,333,false],"2048x2048":["https:\/\/ajupe.com.uy\/web\/wp-content\/uploads\/2016\/04\/p-6372-El_resorte_esta__5285245e8d349.jpg",219,333,false],"woocommerce_archive_thumbnail":["https:\/\/ajupe.com.uy\/web\/wp-content\/uploads\/2016\/04\/p-6372-El_resorte_esta__5285245e8d349-219x300.jpg",219,300,true],"woocommerce_thumbnail":["https:\/\/ajupe.com.uy\/web\/wp-content\/uploads\/2016\/04\/p-6372-El_resorte_esta__5285245e8d349-219x300.jpg",219,300,true],"woocommerce_single":["https:\/\/ajupe.com.uy\/web\/wp-content\/uploads\/2016\/04\/p-6372-El_resorte_esta__5285245e8d349.jpg",219,333,false],"woocommerce_gallery_thumbnail":["https:\/\/ajupe.com.uy\/web\/wp-content\/uploads\/2016\/04\/p-6372-El_resorte_esta__5285245e8d349-100x100.jpg",100,100,true]},"post_excerpt_stackable_v2":"<p>Cuando uno lee \u2013podr\u00edamos decir escucha- a Juceca, lo inunda un placer de aquellos que no cabi\u00e9ndose en el alma busca salir, quiz\u00e1s como carcajada, pero es de tan adentro que se vuelve como una serie de hipos, cortitos y sordos, que lo conmueven todo. Tod<\/p>\n","category_list_v2":"","author_info_v2":{"name":"","url":""},"comments_num_v2":"0 comentarios","_links":{"self":[{"href":"https:\/\/ajupe.com.uy\/web\/wp-json\/wp\/v2\/product\/6372","targetHints":{"allow":["GET"]}}],"collection":[{"href":"https:\/\/ajupe.com.uy\/web\/wp-json\/wp\/v2\/product"}],"about":[{"href":"https:\/\/ajupe.com.uy\/web\/wp-json\/wp\/v2\/types\/product"}],"wp:featuredmedia":[{"embeddable":true,"href":"https:\/\/ajupe.com.uy\/web\/wp-json\/wp\/v2\/media\/6373"}],"wp:attachment":[{"href":"https:\/\/ajupe.com.uy\/web\/wp-json\/wp\/v2\/media?parent=6372"}],"wp:term":[{"taxonomy":"product_brand","embeddable":true,"href":"https:\/\/ajupe.com.uy\/web\/wp-json\/wp\/v2\/product_brand?post=6372"},{"taxonomy":"product_cat","embeddable":true,"href":"https:\/\/ajupe.com.uy\/web\/wp-json\/wp\/v2\/product_cat?post=6372"},{"taxonomy":"product_tag","embeddable":true,"href":"https:\/\/ajupe.com.uy\/web\/wp-json\/wp\/v2\/product_tag?post=6372"}],"curies":[{"name":"wp","href":"https:\/\/api.w.org\/{rel}","templated":true}]}}