{"id":6375,"date":"2013-11-14T19:34:28","date_gmt":"2013-11-14T22:34:28","guid":{"rendered":"http:\/\/ajupe.com.uy\/web\/?post_type=product&#038;p=6375"},"modified":"2013-11-14T19:34:28","modified_gmt":"2013-11-14T22:34:28","slug":"intuicion","status":"publish","type":"product","link":"https:\/\/ajupe.com.uy\/web\/biblioteca\/intuicion\/","title":{"rendered":"Intuici\u00f3n"},"content":{"rendered":"<p>El detective Duncan Hatcher es convocado en medio de la noche para que acuda a una peculiar escena del crimen: la casa del juez Cato Laird. El caso parece claro: Elise, la joven y atractiva esposa del juez, ha sorprendido a un ladr\u00f3n en plena faena y lo ha matado en defensa propia. Pero Duncan no cree en la inocencia de Elise; intuye que su participaci\u00f3n en la muerte del intruso es s\u00f3lo una parte de la historia&#8230; <\/p>\n<p> Cuando Elise se encuentra en privado con el detective y le hace una revelaci\u00f3n incre\u00edble, Duncan lo interpreta como la mentira de una mujer culpable. Pero \u00bfy si estuviera dici\u00e9ndole la verdad? El crimen adquirir\u00eda un significado mucho m\u00e1s siniestro, que incluso podr\u00eda estar relacionado con el propio Duncan. Y entonces Elise desaparece&#8230;<\/p>\n","protected":false},"excerpt":{"rendered":"<p>El crimen adquirir\u00eda un significado mucho m\u00e1s siniestro, que incluso podr\u00eda estar relacionado con el propio Duncan. Y entonces Elise desaparece&#8230;<\/p>\n","protected":false},"featured_media":6376,"template":"","meta":[],"product_brand":[1240],"product_cat":[48],"product_tag":[],"class_list":{"0":"post-6375","1":"product","2":"type-product","3":"status-publish","4":"has-post-thumbnail","6":"product_brand-sandra-brown","7":"product_cat-thrillers","9":"first","10":"instock","11":"purchasable","12":"product-type-simple"},"featured_image_urls_v2":{"full":["https:\/\/ajupe.com.uy\/web\/wp-content\/uploads\/2016\/04\/p-6375-Intuici__n_528525c4bc4b5.jpg",219,333,false],"thumbnail":["https:\/\/ajupe.com.uy\/web\/wp-content\/uploads\/2016\/04\/p-6375-Intuici__n_528525c4bc4b5.jpg",150,150,true],"medium":["https:\/\/ajupe.com.uy\/web\/wp-content\/uploads\/2016\/04\/p-6375-Intuici__n_528525c4bc4b5.jpg",300,214,true],"medium_large":["https:\/\/ajupe.com.uy\/web\/wp-content\/uploads\/2016\/04\/p-6375-Intuici__n_528525c4bc4b5.jpg",219,333,false],"large":["https:\/\/ajupe.com.uy\/web\/wp-content\/uploads\/2016\/04\/p-6375-Intuici__n_528525c4bc4b5.jpg",219,333,false],"1536x1536":["https:\/\/ajupe.com.uy\/web\/wp-content\/uploads\/2016\/04\/p-6375-Intuici__n_528525c4bc4b5.jpg",219,333,false],"2048x2048":["https:\/\/ajupe.com.uy\/web\/wp-content\/uploads\/2016\/04\/p-6375-Intuici__n_528525c4bc4b5.jpg",219,333,false],"woocommerce_archive_thumbnail":["https:\/\/ajupe.com.uy\/web\/wp-content\/uploads\/2016\/04\/p-6375-Intuici__n_528525c4bc4b5-219x300.jpg",219,300,true],"woocommerce_thumbnail":["https:\/\/ajupe.com.uy\/web\/wp-content\/uploads\/2016\/04\/p-6375-Intuici__n_528525c4bc4b5-219x300.jpg",219,300,true],"woocommerce_single":["https:\/\/ajupe.com.uy\/web\/wp-content\/uploads\/2016\/04\/p-6375-Intuici__n_528525c4bc4b5.jpg",219,333,false],"woocommerce_gallery_thumbnail":["https:\/\/ajupe.com.uy\/web\/wp-content\/uploads\/2016\/04\/p-6375-Intuici__n_528525c4bc4b5-100x100.jpg",100,100,true]},"post_excerpt_stackable_v2":"<p>El crimen adquirir\u00eda un significado mucho m\u00e1s siniestro, que incluso podr\u00eda estar relacionado con el propio Duncan. Y entonces Elise desaparece&#8230;<\/p>\n","category_list_v2":"","author_info_v2":{"name":"","url":""},"comments_num_v2":"0 comentarios","_links":{"self":[{"href":"https:\/\/ajupe.com.uy\/web\/wp-json\/wp\/v2\/product\/6375","targetHints":{"allow":["GET"]}}],"collection":[{"href":"https:\/\/ajupe.com.uy\/web\/wp-json\/wp\/v2\/product"}],"about":[{"href":"https:\/\/ajupe.com.uy\/web\/wp-json\/wp\/v2\/types\/product"}],"wp:featuredmedia":[{"embeddable":true,"href":"https:\/\/ajupe.com.uy\/web\/wp-json\/wp\/v2\/media\/6376"}],"wp:attachment":[{"href":"https:\/\/ajupe.com.uy\/web\/wp-json\/wp\/v2\/media?parent=6375"}],"wp:term":[{"taxonomy":"product_brand","embeddable":true,"href":"https:\/\/ajupe.com.uy\/web\/wp-json\/wp\/v2\/product_brand?post=6375"},{"taxonomy":"product_cat","embeddable":true,"href":"https:\/\/ajupe.com.uy\/web\/wp-json\/wp\/v2\/product_cat?post=6375"},{"taxonomy":"product_tag","embeddable":true,"href":"https:\/\/ajupe.com.uy\/web\/wp-json\/wp\/v2\/product_tag?post=6375"}],"curies":[{"name":"wp","href":"https:\/\/api.w.org\/{rel}","templated":true}]}}