{"id":6378,"date":"2013-11-20T16:25:07","date_gmt":"2013-11-20T19:25:07","guid":{"rendered":"http:\/\/ajupe.com.uy\/web\/?post_type=product&#038;p=6378"},"modified":"2013-11-20T16:41:40","modified_gmt":"2013-11-20T19:41:40","slug":"los-juegos-del-hambre-1ro","status":"publish","type":"product","link":"https:\/\/ajupe.com.uy\/web\/biblioteca\/los-juegos-del-hambre-1ro\/","title":{"rendered":"Los juegos del hambre (1ro.)"},"content":{"rendered":"<p>Un pasado de guerras ha dejado los 12 distritos que dividen Panem bajo  el poder tir\u00e1nico del \u0093Capitolio\u0094. Sin libertad y en la pobreza, nadie  puede salir de los l\u00edmites de su distrito. S\u00f3lo una chica de 16 a\u00f1os,  Katniss Everdeen, osa desafiar las normas para conseguir comida. Sus  prinicipios se pondr\u00e1n a prueba con \u0093Los juegos del hambre\u0094, espect\u00e1culo  televisado que el Capitolio organiza para humillar a la poblaci\u00f3n. Cada  a\u00f1o, 2 representantes de cada distrito ser\u00e1n obligados a subsistir en  un medio hostil y luchar a muerte entre ellos hasta que quede un solo  superviviente. Cuando su hermana peque\u00f1a es elegida para participar,  Katniss no duda en ocupar su lugar, decidida a demostrar con su actitud  firme y decidida, que a\u00fan en las situaciones m\u00e1s desesperadas hay lugar  para el amor y el respeto.<br \/> La historia continuar\u00e1&#8230; la segunda entrega de la trilog\u00eda .<\/p>\n","protected":false},"excerpt":{"rendered":"<p>Es la hora. Ya no hay vuelta atr\u00e1s. Los juegos van a comenzar. Los tributos deben salir a la Arena y luchar por sobrevivir.<br \/>\nGanar significa Fama y riqueza, perder significa la muerte segura&#8230;<\/p>\n","protected":false},"featured_media":6379,"template":"","meta":[],"product_brand":[1241],"product_cat":[37,29],"product_tag":[],"class_list":{"0":"post-6378","1":"product","2":"type-product","3":"status-publish","4":"has-post-thumbnail","6":"product_brand-suzanne-collins","7":"product_cat-ficcion","8":"product_cat-novela","10":"first","11":"instock","12":"purchasable","13":"product-type-simple"},"featured_image_urls_v2":{"full":["https:\/\/ajupe.com.uy\/web\/wp-content\/uploads\/2016\/04\/p-6378-Los_juegos_del_h_528ce2639e1ae.jpg",206,314,false],"thumbnail":["https:\/\/ajupe.com.uy\/web\/wp-content\/uploads\/2016\/04\/p-6378-Los_juegos_del_h_528ce2639e1ae.jpg",150,150,true],"medium":["https:\/\/ajupe.com.uy\/web\/wp-content\/uploads\/2016\/04\/p-6378-Los_juegos_del_h_528ce2639e1ae.jpg",300,214,true],"medium_large":["https:\/\/ajupe.com.uy\/web\/wp-content\/uploads\/2016\/04\/p-6378-Los_juegos_del_h_528ce2639e1ae.jpg",206,314,false],"large":["https:\/\/ajupe.com.uy\/web\/wp-content\/uploads\/2016\/04\/p-6378-Los_juegos_del_h_528ce2639e1ae.jpg",206,314,false],"1536x1536":["https:\/\/ajupe.com.uy\/web\/wp-content\/uploads\/2016\/04\/p-6378-Los_juegos_del_h_528ce2639e1ae.jpg",206,314,false],"2048x2048":["https:\/\/ajupe.com.uy\/web\/wp-content\/uploads\/2016\/04\/p-6378-Los_juegos_del_h_528ce2639e1ae.jpg",206,314,false],"woocommerce_archive_thumbnail":["https:\/\/ajupe.com.uy\/web\/wp-content\/uploads\/2016\/04\/p-6378-Los_juegos_del_h_528ce2639e1ae-206x300.jpg",206,300,true],"woocommerce_thumbnail":["https:\/\/ajupe.com.uy\/web\/wp-content\/uploads\/2016\/04\/p-6378-Los_juegos_del_h_528ce2639e1ae-206x300.jpg",206,300,true],"woocommerce_single":["https:\/\/ajupe.com.uy\/web\/wp-content\/uploads\/2016\/04\/p-6378-Los_juegos_del_h_528ce2639e1ae.jpg",206,314,false],"woocommerce_gallery_thumbnail":["https:\/\/ajupe.com.uy\/web\/wp-content\/uploads\/2016\/04\/p-6378-Los_juegos_del_h_528ce2639e1ae-100x100.jpg",100,100,true]},"post_excerpt_stackable_v2":"<p>Es la hora. Ya no hay vuelta atr\u00e1s. Los juegos van a comenzar. Los tributos deben salir a la Arena y luchar por sobrevivir.<br \/>\nGanar significa Fama y riqueza, perder significa la muerte segura&#8230;<\/p>\n","category_list_v2":"","author_info_v2":{"name":"","url":""},"comments_num_v2":"0 comentarios","_links":{"self":[{"href":"https:\/\/ajupe.com.uy\/web\/wp-json\/wp\/v2\/product\/6378","targetHints":{"allow":["GET"]}}],"collection":[{"href":"https:\/\/ajupe.com.uy\/web\/wp-json\/wp\/v2\/product"}],"about":[{"href":"https:\/\/ajupe.com.uy\/web\/wp-json\/wp\/v2\/types\/product"}],"wp:featuredmedia":[{"embeddable":true,"href":"https:\/\/ajupe.com.uy\/web\/wp-json\/wp\/v2\/media\/6379"}],"wp:attachment":[{"href":"https:\/\/ajupe.com.uy\/web\/wp-json\/wp\/v2\/media?parent=6378"}],"wp:term":[{"taxonomy":"product_brand","embeddable":true,"href":"https:\/\/ajupe.com.uy\/web\/wp-json\/wp\/v2\/product_brand?post=6378"},{"taxonomy":"product_cat","embeddable":true,"href":"https:\/\/ajupe.com.uy\/web\/wp-json\/wp\/v2\/product_cat?post=6378"},{"taxonomy":"product_tag","embeddable":true,"href":"https:\/\/ajupe.com.uy\/web\/wp-json\/wp\/v2\/product_tag?post=6378"}],"curies":[{"name":"wp","href":"https:\/\/api.w.org\/{rel}","templated":true}]}}