{"id":6381,"date":"2013-11-20T16:33:12","date_gmt":"2013-11-20T19:33:12","guid":{"rendered":"http:\/\/ajupe.com.uy\/web\/?post_type=product&#038;p=6381"},"modified":"2013-11-20T16:33:12","modified_gmt":"2013-11-20T19:33:12","slug":"en-llamas-2do-los-juegos-del-hambre","status":"publish","type":"product","link":"https:\/\/ajupe.com.uy\/web\/biblioteca\/en-llamas-2do-los-juegos-del-hambre\/","title":{"rendered":"En llamas (2do. Los juegos del hambre)"},"content":{"rendered":"<p>Contra todo pr\u00f3nostico, Katniss ha ganado Los Juegos del Hambre. Es un  milagro que ella y su compa\u00f1ero del Distrito 12, Peeta Mellark, sigan  vivos. Katniss deber\u00eda sentirse aliviada, incluso contenta, ya que, al  fin y al cabo, ha regresado con su familia y su amigo de toda la vida,  Gale. Sin embargo, nada es como a ella le gustar\u00eda. Gale guarda las  distancias y Peeta le ha dado la espalda por completo. Adem\u00e1s se rumorea  que existe una rebeli\u00f3n contra el Capitolio\u2026<\/p>\n","protected":false},"excerpt":{"rendered":"<p>Contra todo pr\u00f3nostico, Katniss ha ganado Los Juegos del Hambre. Es un milagro que ella y su compa\u00f1ero del Distrito 12, Peeta Mellark, sigan vivos.<\/p>\n","protected":false},"featured_media":6382,"template":"","meta":[],"product_brand":[1241],"product_cat":[37,29],"product_tag":[],"class_list":{"0":"post-6381","1":"product","2":"type-product","3":"status-publish","4":"has-post-thumbnail","6":"product_brand-suzanne-collins","7":"product_cat-ficcion","8":"product_cat-novela","10":"first","11":"instock","12":"purchasable","13":"product-type-simple"},"featured_image_urls_v2":{"full":["https:\/\/ajupe.com.uy\/web\/wp-content\/uploads\/2016\/04\/p-6381-En_llamas__2do.__528ce448bacbb.jpg",206,314,false],"thumbnail":["https:\/\/ajupe.com.uy\/web\/wp-content\/uploads\/2016\/04\/p-6381-En_llamas__2do.__528ce448bacbb.jpg",150,150,true],"medium":["https:\/\/ajupe.com.uy\/web\/wp-content\/uploads\/2016\/04\/p-6381-En_llamas__2do.__528ce448bacbb.jpg",300,214,true],"medium_large":["https:\/\/ajupe.com.uy\/web\/wp-content\/uploads\/2016\/04\/p-6381-En_llamas__2do.__528ce448bacbb.jpg",206,314,false],"large":["https:\/\/ajupe.com.uy\/web\/wp-content\/uploads\/2016\/04\/p-6381-En_llamas__2do.__528ce448bacbb.jpg",206,314,false],"1536x1536":["https:\/\/ajupe.com.uy\/web\/wp-content\/uploads\/2016\/04\/p-6381-En_llamas__2do.__528ce448bacbb.jpg",206,314,false],"2048x2048":["https:\/\/ajupe.com.uy\/web\/wp-content\/uploads\/2016\/04\/p-6381-En_llamas__2do.__528ce448bacbb.jpg",206,314,false],"woocommerce_archive_thumbnail":["https:\/\/ajupe.com.uy\/web\/wp-content\/uploads\/2016\/04\/p-6381-En_llamas__2do.__528ce448bacbb-206x300.jpg",206,300,true],"woocommerce_thumbnail":["https:\/\/ajupe.com.uy\/web\/wp-content\/uploads\/2016\/04\/p-6381-En_llamas__2do.__528ce448bacbb-206x300.jpg",206,300,true],"woocommerce_single":["https:\/\/ajupe.com.uy\/web\/wp-content\/uploads\/2016\/04\/p-6381-En_llamas__2do.__528ce448bacbb.jpg",206,314,false],"woocommerce_gallery_thumbnail":["https:\/\/ajupe.com.uy\/web\/wp-content\/uploads\/2016\/04\/p-6381-En_llamas__2do.__528ce448bacbb-100x100.jpg",100,100,true]},"post_excerpt_stackable_v2":"<p>Contra todo pr\u00f3nostico, Katniss ha ganado Los Juegos del Hambre. Es un milagro que ella y su compa\u00f1ero del Distrito 12, Peeta Mellark, sigan vivos.<\/p>\n","category_list_v2":"","author_info_v2":{"name":"","url":""},"comments_num_v2":"0 comentarios","_links":{"self":[{"href":"https:\/\/ajupe.com.uy\/web\/wp-json\/wp\/v2\/product\/6381","targetHints":{"allow":["GET"]}}],"collection":[{"href":"https:\/\/ajupe.com.uy\/web\/wp-json\/wp\/v2\/product"}],"about":[{"href":"https:\/\/ajupe.com.uy\/web\/wp-json\/wp\/v2\/types\/product"}],"wp:featuredmedia":[{"embeddable":true,"href":"https:\/\/ajupe.com.uy\/web\/wp-json\/wp\/v2\/media\/6382"}],"wp:attachment":[{"href":"https:\/\/ajupe.com.uy\/web\/wp-json\/wp\/v2\/media?parent=6381"}],"wp:term":[{"taxonomy":"product_brand","embeddable":true,"href":"https:\/\/ajupe.com.uy\/web\/wp-json\/wp\/v2\/product_brand?post=6381"},{"taxonomy":"product_cat","embeddable":true,"href":"https:\/\/ajupe.com.uy\/web\/wp-json\/wp\/v2\/product_cat?post=6381"},{"taxonomy":"product_tag","embeddable":true,"href":"https:\/\/ajupe.com.uy\/web\/wp-json\/wp\/v2\/product_tag?post=6381"}],"curies":[{"name":"wp","href":"https:\/\/api.w.org\/{rel}","templated":true}]}}