{"id":6384,"date":"2013-11-20T16:49:46","date_gmt":"2013-11-20T19:49:46","guid":{"rendered":"http:\/\/ajupe.com.uy\/web\/?post_type=product&#038;p=6384"},"modified":"2013-11-20T16:49:46","modified_gmt":"2013-11-20T19:49:46","slug":"sinsajo-3-los-juegos-del-hambre","status":"publish","type":"product","link":"https:\/\/ajupe.com.uy\/web\/biblioteca\/sinsajo-3-los-juegos-del-hambre\/","title":{"rendered":"Sinsajo (3 Los juegos del hambre)"},"content":{"rendered":"<p>Katniss Everdeen, ha sobrevivido de nuevo a LOS JUEGOS, aunque  no queda  nada de su hogar. Gale ha escapado. Su familia est\u00e1 a salvo. El   Capitolio ha capturado a Peeta. El Distrito 13 existe de verdad. Hay   rebeldes. Hay nuevos l\u00edderes. Est\u00e1n en plena revoluci\u00f3n. El plan de   rescate para sacar a Katniss de la arena del cruel e inquietante   Vasallaje de los Veinticinco no fue casual, como tampoco lo fue que  llevara tiempo formando parte de la revoluci\u00f3n sin saberlo.<\/p>\n<p> El  Distrito 13 ha surgido de entre las sombras y quiere acabar con el   Capitolio. Al parecer, todos han tenido algo que ver en el meticuloso   plan&#8230;, todos menos Katniss.<\/p>\n","protected":false},"excerpt":{"rendered":"<p>El Distrito 13 ha surgido de entre las sombras y quiere acabar con el Capitolio. Al parecer, todos han tenido algo que ver en el meticuloso plan&#8230;, todos menos Katniss.<\/p>\n","protected":false},"featured_media":6385,"template":"","meta":[],"product_brand":[1241],"product_cat":[37,29],"product_tag":[],"class_list":{"0":"post-6384","1":"product","2":"type-product","3":"status-publish","4":"has-post-thumbnail","6":"product_brand-suzanne-collins","7":"product_cat-ficcion","8":"product_cat-novela","10":"first","11":"instock","12":"purchasable","13":"product-type-simple"},"featured_image_urls_v2":{"full":["https:\/\/ajupe.com.uy\/web\/wp-content\/uploads\/2016\/04\/p-6384-Sinsajo__3_Los_j_528ce82a101b7.jpg",206,314,false],"thumbnail":["https:\/\/ajupe.com.uy\/web\/wp-content\/uploads\/2016\/04\/p-6384-Sinsajo__3_Los_j_528ce82a101b7.jpg",150,150,true],"medium":["https:\/\/ajupe.com.uy\/web\/wp-content\/uploads\/2016\/04\/p-6384-Sinsajo__3_Los_j_528ce82a101b7.jpg",300,214,true],"medium_large":["https:\/\/ajupe.com.uy\/web\/wp-content\/uploads\/2016\/04\/p-6384-Sinsajo__3_Los_j_528ce82a101b7.jpg",206,314,false],"large":["https:\/\/ajupe.com.uy\/web\/wp-content\/uploads\/2016\/04\/p-6384-Sinsajo__3_Los_j_528ce82a101b7.jpg",206,314,false],"1536x1536":["https:\/\/ajupe.com.uy\/web\/wp-content\/uploads\/2016\/04\/p-6384-Sinsajo__3_Los_j_528ce82a101b7.jpg",206,314,false],"2048x2048":["https:\/\/ajupe.com.uy\/web\/wp-content\/uploads\/2016\/04\/p-6384-Sinsajo__3_Los_j_528ce82a101b7.jpg",206,314,false],"woocommerce_archive_thumbnail":["https:\/\/ajupe.com.uy\/web\/wp-content\/uploads\/2016\/04\/p-6384-Sinsajo__3_Los_j_528ce82a101b7-206x300.jpg",206,300,true],"woocommerce_thumbnail":["https:\/\/ajupe.com.uy\/web\/wp-content\/uploads\/2016\/04\/p-6384-Sinsajo__3_Los_j_528ce82a101b7-206x300.jpg",206,300,true],"woocommerce_single":["https:\/\/ajupe.com.uy\/web\/wp-content\/uploads\/2016\/04\/p-6384-Sinsajo__3_Los_j_528ce82a101b7.jpg",206,314,false],"woocommerce_gallery_thumbnail":["https:\/\/ajupe.com.uy\/web\/wp-content\/uploads\/2016\/04\/p-6384-Sinsajo__3_Los_j_528ce82a101b7-100x100.jpg",100,100,true]},"post_excerpt_stackable_v2":"<p>El Distrito 13 ha surgido de entre las sombras y quiere acabar con el Capitolio. Al parecer, todos han tenido algo que ver en el meticuloso plan&#8230;, todos menos Katniss.<\/p>\n","category_list_v2":"","author_info_v2":{"name":"","url":""},"comments_num_v2":"0 comentarios","_links":{"self":[{"href":"https:\/\/ajupe.com.uy\/web\/wp-json\/wp\/v2\/product\/6384","targetHints":{"allow":["GET"]}}],"collection":[{"href":"https:\/\/ajupe.com.uy\/web\/wp-json\/wp\/v2\/product"}],"about":[{"href":"https:\/\/ajupe.com.uy\/web\/wp-json\/wp\/v2\/types\/product"}],"wp:featuredmedia":[{"embeddable":true,"href":"https:\/\/ajupe.com.uy\/web\/wp-json\/wp\/v2\/media\/6385"}],"wp:attachment":[{"href":"https:\/\/ajupe.com.uy\/web\/wp-json\/wp\/v2\/media?parent=6384"}],"wp:term":[{"taxonomy":"product_brand","embeddable":true,"href":"https:\/\/ajupe.com.uy\/web\/wp-json\/wp\/v2\/product_brand?post=6384"},{"taxonomy":"product_cat","embeddable":true,"href":"https:\/\/ajupe.com.uy\/web\/wp-json\/wp\/v2\/product_cat?post=6384"},{"taxonomy":"product_tag","embeddable":true,"href":"https:\/\/ajupe.com.uy\/web\/wp-json\/wp\/v2\/product_tag?post=6384"}],"curies":[{"name":"wp","href":"https:\/\/api.w.org\/{rel}","templated":true}]}}