{"id":6396,"date":"2013-11-20T20:36:38","date_gmt":"2013-11-20T23:36:38","guid":{"rendered":"http:\/\/ajupe.com.uy\/web\/?post_type=product&#038;p=6396"},"modified":"2013-11-20T20:36:38","modified_gmt":"2013-11-20T23:36:38","slug":"malena-es-un-nombre-de-tango","status":"publish","type":"product","link":"https:\/\/ajupe.com.uy\/web\/biblioteca\/malena-es-un-nombre-de-tango\/","title":{"rendered":"Malena es un nombre de tango"},"content":{"rendered":"<p>Malena tiene diez a\u00f1os cuando recibe  de manos de su abuelo el ultimo tesoro que conserva de la familia; una esmeralda,  con la \u00fanica condici\u00f3n de no hablarle de ella a nadie. Si cumple  la promesa, la joya, podr\u00e1, alg\u00fan d\u00eda, salvarle la vida. Hasta este instante Malena rezaba para convertirse en un ni\u00f1o,  al presentirse que jam\u00e1s conseguir\u00eda parecerse a su hermana melliza,  Reina, una ni\u00f1a modelo que parece destinada a ser la mujer perfecta. A  trav\u00e9s de su abuelo y su t\u00eda Magda, Malena comienza a sospechar  que no es la primera Fern\u00e1ndez de Alc\u00e1ntara incapaz de encontrar  su lugar en el mundo que la rodea. Siente sobre ella la sombra de una antigua  maldici\u00f3n que afecta algunos miembros de la familia. Con el paso de  los a\u00f1os ira separ\u00e1ndose de la influencia de su hermana y aprender\u00e1  a mirarse, como en un espejo, en el secreto pasado de sus antepasados. En  sus relaciones con los hombres y su familia, y con su hermana Reina siempre presente,  Malena descubrir\u00e1 que no hay otra maldici\u00f3n que la vida, ni otra  culpa que atreverse a vivirla.<\/p>\n","protected":false},"excerpt":{"rendered":"<p>Malena tiene diez a\u00f1os cuando recibe de manos de su abuelo el ultimo tesoro que conserva de la familia; una esmeralda, con la \u00fanica condici\u00f3n de no hablarle de ella a nadie. Si cumple la promesa, la joya, podr\u00e1, alg\u00fan d\u00eda, salvarle la vida.<\/p>\n","protected":false},"featured_media":6397,"template":"","meta":[],"product_brand":[548],"product_cat":[29],"product_tag":[],"class_list":{"0":"post-6396","1":"product","2":"type-product","3":"status-publish","4":"has-post-thumbnail","6":"product_brand-almudena-grandes","7":"product_cat-novela","9":"first","10":"instock","11":"purchasable","12":"product-type-simple"},"featured_image_urls_v2":{"full":["https:\/\/ajupe.com.uy\/web\/wp-content\/uploads\/2016\/04\/p-6396-Malena_es_un_nom_528d1d56540a0.jpg",182,269,false],"thumbnail":["https:\/\/ajupe.com.uy\/web\/wp-content\/uploads\/2016\/04\/p-6396-Malena_es_un_nom_528d1d56540a0.jpg",150,150,true],"medium":["https:\/\/ajupe.com.uy\/web\/wp-content\/uploads\/2016\/04\/p-6396-Malena_es_un_nom_528d1d56540a0.jpg",300,214,true],"medium_large":["https:\/\/ajupe.com.uy\/web\/wp-content\/uploads\/2016\/04\/p-6396-Malena_es_un_nom_528d1d56540a0.jpg",182,269,false],"large":["https:\/\/ajupe.com.uy\/web\/wp-content\/uploads\/2016\/04\/p-6396-Malena_es_un_nom_528d1d56540a0.jpg",182,269,false],"1536x1536":["https:\/\/ajupe.com.uy\/web\/wp-content\/uploads\/2016\/04\/p-6396-Malena_es_un_nom_528d1d56540a0.jpg",182,269,false],"2048x2048":["https:\/\/ajupe.com.uy\/web\/wp-content\/uploads\/2016\/04\/p-6396-Malena_es_un_nom_528d1d56540a0.jpg",182,269,false],"woocommerce_archive_thumbnail":["https:\/\/ajupe.com.uy\/web\/wp-content\/uploads\/2016\/04\/p-6396-Malena_es_un_nom_528d1d56540a0.jpg",182,269,false],"woocommerce_thumbnail":["https:\/\/ajupe.com.uy\/web\/wp-content\/uploads\/2016\/04\/p-6396-Malena_es_un_nom_528d1d56540a0.jpg",182,269,false],"woocommerce_single":["https:\/\/ajupe.com.uy\/web\/wp-content\/uploads\/2016\/04\/p-6396-Malena_es_un_nom_528d1d56540a0.jpg",182,269,false],"woocommerce_gallery_thumbnail":["https:\/\/ajupe.com.uy\/web\/wp-content\/uploads\/2016\/04\/p-6396-Malena_es_un_nom_528d1d56540a0-100x100.jpg",100,100,true]},"post_excerpt_stackable_v2":"<p>Malena tiene diez a\u00f1os cuando recibe de manos de su abuelo el ultimo tesoro que conserva de la familia; una esmeralda, con la \u00fanica condici\u00f3n de no hablarle de ella a nadie. Si cumple la promesa, la joya, podr\u00e1, alg\u00fan d\u00eda, salvarle la vida.<\/p>\n","category_list_v2":"","author_info_v2":{"name":"","url":""},"comments_num_v2":"0 comentarios","_links":{"self":[{"href":"https:\/\/ajupe.com.uy\/web\/wp-json\/wp\/v2\/product\/6396","targetHints":{"allow":["GET"]}}],"collection":[{"href":"https:\/\/ajupe.com.uy\/web\/wp-json\/wp\/v2\/product"}],"about":[{"href":"https:\/\/ajupe.com.uy\/web\/wp-json\/wp\/v2\/types\/product"}],"wp:featuredmedia":[{"embeddable":true,"href":"https:\/\/ajupe.com.uy\/web\/wp-json\/wp\/v2\/media\/6397"}],"wp:attachment":[{"href":"https:\/\/ajupe.com.uy\/web\/wp-json\/wp\/v2\/media?parent=6396"}],"wp:term":[{"taxonomy":"product_brand","embeddable":true,"href":"https:\/\/ajupe.com.uy\/web\/wp-json\/wp\/v2\/product_brand?post=6396"},{"taxonomy":"product_cat","embeddable":true,"href":"https:\/\/ajupe.com.uy\/web\/wp-json\/wp\/v2\/product_cat?post=6396"},{"taxonomy":"product_tag","embeddable":true,"href":"https:\/\/ajupe.com.uy\/web\/wp-json\/wp\/v2\/product_tag?post=6396"}],"curies":[{"name":"wp","href":"https:\/\/api.w.org\/{rel}","templated":true}]}}