{"id":6405,"date":"2013-11-21T17:52:55","date_gmt":"2013-11-21T20:52:55","guid":{"rendered":"http:\/\/ajupe.com.uy\/web\/?post_type=product&#038;p=6405"},"modified":"2013-11-21T17:52:55","modified_gmt":"2013-11-21T20:52:55","slug":"la-ridicula-idea-de-no-volver-a-verte","status":"publish","type":"product","link":"https:\/\/ajupe.com.uy\/web\/biblioteca\/la-ridicula-idea-de-no-volver-a-verte\/","title":{"rendered":"La rid\u00edcula idea de no volver a verte"},"content":{"rendered":"<p>Cuando <strong>Rosa Montero<\/strong> ley\u00f3 el maravilloso diario que  Marie Curie comenz\u00f3 tras la muerte de su esposo, y que se incluye al  final de este libro, sinti\u00f3 que la historia de esa mujer fascinante que  se enfrent\u00f3 a su \u00e9poca le llenaba la cabeza de ideas y emociones. <em>La rid\u00edcula idea de no volver a verte<\/em> naci\u00f3 de ese incendio de palabras, de ese vertiginoso torbellino. Al hilo de la extraordinaria trayectoria de Curie, <strong>Rosa Montero<\/strong> construye una narraci\u00f3n a medio camino entre el recuerdo personal y la  memoria de todos, entre el an\u00e1lisis de nuestra \u00e9poca y la evocaci\u00f3n  \u00edntima. Son p\u00e1ginas que hablan de la superaci\u00f3n del dolor, de las  relaciones entre hombres y mujeres, del esplendor del sexo, de la buena  muerte y de la bella vida, de la ciencia y de la ignorancia, de la  fuerza salvadora de la literatura y de la sabidur\u00eda de quienes aprenden a  disfrutar de la existencia con plenitud y con ligereza. Vivo y original, este libro inclasificable incluye fotos, remembranzas,  amistades y an\u00e9cdotas que transmiten el primitivo placer de escuchar  buenas historias. Un texto aut\u00e9ntico, emocionante y c\u00f3mplice que te  atrapar\u00e1 desde sus primeras p\u00e1ginas. Sentir\u00e1s que ha sido escrito s\u00f3lo  para ti.<\/p>\n","protected":false},"excerpt":{"rendered":"<p>Cuando Rosa Montero ley\u00f3 el maravilloso diario que Marie Curie comenz\u00f3 tras la muerte de su esposo, y que se incluye al final de este libro, sinti\u00f3 que la historia de esa mujer fascinante que se enfrent\u00f3 a su \u00e9poca le llenaba la cabeza de ideas y emocione<\/p>\n","protected":false},"featured_media":6406,"template":"","meta":[],"product_brand":[70],"product_cat":[29],"product_tag":[],"class_list":{"0":"post-6405","1":"product","2":"type-product","3":"status-publish","4":"has-post-thumbnail","6":"product_brand-rosa-montero","7":"product_cat-novela","9":"first","10":"instock","11":"purchasable","12":"product-type-simple"},"featured_image_urls_v2":{"full":["https:\/\/ajupe.com.uy\/web\/wp-content\/uploads\/2016\/04\/p-6405-La_rid__cula_ide_528e487748d4b.jpg",198,329,false],"thumbnail":["https:\/\/ajupe.com.uy\/web\/wp-content\/uploads\/2016\/04\/p-6405-La_rid__cula_ide_528e487748d4b.jpg",150,150,true],"medium":["https:\/\/ajupe.com.uy\/web\/wp-content\/uploads\/2016\/04\/p-6405-La_rid__cula_ide_528e487748d4b.jpg",300,214,true],"medium_large":["https:\/\/ajupe.com.uy\/web\/wp-content\/uploads\/2016\/04\/p-6405-La_rid__cula_ide_528e487748d4b.jpg",198,329,false],"large":["https:\/\/ajupe.com.uy\/web\/wp-content\/uploads\/2016\/04\/p-6405-La_rid__cula_ide_528e487748d4b.jpg",198,329,false],"1536x1536":["https:\/\/ajupe.com.uy\/web\/wp-content\/uploads\/2016\/04\/p-6405-La_rid__cula_ide_528e487748d4b.jpg",198,329,false],"2048x2048":["https:\/\/ajupe.com.uy\/web\/wp-content\/uploads\/2016\/04\/p-6405-La_rid__cula_ide_528e487748d4b.jpg",198,329,false],"woocommerce_archive_thumbnail":["https:\/\/ajupe.com.uy\/web\/wp-content\/uploads\/2016\/04\/p-6405-La_rid__cula_ide_528e487748d4b-198x300.jpg",198,300,true],"woocommerce_thumbnail":["https:\/\/ajupe.com.uy\/web\/wp-content\/uploads\/2016\/04\/p-6405-La_rid__cula_ide_528e487748d4b-198x300.jpg",198,300,true],"woocommerce_single":["https:\/\/ajupe.com.uy\/web\/wp-content\/uploads\/2016\/04\/p-6405-La_rid__cula_ide_528e487748d4b.jpg",198,329,false],"woocommerce_gallery_thumbnail":["https:\/\/ajupe.com.uy\/web\/wp-content\/uploads\/2016\/04\/p-6405-La_rid__cula_ide_528e487748d4b-100x100.jpg",100,100,true]},"post_excerpt_stackable_v2":"<p>Cuando Rosa Montero ley\u00f3 el maravilloso diario que Marie Curie comenz\u00f3 tras la muerte de su esposo, y que se incluye al final de este libro, sinti\u00f3 que la historia de esa mujer fascinante que se enfrent\u00f3 a su \u00e9poca le llenaba la cabeza de ideas y emocione<\/p>\n","category_list_v2":"","author_info_v2":{"name":"","url":""},"comments_num_v2":"0 comentarios","_links":{"self":[{"href":"https:\/\/ajupe.com.uy\/web\/wp-json\/wp\/v2\/product\/6405","targetHints":{"allow":["GET"]}}],"collection":[{"href":"https:\/\/ajupe.com.uy\/web\/wp-json\/wp\/v2\/product"}],"about":[{"href":"https:\/\/ajupe.com.uy\/web\/wp-json\/wp\/v2\/types\/product"}],"wp:featuredmedia":[{"embeddable":true,"href":"https:\/\/ajupe.com.uy\/web\/wp-json\/wp\/v2\/media\/6406"}],"wp:attachment":[{"href":"https:\/\/ajupe.com.uy\/web\/wp-json\/wp\/v2\/media?parent=6405"}],"wp:term":[{"taxonomy":"product_brand","embeddable":true,"href":"https:\/\/ajupe.com.uy\/web\/wp-json\/wp\/v2\/product_brand?post=6405"},{"taxonomy":"product_cat","embeddable":true,"href":"https:\/\/ajupe.com.uy\/web\/wp-json\/wp\/v2\/product_cat?post=6405"},{"taxonomy":"product_tag","embeddable":true,"href":"https:\/\/ajupe.com.uy\/web\/wp-json\/wp\/v2\/product_tag?post=6405"}],"curies":[{"name":"wp","href":"https:\/\/api.w.org\/{rel}","templated":true}]}}