{"id":6414,"date":"2013-11-21T18:34:20","date_gmt":"2013-11-21T21:34:20","guid":{"rendered":"http:\/\/ajupe.com.uy\/web\/?post_type=product&#038;p=6414"},"modified":"2013-11-21T18:34:20","modified_gmt":"2013-11-21T21:34:20","slug":"un-lugar-donde-refugiarse","status":"publish","type":"product","link":"https:\/\/ajupe.com.uy\/web\/biblioteca\/un-lugar-donde-refugiarse\/","title":{"rendered":"Un lugar donde refugiarse"},"content":{"rendered":"<p>Un cl\u00e1sico de Sparks a la altura de <em>El cuaderno de Noah<\/em> o de <em>Mensaje en una botella<\/em>. Cuando Katie aparece en la peque\u00f1a localidad de Southport, en Carolina  del Norte, su precipitada llegada provoca muchas preguntas sobre su  pasado. Katie es hermosa pero no le gusta lucirse y tiene una  determinaci\u00f3n obstinada por evitar cualquier relaci\u00f3n demasiado personal  hasta que una serie de desafortunados sucesos la obligan a establecer  ciertos lazos: uno con Alex, un viudo propietario del colmado del pueblo  y que tiene dos hijos peque\u00f1os y un gran coraz\u00f3n; el otro, con Jo, su  soltera y muy franca vecina. Poco a poco, Katie ir\u00e1 dejando caer sus  barreras, echando ra\u00edces en la comunidad y acerc\u00e1ndose cada vez m\u00e1s a  Alex y su familia.   Pero Katie no puede dejar enterrado el oscuro  secreto que oculta su pasado y que todav\u00eda la persigue y la aterroriza.  Un pasado que la oblig\u00f3 a emprender un viaje a trav\u00e9s del pa\u00eds. Katie  acabar\u00e1 por darse cuenta de que debe escoger entre una vida segura pero  carente de emociones y otra que aun siendo m\u00e1s arriesgada puede darle  mucha felicidad.<\/p>\n","protected":false},"excerpt":{"rendered":"<p>Un cl\u00e1sico de Sparks a la altura de El cuaderno de Noah o de Mensaje en una botella.<\/p>\n","protected":false},"featured_media":6415,"template":"","meta":[],"product_brand":[441],"product_cat":[38,29],"product_tag":[],"class_list":{"0":"post-6414","1":"product","2":"type-product","3":"status-publish","4":"has-post-thumbnail","6":"product_brand-nicholas-sparks","7":"product_cat-amor","8":"product_cat-novela","10":"first","11":"instock","12":"purchasable","13":"product-type-simple"},"featured_image_urls_v2":{"full":["https:\/\/ajupe.com.uy\/web\/wp-content\/uploads\/2016\/04\/p-6414-Un_lugar_donde_r_528e522ce22fb.jpg",226,329,false],"thumbnail":["https:\/\/ajupe.com.uy\/web\/wp-content\/uploads\/2016\/04\/p-6414-Un_lugar_donde_r_528e522ce22fb.jpg",150,150,true],"medium":["https:\/\/ajupe.com.uy\/web\/wp-content\/uploads\/2016\/04\/p-6414-Un_lugar_donde_r_528e522ce22fb.jpg",300,214,true],"medium_large":["https:\/\/ajupe.com.uy\/web\/wp-content\/uploads\/2016\/04\/p-6414-Un_lugar_donde_r_528e522ce22fb.jpg",226,329,false],"large":["https:\/\/ajupe.com.uy\/web\/wp-content\/uploads\/2016\/04\/p-6414-Un_lugar_donde_r_528e522ce22fb.jpg",226,329,false],"1536x1536":["https:\/\/ajupe.com.uy\/web\/wp-content\/uploads\/2016\/04\/p-6414-Un_lugar_donde_r_528e522ce22fb.jpg",226,329,false],"2048x2048":["https:\/\/ajupe.com.uy\/web\/wp-content\/uploads\/2016\/04\/p-6414-Un_lugar_donde_r_528e522ce22fb.jpg",226,329,false],"woocommerce_archive_thumbnail":["https:\/\/ajupe.com.uy\/web\/wp-content\/uploads\/2016\/04\/p-6414-Un_lugar_donde_r_528e522ce22fb-226x300.jpg",226,300,true],"woocommerce_thumbnail":["https:\/\/ajupe.com.uy\/web\/wp-content\/uploads\/2016\/04\/p-6414-Un_lugar_donde_r_528e522ce22fb-226x300.jpg",226,300,true],"woocommerce_single":["https:\/\/ajupe.com.uy\/web\/wp-content\/uploads\/2016\/04\/p-6414-Un_lugar_donde_r_528e522ce22fb.jpg",226,329,false],"woocommerce_gallery_thumbnail":["https:\/\/ajupe.com.uy\/web\/wp-content\/uploads\/2016\/04\/p-6414-Un_lugar_donde_r_528e522ce22fb-100x100.jpg",100,100,true]},"post_excerpt_stackable_v2":"<p>Un cl\u00e1sico de Sparks a la altura de El cuaderno de Noah o de Mensaje en una botella.<\/p>\n","category_list_v2":"","author_info_v2":{"name":"","url":""},"comments_num_v2":"0 comentarios","_links":{"self":[{"href":"https:\/\/ajupe.com.uy\/web\/wp-json\/wp\/v2\/product\/6414","targetHints":{"allow":["GET"]}}],"collection":[{"href":"https:\/\/ajupe.com.uy\/web\/wp-json\/wp\/v2\/product"}],"about":[{"href":"https:\/\/ajupe.com.uy\/web\/wp-json\/wp\/v2\/types\/product"}],"wp:featuredmedia":[{"embeddable":true,"href":"https:\/\/ajupe.com.uy\/web\/wp-json\/wp\/v2\/media\/6415"}],"wp:attachment":[{"href":"https:\/\/ajupe.com.uy\/web\/wp-json\/wp\/v2\/media?parent=6414"}],"wp:term":[{"taxonomy":"product_brand","embeddable":true,"href":"https:\/\/ajupe.com.uy\/web\/wp-json\/wp\/v2\/product_brand?post=6414"},{"taxonomy":"product_cat","embeddable":true,"href":"https:\/\/ajupe.com.uy\/web\/wp-json\/wp\/v2\/product_cat?post=6414"},{"taxonomy":"product_tag","embeddable":true,"href":"https:\/\/ajupe.com.uy\/web\/wp-json\/wp\/v2\/product_tag?post=6414"}],"curies":[{"name":"wp","href":"https:\/\/api.w.org\/{rel}","templated":true}]}}