{"id":6420,"date":"2013-11-22T16:15:50","date_gmt":"2013-11-22T19:15:50","guid":{"rendered":"http:\/\/ajupe.com.uy\/web\/?post_type=product&#038;p=6420"},"modified":"2013-11-22T16:17:25","modified_gmt":"2013-11-22T19:17:25","slug":"buscame-donde-nacen-los-dragos","status":"publish","type":"product","link":"https:\/\/ajupe.com.uy\/web\/biblioteca\/buscame-donde-nacen-los-dragos\/","title":{"rendered":"Buscame donde nacen los dragos"},"content":{"rendered":"<p><em>B\u00fascame donde nacen los dragos<\/em>, de <strong>Emma Lira<\/strong>, es una obra de la narrativa espa\u00f1ola que\u00a0cuenta  la historia de Marina, una periodista madrile\u00f1a que acaba de sufrir una  ruptura amorosa y decide abandonar la ciudad e intentar encontrarse a  s\u00ed misma en un id\u00edlico hotel rural en Tenerife. Pero una misteriosa  calavera le pone sobre la pista del mayor secreto sobre una civilizaci\u00f3n  perdida de la que apenas sabemos nada, los guanches. \u00abDicen que aprend\u00ed  a contar historias antes que a leerlas, y que en cuanto supe plasmarlas  en palabras, decid\u00ed que quer\u00eda escribir. Cada viaje me llenaba de  paisajes, personas, historias y vivencias. Algunas las reciclaba en mi  trabajo, pero otras se iban almacenando en espera de un momento que  nunca parec\u00eda llegar. Quiz\u00e1 por eso lo encontr\u00e9 donde menos cre\u00eda, tras  el estallido de la crisis: menos trabajo, menos dinero, menos viajes&#8230;  es decir: una ocasi\u00f3n perfecta para dedicarme a escribir la novela que  so\u00f1aba.\u00bb<\/p>\n<p>\u00abQuer\u00eda que la historia de Marina pudiera llegar a ser un poco la  historia de cualquiera de nosotros. Todo el mundo sue\u00f1a en alg\u00fan momento  con un lugar al que escapar. Todo el mundo sue\u00f1a en alguna ocasi\u00f3n con  comenzar de cero. Las aventuras, grandes o peque\u00f1as, est\u00e1n al alcance de  todos; s\u00f3lo hay que aprender a\u00a0reconocerlas y tener el valor de  seguirlas cuando pasan a nuestro lado.\u00a0Yo tambi\u00e9n estuve en el lugar que  llamo Tamadaya. Tambi\u00e9n tuve una calavera guanche entre mis manos, y  tambi\u00e9n me hice preguntas&#8230;\u00a0Y esta historia se escribi\u00f3 para darles  respuesta.\u00bb <strong>Emma Lira<\/strong>.<\/p>\n","protected":false},"excerpt":{"rendered":"<p>B\u00fascame donde nacen los dragos, de Emma Lira, es una obra de la narrativa espa\u00f1ola que cuenta la historia de Marina, una periodista madrile\u00f1a que acaba de sufrir una ruptura amorosa y decide abandonar la ciudad e intentar encontrarse a s\u00ed misma en un id\u00edl<\/p>\n","protected":false},"featured_media":6421,"template":"","meta":[],"product_brand":[1244],"product_cat":[29],"product_tag":[],"class_list":{"0":"post-6420","1":"product","2":"type-product","3":"status-publish","4":"has-post-thumbnail","6":"product_brand-emma-lira","7":"product_cat-novela","9":"first","10":"instock","11":"purchasable","12":"product-type-simple"},"featured_image_urls_v2":{"full":["https:\/\/ajupe.com.uy\/web\/wp-content\/uploads\/2016\/04\/p-6420-Buscame_donde_na_528f833698141.jpg",226,327,false],"thumbnail":["https:\/\/ajupe.com.uy\/web\/wp-content\/uploads\/2016\/04\/p-6420-Buscame_donde_na_528f833698141.jpg",150,150,true],"medium":["https:\/\/ajupe.com.uy\/web\/wp-content\/uploads\/2016\/04\/p-6420-Buscame_donde_na_528f833698141.jpg",300,214,true],"medium_large":["https:\/\/ajupe.com.uy\/web\/wp-content\/uploads\/2016\/04\/p-6420-Buscame_donde_na_528f833698141.jpg",226,327,false],"large":["https:\/\/ajupe.com.uy\/web\/wp-content\/uploads\/2016\/04\/p-6420-Buscame_donde_na_528f833698141.jpg",226,327,false],"1536x1536":["https:\/\/ajupe.com.uy\/web\/wp-content\/uploads\/2016\/04\/p-6420-Buscame_donde_na_528f833698141.jpg",226,327,false],"2048x2048":["https:\/\/ajupe.com.uy\/web\/wp-content\/uploads\/2016\/04\/p-6420-Buscame_donde_na_528f833698141.jpg",226,327,false],"woocommerce_archive_thumbnail":["https:\/\/ajupe.com.uy\/web\/wp-content\/uploads\/2016\/04\/p-6420-Buscame_donde_na_528f833698141-226x300.jpg",226,300,true],"woocommerce_thumbnail":["https:\/\/ajupe.com.uy\/web\/wp-content\/uploads\/2016\/04\/p-6420-Buscame_donde_na_528f833698141-226x300.jpg",226,300,true],"woocommerce_single":["https:\/\/ajupe.com.uy\/web\/wp-content\/uploads\/2016\/04\/p-6420-Buscame_donde_na_528f833698141.jpg",226,327,false],"woocommerce_gallery_thumbnail":["https:\/\/ajupe.com.uy\/web\/wp-content\/uploads\/2016\/04\/p-6420-Buscame_donde_na_528f833698141-100x100.jpg",100,100,true]},"post_excerpt_stackable_v2":"<p>B\u00fascame donde nacen los dragos, de Emma Lira, es una obra de la narrativa espa\u00f1ola que cuenta la historia de Marina, una periodista madrile\u00f1a que acaba de sufrir una ruptura amorosa y decide abandonar la ciudad e intentar encontrarse a s\u00ed misma en un id\u00edl<\/p>\n","category_list_v2":"","author_info_v2":{"name":"","url":""},"comments_num_v2":"0 comentarios","_links":{"self":[{"href":"https:\/\/ajupe.com.uy\/web\/wp-json\/wp\/v2\/product\/6420","targetHints":{"allow":["GET"]}}],"collection":[{"href":"https:\/\/ajupe.com.uy\/web\/wp-json\/wp\/v2\/product"}],"about":[{"href":"https:\/\/ajupe.com.uy\/web\/wp-json\/wp\/v2\/types\/product"}],"wp:featuredmedia":[{"embeddable":true,"href":"https:\/\/ajupe.com.uy\/web\/wp-json\/wp\/v2\/media\/6421"}],"wp:attachment":[{"href":"https:\/\/ajupe.com.uy\/web\/wp-json\/wp\/v2\/media?parent=6420"}],"wp:term":[{"taxonomy":"product_brand","embeddable":true,"href":"https:\/\/ajupe.com.uy\/web\/wp-json\/wp\/v2\/product_brand?post=6420"},{"taxonomy":"product_cat","embeddable":true,"href":"https:\/\/ajupe.com.uy\/web\/wp-json\/wp\/v2\/product_cat?post=6420"},{"taxonomy":"product_tag","embeddable":true,"href":"https:\/\/ajupe.com.uy\/web\/wp-json\/wp\/v2\/product_tag?post=6420"}],"curies":[{"name":"wp","href":"https:\/\/api.w.org\/{rel}","templated":true}]}}