{"id":6423,"date":"2013-11-22T16:25:11","date_gmt":"2013-11-22T19:25:11","guid":{"rendered":"http:\/\/ajupe.com.uy\/web\/?post_type=product&#038;p=6423"},"modified":"2013-11-22T16:25:11","modified_gmt":"2013-11-22T19:25:11","slug":"dispara-yo-ya-estoy-muerto","status":"publish","type":"product","link":"https:\/\/ajupe.com.uy\/web\/biblioteca\/dispara-yo-ya-estoy-muerto\/","title":{"rendered":"Dispara, yo ya estoy muerto"},"content":{"rendered":"<p>Una extraordinaria novela de personajes inolvidables cuyas vidas se  entrelazan con momentos clave de la Historia, desde finales del siglo  XIX hasta 1948, y que recrea la vida en ciudades tan emblem\u00e1ticas como  San Petersburgo, Par\u00eds o Jerusal\u00e9n.<\/p>\n<p><strong>Dispara, yo ya estoy muerto<\/strong> es una historia llena de historias, una gran novela que esconde dentro  muchas novelas, y que, desde su enigm\u00e1tico t\u00edtulo hasta su inesperado  final, alberga m\u00e1s de una sorpresa, mucha aventura y emociones a flor de  piel.<\/p>\n","protected":false},"excerpt":{"rendered":"<p>Una extraordinaria novela de personajes inolvidables cuyas vidas se entrelazan con momentos clave de la Historia, desde finales del siglo XIX hasta 1948, y que recrea la vida en ciudades tan emblem\u00e1ticas como San Petersburgo, Par\u00eds o Jerusal\u00e9n.<\/p>\n","protected":false},"featured_media":6424,"template":"","meta":[],"product_brand":[405],"product_cat":[29],"product_tag":[],"class_list":{"0":"post-6423","1":"product","2":"type-product","3":"status-publish","4":"has-post-thumbnail","6":"product_brand-julia-navarro","7":"product_cat-novela","9":"first","10":"instock","11":"purchasable","12":"product-type-simple"},"featured_image_urls_v2":{"full":["https:\/\/ajupe.com.uy\/web\/wp-content\/uploads\/2016\/04\/p-6423-Dispara__yo_ya_e_528f8567d4a52.jpg",217,332,false],"thumbnail":["https:\/\/ajupe.com.uy\/web\/wp-content\/uploads\/2016\/04\/p-6423-Dispara__yo_ya_e_528f8567d4a52.jpg",150,150,true],"medium":["https:\/\/ajupe.com.uy\/web\/wp-content\/uploads\/2016\/04\/p-6423-Dispara__yo_ya_e_528f8567d4a52.jpg",300,214,true],"medium_large":["https:\/\/ajupe.com.uy\/web\/wp-content\/uploads\/2016\/04\/p-6423-Dispara__yo_ya_e_528f8567d4a52.jpg",217,332,false],"large":["https:\/\/ajupe.com.uy\/web\/wp-content\/uploads\/2016\/04\/p-6423-Dispara__yo_ya_e_528f8567d4a52.jpg",217,332,false],"1536x1536":["https:\/\/ajupe.com.uy\/web\/wp-content\/uploads\/2016\/04\/p-6423-Dispara__yo_ya_e_528f8567d4a52.jpg",217,332,false],"2048x2048":["https:\/\/ajupe.com.uy\/web\/wp-content\/uploads\/2016\/04\/p-6423-Dispara__yo_ya_e_528f8567d4a52.jpg",217,332,false],"woocommerce_archive_thumbnail":["https:\/\/ajupe.com.uy\/web\/wp-content\/uploads\/2016\/04\/p-6423-Dispara__yo_ya_e_528f8567d4a52-217x300.jpg",217,300,true],"woocommerce_thumbnail":["https:\/\/ajupe.com.uy\/web\/wp-content\/uploads\/2016\/04\/p-6423-Dispara__yo_ya_e_528f8567d4a52-217x300.jpg",217,300,true],"woocommerce_single":["https:\/\/ajupe.com.uy\/web\/wp-content\/uploads\/2016\/04\/p-6423-Dispara__yo_ya_e_528f8567d4a52.jpg",217,332,false],"woocommerce_gallery_thumbnail":["https:\/\/ajupe.com.uy\/web\/wp-content\/uploads\/2016\/04\/p-6423-Dispara__yo_ya_e_528f8567d4a52-100x100.jpg",100,100,true]},"post_excerpt_stackable_v2":"<p>Una extraordinaria novela de personajes inolvidables cuyas vidas se entrelazan con momentos clave de la Historia, desde finales del siglo XIX hasta 1948, y que recrea la vida en ciudades tan emblem\u00e1ticas como San Petersburgo, Par\u00eds o Jerusal\u00e9n.<\/p>\n","category_list_v2":"","author_info_v2":{"name":"","url":""},"comments_num_v2":"0 comentarios","_links":{"self":[{"href":"https:\/\/ajupe.com.uy\/web\/wp-json\/wp\/v2\/product\/6423","targetHints":{"allow":["GET"]}}],"collection":[{"href":"https:\/\/ajupe.com.uy\/web\/wp-json\/wp\/v2\/product"}],"about":[{"href":"https:\/\/ajupe.com.uy\/web\/wp-json\/wp\/v2\/types\/product"}],"wp:featuredmedia":[{"embeddable":true,"href":"https:\/\/ajupe.com.uy\/web\/wp-json\/wp\/v2\/media\/6424"}],"wp:attachment":[{"href":"https:\/\/ajupe.com.uy\/web\/wp-json\/wp\/v2\/media?parent=6423"}],"wp:term":[{"taxonomy":"product_brand","embeddable":true,"href":"https:\/\/ajupe.com.uy\/web\/wp-json\/wp\/v2\/product_brand?post=6423"},{"taxonomy":"product_cat","embeddable":true,"href":"https:\/\/ajupe.com.uy\/web\/wp-json\/wp\/v2\/product_cat?post=6423"},{"taxonomy":"product_tag","embeddable":true,"href":"https:\/\/ajupe.com.uy\/web\/wp-json\/wp\/v2\/product_tag?post=6423"}],"curies":[{"name":"wp","href":"https:\/\/api.w.org\/{rel}","templated":true}]}}