{"id":6429,"date":"2013-11-22T16:52:10","date_gmt":"2013-11-22T19:52:10","guid":{"rendered":"http:\/\/ajupe.com.uy\/web\/?post_type=product&#038;p=6429"},"modified":"2013-11-22T16:54:19","modified_gmt":"2013-11-22T19:54:19","slug":"dulce-enemiga-mia","status":"publish","type":"product","link":"https:\/\/ajupe.com.uy\/web\/biblioteca\/dulce-enemiga-mia\/","title":{"rendered":"Dulce enemiga mia"},"content":{"rendered":"<p>Desde las calles de los Balcanes hasta Santiago de Chile pasando por  La Mancha, hay hilos capaces de unir el mundo interior de las mujeres: a  veces ser\u00e1n la fuerza de la risa, el valor de la amistad, el amor o el  sexo; otras, los miedos ante un matrimonio vac\u00edo, la hipocres\u00eda, la  soledad o el temor al abandono.<\/p>\n<p>Marcela Serrano vuelve a demostrar su talento para penetrar el alma y  la psicolog\u00eda femeninas con un grupo de veinte relatos protagonizados  por mujeres fr\u00e1giles, poderosas, aventureras o temerosas, amas de casa o  intelectuales, j\u00f3venes o maduras, cuyas voces e historias se graban a  fuego en la memoria.<\/p>\n","protected":false},"excerpt":{"rendered":"<p>\u00abLas mujeres de Marcela Serrano tienen la capacidad de cambiar de piel como las v\u00edboras, liber\u00e1ndose de la servidumbre de tiempos pasados.\u00bb<br \/>\nCarlos Fuentes<\/p>\n","protected":false},"featured_media":6430,"template":"","meta":[],"product_brand":[68],"product_cat":[29],"product_tag":[],"class_list":{"0":"post-6429","1":"product","2":"type-product","3":"status-publish","4":"has-post-thumbnail","6":"product_brand-marcela-serrano","7":"product_cat-novela","9":"first","10":"instock","11":"purchasable","12":"product-type-simple"},"featured_image_urls_v2":{"full":["https:\/\/ajupe.com.uy\/web\/wp-content\/uploads\/2016\/04\/p-6429-Dulce_enemiga_mi_528f8c3bc7cd5.jpg",219,344,false],"thumbnail":["https:\/\/ajupe.com.uy\/web\/wp-content\/uploads\/2016\/04\/p-6429-Dulce_enemiga_mi_528f8c3bc7cd5.jpg",150,150,true],"medium":["https:\/\/ajupe.com.uy\/web\/wp-content\/uploads\/2016\/04\/p-6429-Dulce_enemiga_mi_528f8c3bc7cd5.jpg",300,214,true],"medium_large":["https:\/\/ajupe.com.uy\/web\/wp-content\/uploads\/2016\/04\/p-6429-Dulce_enemiga_mi_528f8c3bc7cd5.jpg",219,344,false],"large":["https:\/\/ajupe.com.uy\/web\/wp-content\/uploads\/2016\/04\/p-6429-Dulce_enemiga_mi_528f8c3bc7cd5.jpg",219,344,false],"1536x1536":["https:\/\/ajupe.com.uy\/web\/wp-content\/uploads\/2016\/04\/p-6429-Dulce_enemiga_mi_528f8c3bc7cd5.jpg",219,344,false],"2048x2048":["https:\/\/ajupe.com.uy\/web\/wp-content\/uploads\/2016\/04\/p-6429-Dulce_enemiga_mi_528f8c3bc7cd5.jpg",219,344,false],"woocommerce_archive_thumbnail":["https:\/\/ajupe.com.uy\/web\/wp-content\/uploads\/2016\/04\/p-6429-Dulce_enemiga_mi_528f8c3bc7cd5-219x300.jpg",219,300,true],"woocommerce_thumbnail":["https:\/\/ajupe.com.uy\/web\/wp-content\/uploads\/2016\/04\/p-6429-Dulce_enemiga_mi_528f8c3bc7cd5-219x300.jpg",219,300,true],"woocommerce_single":["https:\/\/ajupe.com.uy\/web\/wp-content\/uploads\/2016\/04\/p-6429-Dulce_enemiga_mi_528f8c3bc7cd5.jpg",219,344,false],"woocommerce_gallery_thumbnail":["https:\/\/ajupe.com.uy\/web\/wp-content\/uploads\/2016\/04\/p-6429-Dulce_enemiga_mi_528f8c3bc7cd5-100x100.jpg",100,100,true]},"post_excerpt_stackable_v2":"<p>\u00abLas mujeres de Marcela Serrano tienen la capacidad de cambiar de piel como las v\u00edboras, liber\u00e1ndose de la servidumbre de tiempos pasados.\u00bb<br \/>\nCarlos Fuentes<\/p>\n","category_list_v2":"","author_info_v2":{"name":"","url":""},"comments_num_v2":"0 comentarios","_links":{"self":[{"href":"https:\/\/ajupe.com.uy\/web\/wp-json\/wp\/v2\/product\/6429","targetHints":{"allow":["GET"]}}],"collection":[{"href":"https:\/\/ajupe.com.uy\/web\/wp-json\/wp\/v2\/product"}],"about":[{"href":"https:\/\/ajupe.com.uy\/web\/wp-json\/wp\/v2\/types\/product"}],"wp:featuredmedia":[{"embeddable":true,"href":"https:\/\/ajupe.com.uy\/web\/wp-json\/wp\/v2\/media\/6430"}],"wp:attachment":[{"href":"https:\/\/ajupe.com.uy\/web\/wp-json\/wp\/v2\/media?parent=6429"}],"wp:term":[{"taxonomy":"product_brand","embeddable":true,"href":"https:\/\/ajupe.com.uy\/web\/wp-json\/wp\/v2\/product_brand?post=6429"},{"taxonomy":"product_cat","embeddable":true,"href":"https:\/\/ajupe.com.uy\/web\/wp-json\/wp\/v2\/product_cat?post=6429"},{"taxonomy":"product_tag","embeddable":true,"href":"https:\/\/ajupe.com.uy\/web\/wp-json\/wp\/v2\/product_tag?post=6429"}],"curies":[{"name":"wp","href":"https:\/\/api.w.org\/{rel}","templated":true}]}}