{"id":6475,"date":"2014-02-24T19:56:13","date_gmt":"2014-02-24T22:56:13","guid":{"rendered":"http:\/\/ajupe.com.uy\/web\/?post_type=product&#038;p=6475"},"modified":"2014-02-24T19:56:13","modified_gmt":"2014-02-24T22:56:13","slug":"la-princesa-de-hielo","status":"publish","type":"product","link":"https:\/\/ajupe.com.uy\/web\/biblioteca\/la-princesa-de-hielo\/","title":{"rendered":"La princesa de hielo"},"content":{"rendered":"<p>Tras muchos a\u00f1os de ausencia, la joven escritora Erica vuelve a su  pueblo natal, donde ha heredado la casa de sus padres recientemente  fallecidos. Erica decide darse un paseo por las calles donde transcurri\u00f3  los primeros a\u00f1os de su vida, pero tras el aviso de unos vecinos,  descubre que su amiga de la infancia, Alex, acaba de suicidarse.  Conmocionada, inicia una investigaci\u00f3n y descubre que Alex estaba  embarazada. La historia da un nuevo giro cuando la autopsia revela que  su amiga no se suicid\u00f3 sino que fue asesinada. La polic\u00eda detiene al  principal sospechoso, Anders, un artista fracasado que manten\u00eda una  relaci\u00f3n especial con la v\u00edctima.<\/p>\n","protected":false},"excerpt":{"rendered":"<p>Tras muchos a\u00f1os de ausencia, la joven escritora Erica vuelve a su pueblo natal, donde ha heredado la casa de sus padres recientemente fallecidos.<\/p>\n","protected":false},"featured_media":6476,"template":"","meta":[],"product_brand":[1254],"product_cat":[48],"product_tag":[],"class_list":{"0":"post-6475","1":"product","2":"type-product","3":"status-publish","4":"has-post-thumbnail","6":"product_brand-camilla-lackberg","7":"product_cat-thrillers","9":"first","10":"instock","11":"purchasable","12":"product-type-simple"},"featured_image_urls_v2":{"full":["https:\/\/ajupe.com.uy\/web\/wp-content\/uploads\/2016\/04\/p-6475-La_princesa_de_h_530ba3dd7a124.jpg",190,289,false],"thumbnail":["https:\/\/ajupe.com.uy\/web\/wp-content\/uploads\/2016\/04\/p-6475-La_princesa_de_h_530ba3dd7a124.jpg",150,150,true],"medium":["https:\/\/ajupe.com.uy\/web\/wp-content\/uploads\/2016\/04\/p-6475-La_princesa_de_h_530ba3dd7a124.jpg",300,214,true],"medium_large":["https:\/\/ajupe.com.uy\/web\/wp-content\/uploads\/2016\/04\/p-6475-La_princesa_de_h_530ba3dd7a124.jpg",190,289,false],"large":["https:\/\/ajupe.com.uy\/web\/wp-content\/uploads\/2016\/04\/p-6475-La_princesa_de_h_530ba3dd7a124.jpg",190,289,false],"1536x1536":["https:\/\/ajupe.com.uy\/web\/wp-content\/uploads\/2016\/04\/p-6475-La_princesa_de_h_530ba3dd7a124.jpg",190,289,false],"2048x2048":["https:\/\/ajupe.com.uy\/web\/wp-content\/uploads\/2016\/04\/p-6475-La_princesa_de_h_530ba3dd7a124.jpg",190,289,false],"woocommerce_archive_thumbnail":["https:\/\/ajupe.com.uy\/web\/wp-content\/uploads\/2016\/04\/p-6475-La_princesa_de_h_530ba3dd7a124.jpg",190,289,false],"woocommerce_thumbnail":["https:\/\/ajupe.com.uy\/web\/wp-content\/uploads\/2016\/04\/p-6475-La_princesa_de_h_530ba3dd7a124.jpg",190,289,false],"woocommerce_single":["https:\/\/ajupe.com.uy\/web\/wp-content\/uploads\/2016\/04\/p-6475-La_princesa_de_h_530ba3dd7a124.jpg",190,289,false],"woocommerce_gallery_thumbnail":["https:\/\/ajupe.com.uy\/web\/wp-content\/uploads\/2016\/04\/p-6475-La_princesa_de_h_530ba3dd7a124-100x100.jpg",100,100,true]},"post_excerpt_stackable_v2":"<p>Tras muchos a\u00f1os de ausencia, la joven escritora Erica vuelve a su pueblo natal, donde ha heredado la casa de sus padres recientemente fallecidos.<\/p>\n","category_list_v2":"","author_info_v2":{"name":"","url":""},"comments_num_v2":"0 comentarios","_links":{"self":[{"href":"https:\/\/ajupe.com.uy\/web\/wp-json\/wp\/v2\/product\/6475","targetHints":{"allow":["GET"]}}],"collection":[{"href":"https:\/\/ajupe.com.uy\/web\/wp-json\/wp\/v2\/product"}],"about":[{"href":"https:\/\/ajupe.com.uy\/web\/wp-json\/wp\/v2\/types\/product"}],"wp:featuredmedia":[{"embeddable":true,"href":"https:\/\/ajupe.com.uy\/web\/wp-json\/wp\/v2\/media\/6476"}],"wp:attachment":[{"href":"https:\/\/ajupe.com.uy\/web\/wp-json\/wp\/v2\/media?parent=6475"}],"wp:term":[{"taxonomy":"product_brand","embeddable":true,"href":"https:\/\/ajupe.com.uy\/web\/wp-json\/wp\/v2\/product_brand?post=6475"},{"taxonomy":"product_cat","embeddable":true,"href":"https:\/\/ajupe.com.uy\/web\/wp-json\/wp\/v2\/product_cat?post=6475"},{"taxonomy":"product_tag","embeddable":true,"href":"https:\/\/ajupe.com.uy\/web\/wp-json\/wp\/v2\/product_tag?post=6475"}],"curies":[{"name":"wp","href":"https:\/\/api.w.org\/{rel}","templated":true}]}}